{"id":651,"date":"2016-09-02T09:00:12","date_gmt":"2016-09-02T13:00:12","guid":{"rendered":"https:\/\/lexgoshop.com\/produit\/rouleau-metallique-2-roofmax\/"},"modified":"2026-01-13T15:13:21","modified_gmt":"2026-01-13T19:13:21","slug":"rouleau-metallique-arrondi-2-x-2-en-acier","status":"publish","type":"product","link":"https:\/\/lexgoshop.com\/fr\/product\/rouleau-metallique-arrondi-2-x-2-en-acier\/","title":{"rendered":"Rouleau M\u00e9tallique Arrondi 2&#8221; en Acier PRIMEGRIP"},"content":{"rendered":"<p>Rouleau m\u00e9tallique arrondi 2&#8243;<\/p>\n","protected":false},"excerpt":{"rendered":"<p>Rouleau m\u00e9tallique arrondi 2&#8243;<\/p>\n","protected":false},"featured_media":652,"comment_status":"closed","ping_status":"closed","template":"","meta":{"_acf_changed":false},"product_cat":[301],"product_tag":[],"class_list":{"0":"post-651","1":"product","2":"type-product","3":"status-publish","4":"has-post-thumbnail","6":"product_cat-outils-et-accessoires_","7":"product-grid-view","9":"first","10":"instock","11":"taxable","12":"shipping-taxable","13":"purchasable","14":"product-type-simple"},"acf":[],"yoast_head":"<!-- This site is optimized with the Yoast SEO plugin v23.8 - https:\/\/yoast.com\/wordpress\/plugins\/seo\/ -->\n<title>Rouleau M\u00e9tallique Arrondi 2&#039;&#039; en Acier PRIMEGRIP | LexGoShop<\/title>\n<meta name=\"description\" content=\"Outils et accessoires: Rouleau M\u00e9tallique Arrondi 2&#039;&#039; en Acier PRIMEGRIP. Rouleau m\u00e9tallique arrondi 2&quot;\" \/>\n<meta name=\"robots\" content=\"index, follow, max-snippet:-1, max-image-preview:large, max-video-preview:-1\" \/>\n<link rel=\"canonical\" href=\"https:\/\/lexgoshop.com\/fr\/product\/rouleau-metallique-arrondi-2-x-2-en-acier\/\" \/>\n<meta property=\"og:locale\" content=\"fr_FR\" \/>\n<meta property=\"og:type\" content=\"article\" \/>\n<meta property=\"og:title\" content=\"Rouleau M\u00e9tallique Arrondi 2&#039;&#039; en Acier PRIMEGRIP | LexGoShop\" \/>\n<meta property=\"og:description\" content=\"Outils et accessoires: Rouleau M\u00e9tallique Arrondi 2&#039;&#039; en Acier PRIMEGRIP. Rouleau m\u00e9tallique arrondi 2&quot;\" \/>\n<meta property=\"og:url\" content=\"https:\/\/lexgoshop.com\/fr\/product\/rouleau-metallique-arrondi-2-x-2-en-acier\/\" \/>\n<meta property=\"og:site_name\" content=\"LexGoShop\" \/>\n<meta property=\"article:modified_time\" content=\"2026-01-13T19:13:21+00:00\" \/>\n<meta property=\"og:image\" content=\"https:\/\/lexgoshop.com\/wp-content\/uploads\/2016\/09\/R72100.jpg\" \/>\n\t<meta property=\"og:image:width\" content=\"305\" \/>\n\t<meta property=\"og:image:height\" content=\"281\" \/>\n\t<meta property=\"og:image:type\" content=\"image\/jpeg\" \/>\n<meta name=\"twitter:card\" content=\"summary_large_image\" \/>\n<script type=\"application\/ld+json\" class=\"yoast-schema-graph\">{\"@context\":\"https:\/\/schema.org\",\"@graph\":[{\"@type\":\"WebPage\",\"@id\":\"https:\/\/lexgoshop.com\/fr\/product\/rouleau-metallique-arrondi-2-x-2-en-acier\/\",\"url\":\"https:\/\/lexgoshop.com\/fr\/product\/rouleau-metallique-arrondi-2-x-2-en-acier\/\",\"name\":\"Rouleau M\u00e9tallique Arrondi 2'' en Acier PRIMEGRIP | LexGoShop\",\"isPartOf\":{\"@id\":\"https:\/\/lexgoshop.com\/#website\"},\"primaryImageOfPage\":{\"@id\":\"https:\/\/lexgoshop.com\/fr\/product\/rouleau-metallique-arrondi-2-x-2-en-acier\/#primaryimage\"},\"image\":{\"@id\":\"https:\/\/lexgoshop.com\/fr\/product\/rouleau-metallique-arrondi-2-x-2-en-acier\/#primaryimage\"},\"thumbnailUrl\":\"https:\/\/lexgoshop.com\/wp-content\/uploads\/2016\/09\/R72100.jpg\",\"datePublished\":\"2016-09-02T13:00:12+00:00\",\"dateModified\":\"2026-01-13T19:13:21+00:00\",\"description\":\"Outils et accessoires: Rouleau M\u00e9tallique Arrondi 2'' en Acier PRIMEGRIP. Rouleau m\u00e9tallique arrondi 2\\\"\",\"breadcrumb\":{\"@id\":\"https:\/\/lexgoshop.com\/fr\/product\/rouleau-metallique-arrondi-2-x-2-en-acier\/#breadcrumb\"},\"inLanguage\":\"fr-ca\",\"potentialAction\":[{\"@type\":\"ReadAction\",\"target\":[\"https:\/\/lexgoshop.com\/fr\/product\/rouleau-metallique-arrondi-2-x-2-en-acier\/\"]}]},{\"@type\":\"ImageObject\",\"inLanguage\":\"fr-ca\",\"@id\":\"https:\/\/lexgoshop.com\/fr\/product\/rouleau-metallique-arrondi-2-x-2-en-acier\/#primaryimage\",\"url\":\"https:\/\/lexgoshop.com\/wp-content\/uploads\/2016\/09\/R72100.jpg\",\"contentUrl\":\"https:\/\/lexgoshop.com\/wp-content\/uploads\/2016\/09\/R72100.jpg\",\"width\":305,\"height\":281,\"caption\":\"Rouleau m\u00e9tallique arrondi 2\\\" x 2\\\" manche bois\"},{\"@type\":\"BreadcrumbList\",\"@id\":\"https:\/\/lexgoshop.com\/fr\/product\/rouleau-metallique-arrondi-2-x-2-en-acier\/#breadcrumb\",\"itemListElement\":[{\"@type\":\"ListItem\",\"position\":1,\"name\":\"Home\",\"item\":\"https:\/\/lexgoshop.com\/fr\/accueil-2\/\"},{\"@type\":\"ListItem\",\"position\":2,\"name\":\"Boutique\",\"item\":\"https:\/\/lexgoshop.com\/fr\/roofing-materials-and-tools\/\"},{\"@type\":\"ListItem\",\"position\":3,\"name\":\"Rouleau M\u00e9tallique Arrondi 2&#8221; en Acier PRIMEGRIP\"}]},{\"@type\":\"WebSite\",\"@id\":\"https:\/\/lexgoshop.com\/#website\",\"url\":\"https:\/\/lexgoshop.com\/\",\"name\":\"LexGoShop\",\"description\":\"Roofing Materials supplier\",\"publisher\":{\"@id\":\"https:\/\/lexgoshop.com\/#organization\"},\"potentialAction\":[{\"@type\":\"SearchAction\",\"target\":{\"@type\":\"EntryPoint\",\"urlTemplate\":\"https:\/\/lexgoshop.com\/?s={search_term_string}\"},\"query-input\":{\"@type\":\"PropertyValueSpecification\",\"valueRequired\":true,\"valueName\":\"search_term_string\"}}],\"inLanguage\":\"fr-ca\"},{\"@type\":\"Organization\",\"@id\":\"https:\/\/lexgoshop.com\/#organization\",\"name\":\"Lexgoshop\",\"url\":\"https:\/\/lexgoshop.com\/\",\"logo\":{\"@type\":\"ImageObject\",\"inLanguage\":\"fr-ca\",\"@id\":\"https:\/\/lexgoshop.com\/#\/schema\/logo\/image\/\",\"url\":\"https:\/\/lexgoshop.com\/wp-content\/uploads\/2016\/09\/login-logo.png\",\"contentUrl\":\"https:\/\/lexgoshop.com\/wp-content\/uploads\/2016\/09\/login-logo.png\",\"width\":315,\"height\":100,\"caption\":\"Lexgoshop\"},\"image\":{\"@id\":\"https:\/\/lexgoshop.com\/#\/schema\/logo\/image\/\"}}]}<\/script>\n<!-- \/ Yoast SEO plugin. -->","yoast_head_json":{"title":"Rouleau M\u00e9tallique Arrondi 2'' en Acier PRIMEGRIP | LexGoShop","description":"Outils et accessoires: Rouleau M\u00e9tallique Arrondi 2'' en Acier PRIMEGRIP. Rouleau m\u00e9tallique arrondi 2\"","robots":{"index":"index","follow":"follow","max-snippet":"max-snippet:-1","max-image-preview":"max-image-preview:large","max-video-preview":"max-video-preview:-1"},"canonical":"https:\/\/lexgoshop.com\/fr\/product\/rouleau-metallique-arrondi-2-x-2-en-acier\/","og_locale":"fr_FR","og_type":"article","og_title":"Rouleau M\u00e9tallique Arrondi 2'' en Acier PRIMEGRIP | LexGoShop","og_description":"Outils et accessoires: Rouleau M\u00e9tallique Arrondi 2'' en Acier PRIMEGRIP. Rouleau m\u00e9tallique arrondi 2\"","og_url":"https:\/\/lexgoshop.com\/fr\/product\/rouleau-metallique-arrondi-2-x-2-en-acier\/","og_site_name":"LexGoShop","article_modified_time":"2026-01-13T19:13:21+00:00","og_image":[{"width":305,"height":281,"url":"https:\/\/lexgoshop.com\/wp-content\/uploads\/2016\/09\/R72100.jpg","type":"image\/jpeg"}],"twitter_card":"summary_large_image","schema":{"@context":"https:\/\/schema.org","@graph":[{"@type":"WebPage","@id":"https:\/\/lexgoshop.com\/fr\/product\/rouleau-metallique-arrondi-2-x-2-en-acier\/","url":"https:\/\/lexgoshop.com\/fr\/product\/rouleau-metallique-arrondi-2-x-2-en-acier\/","name":"Rouleau M\u00e9tallique Arrondi 2'' en Acier PRIMEGRIP | LexGoShop","isPartOf":{"@id":"https:\/\/lexgoshop.com\/#website"},"primaryImageOfPage":{"@id":"https:\/\/lexgoshop.com\/fr\/product\/rouleau-metallique-arrondi-2-x-2-en-acier\/#primaryimage"},"image":{"@id":"https:\/\/lexgoshop.com\/fr\/product\/rouleau-metallique-arrondi-2-x-2-en-acier\/#primaryimage"},"thumbnailUrl":"https:\/\/lexgoshop.com\/wp-content\/uploads\/2016\/09\/R72100.jpg","datePublished":"2016-09-02T13:00:12+00:00","dateModified":"2026-01-13T19:13:21+00:00","description":"Outils et accessoires: Rouleau M\u00e9tallique Arrondi 2'' en Acier PRIMEGRIP. Rouleau m\u00e9tallique arrondi 2\"","breadcrumb":{"@id":"https:\/\/lexgoshop.com\/fr\/product\/rouleau-metallique-arrondi-2-x-2-en-acier\/#breadcrumb"},"inLanguage":"fr-ca","potentialAction":[{"@type":"ReadAction","target":["https:\/\/lexgoshop.com\/fr\/product\/rouleau-metallique-arrondi-2-x-2-en-acier\/"]}]},{"@type":"ImageObject","inLanguage":"fr-ca","@id":"https:\/\/lexgoshop.com\/fr\/product\/rouleau-metallique-arrondi-2-x-2-en-acier\/#primaryimage","url":"https:\/\/lexgoshop.com\/wp-content\/uploads\/2016\/09\/R72100.jpg","contentUrl":"https:\/\/lexgoshop.com\/wp-content\/uploads\/2016\/09\/R72100.jpg","width":305,"height":281,"caption":"Rouleau m\u00e9tallique arrondi 2\" x 2\" manche bois"},{"@type":"BreadcrumbList","@id":"https:\/\/lexgoshop.com\/fr\/product\/rouleau-metallique-arrondi-2-x-2-en-acier\/#breadcrumb","itemListElement":[{"@type":"ListItem","position":1,"name":"Home","item":"https:\/\/lexgoshop.com\/fr\/accueil-2\/"},{"@type":"ListItem","position":2,"name":"Boutique","item":"https:\/\/lexgoshop.com\/fr\/roofing-materials-and-tools\/"},{"@type":"ListItem","position":3,"name":"Rouleau M\u00e9tallique Arrondi 2&#8221; en Acier PRIMEGRIP"}]},{"@type":"WebSite","@id":"https:\/\/lexgoshop.com\/#website","url":"https:\/\/lexgoshop.com\/","name":"LexGoShop","description":"Roofing Materials supplier","publisher":{"@id":"https:\/\/lexgoshop.com\/#organization"},"potentialAction":[{"@type":"SearchAction","target":{"@type":"EntryPoint","urlTemplate":"https:\/\/lexgoshop.com\/?s={search_term_string}"},"query-input":{"@type":"PropertyValueSpecification","valueRequired":true,"valueName":"search_term_string"}}],"inLanguage":"fr-ca"},{"@type":"Organization","@id":"https:\/\/lexgoshop.com\/#organization","name":"Lexgoshop","url":"https:\/\/lexgoshop.com\/","logo":{"@type":"ImageObject","inLanguage":"fr-ca","@id":"https:\/\/lexgoshop.com\/#\/schema\/logo\/image\/","url":"https:\/\/lexgoshop.com\/wp-content\/uploads\/2016\/09\/login-logo.png","contentUrl":"https:\/\/lexgoshop.com\/wp-content\/uploads\/2016\/09\/login-logo.png","width":315,"height":100,"caption":"Lexgoshop"},"image":{"@id":"https:\/\/lexgoshop.com\/#\/schema\/logo\/image\/"}}]}},"_links":{"self":[{"href":"https:\/\/lexgoshop.com\/fr\/wp-json\/wp\/v2\/product\/651"}],"collection":[{"href":"https:\/\/lexgoshop.com\/fr\/wp-json\/wp\/v2\/product"}],"about":[{"href":"https:\/\/lexgoshop.com\/fr\/wp-json\/wp\/v2\/types\/product"}],"replies":[{"embeddable":true,"href":"https:\/\/lexgoshop.com\/fr\/wp-json\/wp\/v2\/comments?post=651"}],"wp:featuredmedia":[{"embeddable":true,"href":"https:\/\/lexgoshop.com\/fr\/wp-json\/wp\/v2\/media\/652"}],"wp:attachment":[{"href":"https:\/\/lexgoshop.com\/fr\/wp-json\/wp\/v2\/media?parent=651"}],"wp:term":[{"taxonomy":"product_cat","embeddable":true,"href":"https:\/\/lexgoshop.com\/fr\/wp-json\/wp\/v2\/product_cat?post=651"},{"taxonomy":"product_tag","embeddable":true,"href":"https:\/\/lexgoshop.com\/fr\/wp-json\/wp\/v2\/product_tag?post=651"}],"curies":[{"name":"wp","href":"https:\/\/api.w.org\/{rel}","templated":true}]}}