{"id":630,"date":"2016-09-02T09:00:12","date_gmt":"2016-09-02T13:00:12","guid":{"rendered":"https:\/\/lexgoshop.com\/produit\/cage-a-rouleau-de-peinture\/"},"modified":"2025-04-28T10:21:51","modified_gmt":"2025-04-28T14:21:51","slug":"cage-a-rouleau-de-peinture","status":"publish","type":"product","link":"https:\/\/lexgoshop.com\/fr\/product\/cage-a-rouleau-de-peinture\/","title":{"rendered":"Cage \u00e0 rouleau de peinture"},"content":{"rendered":"<p>Fait de plastique de qualit\u00e9 sup\u00e9rieure et permet de tenir les rouleaux<\/p>\n","protected":false},"excerpt":{"rendered":"<p>Fait de plastique de qualit\u00e9 sup\u00e9rieure et permet de tenir les rouleaux<\/p>\n","protected":false},"featured_media":631,"comment_status":"closed","ping_status":"closed","template":"","meta":{"_acf_changed":false},"product_cat":[301],"product_tag":[],"class_list":{"0":"post-630","1":"product","2":"type-product","3":"status-publish","4":"has-post-thumbnail","6":"product_cat-outils-et-accessoires_","7":"product-grid-view","9":"first","10":"instock","11":"taxable","12":"shipping-taxable","13":"purchasable","14":"product-type-simple"},"acf":[],"yoast_head":"<!-- This site is optimized with the Yoast SEO plugin v23.8 - https:\/\/yoast.com\/wordpress\/plugins\/seo\/ -->\n<title>Cage \u00e0 rouleau de peinture | LexGoShop<\/title>\n<meta name=\"description\" content=\"Outils et accessoires: Cage \u00e0 rouleau de peinture. Fait de plastique de qualit\u00e9 sup\u00e9rieure et permet de tenir les rouleaux\" \/>\n<meta name=\"robots\" content=\"index, follow, max-snippet:-1, max-image-preview:large, max-video-preview:-1\" \/>\n<link rel=\"canonical\" href=\"https:\/\/lexgoshop.com\/fr\/product\/cage-a-rouleau-de-peinture\/\" \/>\n<meta property=\"og:locale\" content=\"fr_FR\" \/>\n<meta property=\"og:type\" content=\"article\" \/>\n<meta property=\"og:title\" content=\"Cage \u00e0 rouleau de peinture | LexGoShop\" \/>\n<meta property=\"og:description\" content=\"Outils et accessoires: Cage \u00e0 rouleau de peinture. Fait de plastique de qualit\u00e9 sup\u00e9rieure et permet de tenir les rouleaux\" \/>\n<meta property=\"og:url\" content=\"https:\/\/lexgoshop.com\/fr\/product\/cage-a-rouleau-de-peinture\/\" \/>\n<meta property=\"og:site_name\" content=\"LexGoShop\" \/>\n<meta property=\"article:modified_time\" content=\"2025-04-28T14:21:51+00:00\" \/>\n<meta property=\"og:image\" content=\"https:\/\/lexgoshop.com\/wp-content\/uploads\/2016\/09\/O94020.jpg\" \/>\n\t<meta property=\"og:image:width\" content=\"1058\" \/>\n\t<meta property=\"og:image:height\" content=\"1083\" \/>\n\t<meta property=\"og:image:type\" content=\"image\/jpeg\" \/>\n<meta name=\"twitter:card\" content=\"summary_large_image\" \/>\n<script type=\"application\/ld+json\" class=\"yoast-schema-graph\">{\"@context\":\"https:\/\/schema.org\",\"@graph\":[{\"@type\":\"WebPage\",\"@id\":\"https:\/\/lexgoshop.com\/fr\/product\/cage-a-rouleau-de-peinture\/\",\"url\":\"https:\/\/lexgoshop.com\/fr\/product\/cage-a-rouleau-de-peinture\/\",\"name\":\"Cage \u00e0 rouleau de peinture | LexGoShop\",\"isPartOf\":{\"@id\":\"https:\/\/lexgoshop.com\/#website\"},\"primaryImageOfPage\":{\"@id\":\"https:\/\/lexgoshop.com\/fr\/product\/cage-a-rouleau-de-peinture\/#primaryimage\"},\"image\":{\"@id\":\"https:\/\/lexgoshop.com\/fr\/product\/cage-a-rouleau-de-peinture\/#primaryimage\"},\"thumbnailUrl\":\"https:\/\/lexgoshop.com\/wp-content\/uploads\/2016\/09\/O94020.jpg\",\"datePublished\":\"2016-09-02T13:00:12+00:00\",\"dateModified\":\"2025-04-28T14:21:51+00:00\",\"description\":\"Outils et accessoires: Cage \u00e0 rouleau de peinture. Fait de plastique de qualit\u00e9 sup\u00e9rieure et permet de tenir les rouleaux\",\"breadcrumb\":{\"@id\":\"https:\/\/lexgoshop.com\/fr\/product\/cage-a-rouleau-de-peinture\/#breadcrumb\"},\"inLanguage\":\"fr-ca\",\"potentialAction\":[{\"@type\":\"ReadAction\",\"target\":[\"https:\/\/lexgoshop.com\/fr\/product\/cage-a-rouleau-de-peinture\/\"]}]},{\"@type\":\"ImageObject\",\"inLanguage\":\"fr-ca\",\"@id\":\"https:\/\/lexgoshop.com\/fr\/product\/cage-a-rouleau-de-peinture\/#primaryimage\",\"url\":\"https:\/\/lexgoshop.com\/wp-content\/uploads\/2016\/09\/O94020.jpg\",\"contentUrl\":\"https:\/\/lexgoshop.com\/wp-content\/uploads\/2016\/09\/O94020.jpg\",\"width\":1058,\"height\":1083,\"caption\":\"Cage \u00e0 rouleau de peinture\"},{\"@type\":\"BreadcrumbList\",\"@id\":\"https:\/\/lexgoshop.com\/fr\/product\/cage-a-rouleau-de-peinture\/#breadcrumb\",\"itemListElement\":[{\"@type\":\"ListItem\",\"position\":1,\"name\":\"Home\",\"item\":\"https:\/\/lexgoshop.com\/fr\/accueil-2\/\"},{\"@type\":\"ListItem\",\"position\":2,\"name\":\"Boutique\",\"item\":\"https:\/\/lexgoshop.com\/fr\/roofing-materials-and-tools\/\"},{\"@type\":\"ListItem\",\"position\":3,\"name\":\"Cage \u00e0 rouleau de peinture\"}]},{\"@type\":\"WebSite\",\"@id\":\"https:\/\/lexgoshop.com\/#website\",\"url\":\"https:\/\/lexgoshop.com\/\",\"name\":\"LexGoShop\",\"description\":\"Roofing Materials supplier\",\"publisher\":{\"@id\":\"https:\/\/lexgoshop.com\/#organization\"},\"potentialAction\":[{\"@type\":\"SearchAction\",\"target\":{\"@type\":\"EntryPoint\",\"urlTemplate\":\"https:\/\/lexgoshop.com\/?s={search_term_string}\"},\"query-input\":{\"@type\":\"PropertyValueSpecification\",\"valueRequired\":true,\"valueName\":\"search_term_string\"}}],\"inLanguage\":\"fr-ca\"},{\"@type\":\"Organization\",\"@id\":\"https:\/\/lexgoshop.com\/#organization\",\"name\":\"Lexgoshop\",\"url\":\"https:\/\/lexgoshop.com\/\",\"logo\":{\"@type\":\"ImageObject\",\"inLanguage\":\"fr-ca\",\"@id\":\"https:\/\/lexgoshop.com\/#\/schema\/logo\/image\/\",\"url\":\"https:\/\/lexgoshop.com\/wp-content\/uploads\/2016\/09\/login-logo.png\",\"contentUrl\":\"https:\/\/lexgoshop.com\/wp-content\/uploads\/2016\/09\/login-logo.png\",\"width\":315,\"height\":100,\"caption\":\"Lexgoshop\"},\"image\":{\"@id\":\"https:\/\/lexgoshop.com\/#\/schema\/logo\/image\/\"}}]}<\/script>\n<!-- \/ Yoast SEO plugin. -->","yoast_head_json":{"title":"Cage \u00e0 rouleau de peinture | LexGoShop","description":"Outils et accessoires: Cage \u00e0 rouleau de peinture. Fait de plastique de qualit\u00e9 sup\u00e9rieure et permet de tenir les rouleaux","robots":{"index":"index","follow":"follow","max-snippet":"max-snippet:-1","max-image-preview":"max-image-preview:large","max-video-preview":"max-video-preview:-1"},"canonical":"https:\/\/lexgoshop.com\/fr\/product\/cage-a-rouleau-de-peinture\/","og_locale":"fr_FR","og_type":"article","og_title":"Cage \u00e0 rouleau de peinture | LexGoShop","og_description":"Outils et accessoires: Cage \u00e0 rouleau de peinture. Fait de plastique de qualit\u00e9 sup\u00e9rieure et permet de tenir les rouleaux","og_url":"https:\/\/lexgoshop.com\/fr\/product\/cage-a-rouleau-de-peinture\/","og_site_name":"LexGoShop","article_modified_time":"2025-04-28T14:21:51+00:00","og_image":[{"width":1058,"height":1083,"url":"https:\/\/lexgoshop.com\/wp-content\/uploads\/2016\/09\/O94020.jpg","type":"image\/jpeg"}],"twitter_card":"summary_large_image","schema":{"@context":"https:\/\/schema.org","@graph":[{"@type":"WebPage","@id":"https:\/\/lexgoshop.com\/fr\/product\/cage-a-rouleau-de-peinture\/","url":"https:\/\/lexgoshop.com\/fr\/product\/cage-a-rouleau-de-peinture\/","name":"Cage \u00e0 rouleau de peinture | LexGoShop","isPartOf":{"@id":"https:\/\/lexgoshop.com\/#website"},"primaryImageOfPage":{"@id":"https:\/\/lexgoshop.com\/fr\/product\/cage-a-rouleau-de-peinture\/#primaryimage"},"image":{"@id":"https:\/\/lexgoshop.com\/fr\/product\/cage-a-rouleau-de-peinture\/#primaryimage"},"thumbnailUrl":"https:\/\/lexgoshop.com\/wp-content\/uploads\/2016\/09\/O94020.jpg","datePublished":"2016-09-02T13:00:12+00:00","dateModified":"2025-04-28T14:21:51+00:00","description":"Outils et accessoires: Cage \u00e0 rouleau de peinture. Fait de plastique de qualit\u00e9 sup\u00e9rieure et permet de tenir les rouleaux","breadcrumb":{"@id":"https:\/\/lexgoshop.com\/fr\/product\/cage-a-rouleau-de-peinture\/#breadcrumb"},"inLanguage":"fr-ca","potentialAction":[{"@type":"ReadAction","target":["https:\/\/lexgoshop.com\/fr\/product\/cage-a-rouleau-de-peinture\/"]}]},{"@type":"ImageObject","inLanguage":"fr-ca","@id":"https:\/\/lexgoshop.com\/fr\/product\/cage-a-rouleau-de-peinture\/#primaryimage","url":"https:\/\/lexgoshop.com\/wp-content\/uploads\/2016\/09\/O94020.jpg","contentUrl":"https:\/\/lexgoshop.com\/wp-content\/uploads\/2016\/09\/O94020.jpg","width":1058,"height":1083,"caption":"Cage \u00e0 rouleau de peinture"},{"@type":"BreadcrumbList","@id":"https:\/\/lexgoshop.com\/fr\/product\/cage-a-rouleau-de-peinture\/#breadcrumb","itemListElement":[{"@type":"ListItem","position":1,"name":"Home","item":"https:\/\/lexgoshop.com\/fr\/accueil-2\/"},{"@type":"ListItem","position":2,"name":"Boutique","item":"https:\/\/lexgoshop.com\/fr\/roofing-materials-and-tools\/"},{"@type":"ListItem","position":3,"name":"Cage \u00e0 rouleau de peinture"}]},{"@type":"WebSite","@id":"https:\/\/lexgoshop.com\/#website","url":"https:\/\/lexgoshop.com\/","name":"LexGoShop","description":"Roofing Materials supplier","publisher":{"@id":"https:\/\/lexgoshop.com\/#organization"},"potentialAction":[{"@type":"SearchAction","target":{"@type":"EntryPoint","urlTemplate":"https:\/\/lexgoshop.com\/?s={search_term_string}"},"query-input":{"@type":"PropertyValueSpecification","valueRequired":true,"valueName":"search_term_string"}}],"inLanguage":"fr-ca"},{"@type":"Organization","@id":"https:\/\/lexgoshop.com\/#organization","name":"Lexgoshop","url":"https:\/\/lexgoshop.com\/","logo":{"@type":"ImageObject","inLanguage":"fr-ca","@id":"https:\/\/lexgoshop.com\/#\/schema\/logo\/image\/","url":"https:\/\/lexgoshop.com\/wp-content\/uploads\/2016\/09\/login-logo.png","contentUrl":"https:\/\/lexgoshop.com\/wp-content\/uploads\/2016\/09\/login-logo.png","width":315,"height":100,"caption":"Lexgoshop"},"image":{"@id":"https:\/\/lexgoshop.com\/#\/schema\/logo\/image\/"}}]}},"_links":{"self":[{"href":"https:\/\/lexgoshop.com\/fr\/wp-json\/wp\/v2\/product\/630"}],"collection":[{"href":"https:\/\/lexgoshop.com\/fr\/wp-json\/wp\/v2\/product"}],"about":[{"href":"https:\/\/lexgoshop.com\/fr\/wp-json\/wp\/v2\/types\/product"}],"replies":[{"embeddable":true,"href":"https:\/\/lexgoshop.com\/fr\/wp-json\/wp\/v2\/comments?post=630"}],"wp:featuredmedia":[{"embeddable":true,"href":"https:\/\/lexgoshop.com\/fr\/wp-json\/wp\/v2\/media\/631"}],"wp:attachment":[{"href":"https:\/\/lexgoshop.com\/fr\/wp-json\/wp\/v2\/media?parent=630"}],"wp:term":[{"taxonomy":"product_cat","embeddable":true,"href":"https:\/\/lexgoshop.com\/fr\/wp-json\/wp\/v2\/product_cat?post=630"},{"taxonomy":"product_tag","embeddable":true,"href":"https:\/\/lexgoshop.com\/fr\/wp-json\/wp\/v2\/product_tag?post=630"}],"curies":[{"name":"wp","href":"https:\/\/api.w.org\/{rel}","templated":true}]}}