{"id":5489,"date":"2026-03-10T14:39:58","date_gmt":"2026-03-10T18:39:59","guid":{"rendered":"https:\/\/lexgoshop.com\/?post_type=product&#038;p=5489"},"modified":"2026-03-10T14:54:03","modified_gmt":"2026-03-10T18:54:03","slug":"ruban-lexshield-copy","status":"publish","type":"product","link":"https:\/\/lexgoshop.com\/fr\/product\/ruban-lexshield-copy\/","title":{"rendered":"2009 LEXSHIELD &#8211; Membranes et Rubans Pare-Air \/ Pare-Vapeur"},"content":{"rendered":"<div class=\"post-content woocommerce-product-details__short-description\">\n<p>Membrane pare-air et pare-vapeur \u00ab Peler et Coller \u00bb pour utilisation sur des murs et toits, compos\u00e9e d&#8217;une couche de poly\u00e9thyl\u00e8ne \u00e0 lamination crois\u00e9e et haute densit\u00e9 soutenue avec un adh\u00e9sif collant puissant et une pellicule d\u00e9tachable de silicone (rouleau de 4\u201d, 6\u201d, 9\u201d, 12\u2019\u2019, 18\u2019\u2019 et 36\u201d).<\/p>\n<\/div>\n<div class=\"rp_wcdpd_product_page\"><\/div>\n","protected":false},"excerpt":{"rendered":"<div class=\"post-content woocommerce-product-details__short-description\">\n<p>&nbsp;<\/p>\n<\/div>\n<div class=\"rp_wcdpd_product_page\"><\/div>\n","protected":false},"featured_media":658,"comment_status":"closed","ping_status":"closed","template":"","meta":{"_acf_changed":false},"product_cat":[306],"product_tag":[],"class_list":{"0":"post-5489","1":"product","2":"type-product","3":"status-publish","4":"has-post-thumbnail","6":"product_cat-barrieres-et-sous-couches-dair-et-de-vapeur","7":"product-grid-view","9":"first","10":"instock","11":"featured","12":"taxable","13":"shipping-taxable","14":"purchasable","15":"product-type-variable"},"acf":[],"yoast_head":"<!-- This site is optimized with the Yoast SEO plugin v23.8 - https:\/\/yoast.com\/wordpress\/plugins\/seo\/ -->\n<title>2009 LEXSHIELD - Membranes et Rubans Pare-Air \/ Pare-Vapeur | LexGoShop<\/title>\n<meta name=\"description\" content=\"Barri\u00e8res et sous-couches d&#039;air et de vapeur: 2009 LEXSHIELD - Membranes et Rubans Pare-Air \/ Pare-Vapeur. &nbsp;\" \/>\n<meta name=\"robots\" content=\"index, follow, max-snippet:-1, max-image-preview:large, max-video-preview:-1\" \/>\n<link rel=\"canonical\" href=\"https:\/\/lexgoshop.com\/fr\/product\/ruban-lexshield-copy\/\" \/>\n<meta property=\"og:locale\" content=\"fr_FR\" \/>\n<meta property=\"og:type\" content=\"article\" \/>\n<meta property=\"og:title\" content=\"2009 LEXSHIELD - Membranes et Rubans Pare-Air \/ Pare-Vapeur | LexGoShop\" \/>\n<meta property=\"og:description\" content=\"Barri\u00e8res et sous-couches d&#039;air et de vapeur: 2009 LEXSHIELD - Membranes et Rubans Pare-Air \/ Pare-Vapeur. &nbsp;\" \/>\n<meta property=\"og:url\" content=\"https:\/\/lexgoshop.com\/fr\/product\/ruban-lexshield-copy\/\" \/>\n<meta property=\"og:site_name\" content=\"LexGoShop\" \/>\n<meta property=\"article:modified_time\" content=\"2026-03-10T18:54:03+00:00\" \/>\n<meta property=\"og:image\" content=\"https:\/\/lexgoshop.com\/wp-content\/uploads\/2016\/09\/LR14100.jpg\" \/>\n\t<meta property=\"og:image:width\" content=\"305\" \/>\n\t<meta property=\"og:image:height\" content=\"281\" \/>\n\t<meta property=\"og:image:type\" content=\"image\/jpeg\" \/>\n<meta name=\"twitter:card\" content=\"summary_large_image\" \/>\n<script type=\"application\/ld+json\" class=\"yoast-schema-graph\">{\"@context\":\"https:\/\/schema.org\",\"@graph\":[{\"@type\":\"WebPage\",\"@id\":\"https:\/\/lexgoshop.com\/fr\/product\/ruban-lexshield-copy\/\",\"url\":\"https:\/\/lexgoshop.com\/fr\/product\/ruban-lexshield-copy\/\",\"name\":\"2009 LEXSHIELD - Membranes et Rubans Pare-Air \/ Pare-Vapeur | LexGoShop\",\"isPartOf\":{\"@id\":\"https:\/\/lexgoshop.com\/#website\"},\"primaryImageOfPage\":{\"@id\":\"https:\/\/lexgoshop.com\/fr\/product\/ruban-lexshield-copy\/#primaryimage\"},\"image\":{\"@id\":\"https:\/\/lexgoshop.com\/fr\/product\/ruban-lexshield-copy\/#primaryimage\"},\"thumbnailUrl\":\"https:\/\/lexgoshop.com\/wp-content\/uploads\/2016\/09\/LR14100.jpg\",\"datePublished\":\"2026-03-10T18:39:59+00:00\",\"dateModified\":\"2026-03-10T18:54:03+00:00\",\"description\":\"Barri\u00e8res et sous-couches d'air et de vapeur: 2009 LEXSHIELD - Membranes et Rubans Pare-Air \/ Pare-Vapeur. &nbsp;\",\"breadcrumb\":{\"@id\":\"https:\/\/lexgoshop.com\/fr\/product\/ruban-lexshield-copy\/#breadcrumb\"},\"inLanguage\":\"fr-ca\",\"potentialAction\":[{\"@type\":\"ReadAction\",\"target\":[\"https:\/\/lexgoshop.com\/fr\/product\/ruban-lexshield-copy\/\"]}]},{\"@type\":\"ImageObject\",\"inLanguage\":\"fr-ca\",\"@id\":\"https:\/\/lexgoshop.com\/fr\/product\/ruban-lexshield-copy\/#primaryimage\",\"url\":\"https:\/\/lexgoshop.com\/wp-content\/uploads\/2016\/09\/LR14100.jpg\",\"contentUrl\":\"https:\/\/lexgoshop.com\/wp-content\/uploads\/2016\/09\/LR14100.jpg\",\"width\":305,\"height\":281,\"caption\":\"Ruban Lexshield 4\\\"\"},{\"@type\":\"BreadcrumbList\",\"@id\":\"https:\/\/lexgoshop.com\/fr\/product\/ruban-lexshield-copy\/#breadcrumb\",\"itemListElement\":[{\"@type\":\"ListItem\",\"position\":1,\"name\":\"Home\",\"item\":\"https:\/\/lexgoshop.com\/fr\/accueil-2\/\"},{\"@type\":\"ListItem\",\"position\":2,\"name\":\"Boutique\",\"item\":\"https:\/\/lexgoshop.com\/fr\/roofing-materials-and-tools\/\"},{\"@type\":\"ListItem\",\"position\":3,\"name\":\"2009 LEXSHIELD &#8211; Membranes et Rubans Pare-Air \/ Pare-Vapeur\"}]},{\"@type\":\"WebSite\",\"@id\":\"https:\/\/lexgoshop.com\/#website\",\"url\":\"https:\/\/lexgoshop.com\/\",\"name\":\"LexGoShop\",\"description\":\"Roofing Materials supplier\",\"publisher\":{\"@id\":\"https:\/\/lexgoshop.com\/#organization\"},\"potentialAction\":[{\"@type\":\"SearchAction\",\"target\":{\"@type\":\"EntryPoint\",\"urlTemplate\":\"https:\/\/lexgoshop.com\/?s={search_term_string}\"},\"query-input\":{\"@type\":\"PropertyValueSpecification\",\"valueRequired\":true,\"valueName\":\"search_term_string\"}}],\"inLanguage\":\"fr-ca\"},{\"@type\":\"Organization\",\"@id\":\"https:\/\/lexgoshop.com\/#organization\",\"name\":\"Lexgoshop\",\"url\":\"https:\/\/lexgoshop.com\/\",\"logo\":{\"@type\":\"ImageObject\",\"inLanguage\":\"fr-ca\",\"@id\":\"https:\/\/lexgoshop.com\/#\/schema\/logo\/image\/\",\"url\":\"https:\/\/lexgoshop.com\/wp-content\/uploads\/2016\/09\/login-logo.png\",\"contentUrl\":\"https:\/\/lexgoshop.com\/wp-content\/uploads\/2016\/09\/login-logo.png\",\"width\":315,\"height\":100,\"caption\":\"Lexgoshop\"},\"image\":{\"@id\":\"https:\/\/lexgoshop.com\/#\/schema\/logo\/image\/\"}}]}<\/script>\n<!-- \/ Yoast SEO plugin. -->","yoast_head_json":{"title":"2009 LEXSHIELD - Membranes et Rubans Pare-Air \/ Pare-Vapeur | LexGoShop","description":"Barri\u00e8res et sous-couches d'air et de vapeur: 2009 LEXSHIELD - Membranes et Rubans Pare-Air \/ Pare-Vapeur. &nbsp;","robots":{"index":"index","follow":"follow","max-snippet":"max-snippet:-1","max-image-preview":"max-image-preview:large","max-video-preview":"max-video-preview:-1"},"canonical":"https:\/\/lexgoshop.com\/fr\/product\/ruban-lexshield-copy\/","og_locale":"fr_FR","og_type":"article","og_title":"2009 LEXSHIELD - Membranes et Rubans Pare-Air \/ Pare-Vapeur | LexGoShop","og_description":"Barri\u00e8res et sous-couches d'air et de vapeur: 2009 LEXSHIELD - Membranes et Rubans Pare-Air \/ Pare-Vapeur. &nbsp;","og_url":"https:\/\/lexgoshop.com\/fr\/product\/ruban-lexshield-copy\/","og_site_name":"LexGoShop","article_modified_time":"2026-03-10T18:54:03+00:00","og_image":[{"width":305,"height":281,"url":"https:\/\/lexgoshop.com\/wp-content\/uploads\/2016\/09\/LR14100.jpg","type":"image\/jpeg"}],"twitter_card":"summary_large_image","schema":{"@context":"https:\/\/schema.org","@graph":[{"@type":"WebPage","@id":"https:\/\/lexgoshop.com\/fr\/product\/ruban-lexshield-copy\/","url":"https:\/\/lexgoshop.com\/fr\/product\/ruban-lexshield-copy\/","name":"2009 LEXSHIELD - Membranes et Rubans Pare-Air \/ Pare-Vapeur | LexGoShop","isPartOf":{"@id":"https:\/\/lexgoshop.com\/#website"},"primaryImageOfPage":{"@id":"https:\/\/lexgoshop.com\/fr\/product\/ruban-lexshield-copy\/#primaryimage"},"image":{"@id":"https:\/\/lexgoshop.com\/fr\/product\/ruban-lexshield-copy\/#primaryimage"},"thumbnailUrl":"https:\/\/lexgoshop.com\/wp-content\/uploads\/2016\/09\/LR14100.jpg","datePublished":"2026-03-10T18:39:59+00:00","dateModified":"2026-03-10T18:54:03+00:00","description":"Barri\u00e8res et sous-couches d'air et de vapeur: 2009 LEXSHIELD - Membranes et Rubans Pare-Air \/ Pare-Vapeur. &nbsp;","breadcrumb":{"@id":"https:\/\/lexgoshop.com\/fr\/product\/ruban-lexshield-copy\/#breadcrumb"},"inLanguage":"fr-ca","potentialAction":[{"@type":"ReadAction","target":["https:\/\/lexgoshop.com\/fr\/product\/ruban-lexshield-copy\/"]}]},{"@type":"ImageObject","inLanguage":"fr-ca","@id":"https:\/\/lexgoshop.com\/fr\/product\/ruban-lexshield-copy\/#primaryimage","url":"https:\/\/lexgoshop.com\/wp-content\/uploads\/2016\/09\/LR14100.jpg","contentUrl":"https:\/\/lexgoshop.com\/wp-content\/uploads\/2016\/09\/LR14100.jpg","width":305,"height":281,"caption":"Ruban Lexshield 4\""},{"@type":"BreadcrumbList","@id":"https:\/\/lexgoshop.com\/fr\/product\/ruban-lexshield-copy\/#breadcrumb","itemListElement":[{"@type":"ListItem","position":1,"name":"Home","item":"https:\/\/lexgoshop.com\/fr\/accueil-2\/"},{"@type":"ListItem","position":2,"name":"Boutique","item":"https:\/\/lexgoshop.com\/fr\/roofing-materials-and-tools\/"},{"@type":"ListItem","position":3,"name":"2009 LEXSHIELD &#8211; Membranes et Rubans Pare-Air \/ Pare-Vapeur"}]},{"@type":"WebSite","@id":"https:\/\/lexgoshop.com\/#website","url":"https:\/\/lexgoshop.com\/","name":"LexGoShop","description":"Roofing Materials supplier","publisher":{"@id":"https:\/\/lexgoshop.com\/#organization"},"potentialAction":[{"@type":"SearchAction","target":{"@type":"EntryPoint","urlTemplate":"https:\/\/lexgoshop.com\/?s={search_term_string}"},"query-input":{"@type":"PropertyValueSpecification","valueRequired":true,"valueName":"search_term_string"}}],"inLanguage":"fr-ca"},{"@type":"Organization","@id":"https:\/\/lexgoshop.com\/#organization","name":"Lexgoshop","url":"https:\/\/lexgoshop.com\/","logo":{"@type":"ImageObject","inLanguage":"fr-ca","@id":"https:\/\/lexgoshop.com\/#\/schema\/logo\/image\/","url":"https:\/\/lexgoshop.com\/wp-content\/uploads\/2016\/09\/login-logo.png","contentUrl":"https:\/\/lexgoshop.com\/wp-content\/uploads\/2016\/09\/login-logo.png","width":315,"height":100,"caption":"Lexgoshop"},"image":{"@id":"https:\/\/lexgoshop.com\/#\/schema\/logo\/image\/"}}]}},"_links":{"self":[{"href":"https:\/\/lexgoshop.com\/fr\/wp-json\/wp\/v2\/product\/5489"}],"collection":[{"href":"https:\/\/lexgoshop.com\/fr\/wp-json\/wp\/v2\/product"}],"about":[{"href":"https:\/\/lexgoshop.com\/fr\/wp-json\/wp\/v2\/types\/product"}],"replies":[{"embeddable":true,"href":"https:\/\/lexgoshop.com\/fr\/wp-json\/wp\/v2\/comments?post=5489"}],"wp:featuredmedia":[{"embeddable":true,"href":"https:\/\/lexgoshop.com\/fr\/wp-json\/wp\/v2\/media\/658"}],"wp:attachment":[{"href":"https:\/\/lexgoshop.com\/fr\/wp-json\/wp\/v2\/media?parent=5489"}],"wp:term":[{"taxonomy":"product_cat","embeddable":true,"href":"https:\/\/lexgoshop.com\/fr\/wp-json\/wp\/v2\/product_cat?post=5489"},{"taxonomy":"product_tag","embeddable":true,"href":"https:\/\/lexgoshop.com\/fr\/wp-json\/wp\/v2\/product_tag?post=5489"}],"curies":[{"name":"wp","href":"https:\/\/api.w.org\/{rel}","templated":true}]}}