{"id":5423,"date":"2026-01-08T17:02:52","date_gmt":"2026-01-08T21:02:52","guid":{"rendered":"https:\/\/lexgoshop.com\/?post_type=product&#038;p=5423"},"modified":"2026-01-14T10:04:01","modified_gmt":"2026-01-14T14:04:01","slug":"tes-pas-game","status":"publish","type":"product","link":"https:\/\/lexgoshop.com\/fr\/product\/tes-pas-game\/","title":{"rendered":"T\u2019es pas game (\u00c9quipe 4-6 joueurs)"},"content":{"rendered":"","protected":false},"excerpt":{"rendered":"<p>Transformez-vous en candidats pr\u00eats \u00e0 relever tous les d\u00e9fis pour devenir de vrais champions! Participez \u00e0 des jeux questionnaires inspir\u00e9s des quiz t\u00e9l\u00e9 les plus populaires.<br \/>\n\u00c0 chaque d\u00e9fi, vous accumulerez des points en testant vos comp\u00e9tences et en approfondissant vos connaissances de nos produits.<\/p>\n<p>PR\u00caTS? \u00c0 VOS BUZZERS!<\/p>\n<p><strong>Jouez pour gager, gagnez pour donner!<\/strong><\/p>\n<p>Jouez en \u00e9quipe ( 4 \u00e0 6 personnes) pour une cause qui vous tient \u00e0 c\u0153ur. Les profits seront vers\u00e9s \u00e0 la cause choisir par l\u2019\u00e9quipe finale gagnante.<\/p>\n<p><em>Si vous \u00eates un joueur seul, veuillez plut\u00f4t s\u00e9lectionner <a href=\"https:\/\/lexgoshop.com\/fr\/product\/tes-pas-game-individuel\/\">l&#8217;inscription individuelle.<\/a><\/em><\/p>\n","protected":false},"featured_media":5425,"comment_status":"closed","ping_status":"closed","template":"","meta":{"_acf_changed":false},"product_cat":[441],"product_tag":[],"class_list":{"0":"post-5423","1":"product","2":"type-product","3":"status-publish","4":"has-post-thumbnail","6":"product_cat-uncategorized-fr","7":"product-grid-view","9":"first","10":"instock","11":"virtual","12":"taxable","13":"purchasable","14":"product-type-simple"},"acf":[],"yoast_head":"<!-- This site is optimized with the Yoast SEO plugin v23.8 - https:\/\/yoast.com\/wordpress\/plugins\/seo\/ -->\n<title>T\u2019es pas game (\u00c9quipe 4-6 joueurs) | LexGoShop<\/title>\n<meta name=\"description\" content=\"Uncategorized: T\u2019es pas game (\u00c9quipe 4-6 joueurs). Transformez-vous en candidats pr\u00eats \u00e0 relever tous les d\u00e9fis pour devenir de vrais champions! Participez \u00e0 des jeux questionnaires inspir\u00e9s des quiz t\u00e9l\u00e9 les plus populaires. \u00c0 chaque d\u00e9fi, vous accumulerez des points en testant vos comp\u00e9tences et en approfondissant vos connaissances de nos produits.  PR\u00caTS? \u00c0 VOS BUZZERS!  Jouez pour gager, gagnez pour donner!  Jouez en \u00e9quipe ( 4 \u00e0 6 personnes) pour une cause qui vous tient \u00e0 c\u0153ur. Les profits seront vers\u00e9s \u00e0 la cause choisir par l\u2019\u00e9quipe finale gagnante.  Si vous \u00eates un joueur seul, veuillez plut\u00f4t s\u00e9lectionner l&#039;inscription individuelle.\" \/>\n<meta name=\"robots\" content=\"index, follow, max-snippet:-1, max-image-preview:large, max-video-preview:-1\" \/>\n<link rel=\"canonical\" href=\"https:\/\/lexgoshop.com\/fr\/product\/tes-pas-game\/\" \/>\n<meta property=\"og:locale\" content=\"fr_FR\" \/>\n<meta property=\"og:type\" content=\"article\" \/>\n<meta property=\"og:title\" content=\"T\u2019es pas game (\u00c9quipe 4-6 joueurs) | LexGoShop\" \/>\n<meta property=\"og:description\" content=\"Uncategorized: T\u2019es pas game (\u00c9quipe 4-6 joueurs). Transformez-vous en candidats pr\u00eats \u00e0 relever tous les d\u00e9fis pour devenir de vrais champions! Participez \u00e0 des jeux questionnaires inspir\u00e9s des quiz t\u00e9l\u00e9 les plus populaires. \u00c0 chaque d\u00e9fi, vous accumulerez des points en testant vos comp\u00e9tences et en approfondissant vos connaissances de nos produits.  PR\u00caTS? \u00c0 VOS BUZZERS!  Jouez pour gager, gagnez pour donner!  Jouez en \u00e9quipe ( 4 \u00e0 6 personnes) pour une cause qui vous tient \u00e0 c\u0153ur. Les profits seront vers\u00e9s \u00e0 la cause choisir par l\u2019\u00e9quipe finale gagnante.  Si vous \u00eates un joueur seul, veuillez plut\u00f4t s\u00e9lectionner l&#039;inscription individuelle.\" \/>\n<meta property=\"og:url\" content=\"https:\/\/lexgoshop.com\/fr\/product\/tes-pas-game\/\" \/>\n<meta property=\"og:site_name\" content=\"LexGoShop\" \/>\n<meta property=\"article:modified_time\" content=\"2026-01-14T14:04:01+00:00\" \/>\n<meta property=\"og:image\" content=\"https:\/\/lexgoshop.com\/wp-content\/uploads\/2026\/01\/tes-pas-game-logo.jpg\" \/>\n\t<meta property=\"og:image:width\" content=\"900\" \/>\n\t<meta property=\"og:image:height\" content=\"900\" \/>\n\t<meta property=\"og:image:type\" content=\"image\/jpeg\" \/>\n<meta name=\"twitter:card\" content=\"summary_large_image\" \/>\n<script type=\"application\/ld+json\" class=\"yoast-schema-graph\">{\"@context\":\"https:\/\/schema.org\",\"@graph\":[{\"@type\":\"WebPage\",\"@id\":\"https:\/\/lexgoshop.com\/fr\/product\/tes-pas-game\/\",\"url\":\"https:\/\/lexgoshop.com\/fr\/product\/tes-pas-game\/\",\"name\":\"T\u2019es pas game (\u00c9quipe 4-6 joueurs) | LexGoShop\",\"isPartOf\":{\"@id\":\"https:\/\/lexgoshop.com\/#website\"},\"primaryImageOfPage\":{\"@id\":\"https:\/\/lexgoshop.com\/fr\/product\/tes-pas-game\/#primaryimage\"},\"image\":{\"@id\":\"https:\/\/lexgoshop.com\/fr\/product\/tes-pas-game\/#primaryimage\"},\"thumbnailUrl\":\"https:\/\/lexgoshop.com\/wp-content\/uploads\/2026\/01\/tes-pas-game-logo.jpg\",\"datePublished\":\"2026-01-08T21:02:52+00:00\",\"dateModified\":\"2026-01-14T14:04:01+00:00\",\"description\":\"Uncategorized: T\u2019es pas game (\u00c9quipe 4-6 joueurs). Transformez-vous en candidats pr\u00eats \u00e0 relever tous les d\u00e9fis pour devenir de vrais champions! Participez \u00e0 des jeux questionnaires inspir\u00e9s des quiz t\u00e9l\u00e9 les plus populaires. \u00c0 chaque d\u00e9fi, vous accumulerez des points en testant vos comp\u00e9tences et en approfondissant vos connaissances de nos produits. PR\u00caTS? \u00c0 VOS BUZZERS! Jouez pour gager, gagnez pour donner! Jouez en \u00e9quipe ( 4 \u00e0 6 personnes) pour une cause qui vous tient \u00e0 c\u0153ur. Les profits seront vers\u00e9s \u00e0 la cause choisir par l\u2019\u00e9quipe finale gagnante. Si vous \u00eates un joueur seul, veuillez plut\u00f4t s\u00e9lectionner l'inscription individuelle.\",\"breadcrumb\":{\"@id\":\"https:\/\/lexgoshop.com\/fr\/product\/tes-pas-game\/#breadcrumb\"},\"inLanguage\":\"fr-ca\",\"potentialAction\":[{\"@type\":\"ReadAction\",\"target\":[\"https:\/\/lexgoshop.com\/fr\/product\/tes-pas-game\/\"]}]},{\"@type\":\"ImageObject\",\"inLanguage\":\"fr-ca\",\"@id\":\"https:\/\/lexgoshop.com\/fr\/product\/tes-pas-game\/#primaryimage\",\"url\":\"https:\/\/lexgoshop.com\/wp-content\/uploads\/2026\/01\/tes-pas-game-logo.jpg\",\"contentUrl\":\"https:\/\/lexgoshop.com\/wp-content\/uploads\/2026\/01\/tes-pas-game-logo.jpg\",\"width\":900,\"height\":900},{\"@type\":\"BreadcrumbList\",\"@id\":\"https:\/\/lexgoshop.com\/fr\/product\/tes-pas-game\/#breadcrumb\",\"itemListElement\":[{\"@type\":\"ListItem\",\"position\":1,\"name\":\"Home\",\"item\":\"https:\/\/lexgoshop.com\/fr\/accueil-2\/\"},{\"@type\":\"ListItem\",\"position\":2,\"name\":\"Boutique\",\"item\":\"https:\/\/lexgoshop.com\/fr\/roofing-materials-and-tools\/\"},{\"@type\":\"ListItem\",\"position\":3,\"name\":\"T\u2019es pas game (\u00c9quipe 4-6 joueurs)\"}]},{\"@type\":\"WebSite\",\"@id\":\"https:\/\/lexgoshop.com\/#website\",\"url\":\"https:\/\/lexgoshop.com\/\",\"name\":\"LexGoShop\",\"description\":\"Roofing Materials supplier\",\"publisher\":{\"@id\":\"https:\/\/lexgoshop.com\/#organization\"},\"potentialAction\":[{\"@type\":\"SearchAction\",\"target\":{\"@type\":\"EntryPoint\",\"urlTemplate\":\"https:\/\/lexgoshop.com\/?s={search_term_string}\"},\"query-input\":{\"@type\":\"PropertyValueSpecification\",\"valueRequired\":true,\"valueName\":\"search_term_string\"}}],\"inLanguage\":\"fr-ca\"},{\"@type\":\"Organization\",\"@id\":\"https:\/\/lexgoshop.com\/#organization\",\"name\":\"Lexgoshop\",\"url\":\"https:\/\/lexgoshop.com\/\",\"logo\":{\"@type\":\"ImageObject\",\"inLanguage\":\"fr-ca\",\"@id\":\"https:\/\/lexgoshop.com\/#\/schema\/logo\/image\/\",\"url\":\"https:\/\/lexgoshop.com\/wp-content\/uploads\/2016\/09\/login-logo.png\",\"contentUrl\":\"https:\/\/lexgoshop.com\/wp-content\/uploads\/2016\/09\/login-logo.png\",\"width\":315,\"height\":100,\"caption\":\"Lexgoshop\"},\"image\":{\"@id\":\"https:\/\/lexgoshop.com\/#\/schema\/logo\/image\/\"}}]}<\/script>\n<!-- \/ Yoast SEO plugin. -->","yoast_head_json":{"title":"T\u2019es pas game (\u00c9quipe 4-6 joueurs) | LexGoShop","description":"Uncategorized: T\u2019es pas game (\u00c9quipe 4-6 joueurs). Transformez-vous en candidats pr\u00eats \u00e0 relever tous les d\u00e9fis pour devenir de vrais champions! Participez \u00e0 des jeux questionnaires inspir\u00e9s des quiz t\u00e9l\u00e9 les plus populaires. \u00c0 chaque d\u00e9fi, vous accumulerez des points en testant vos comp\u00e9tences et en approfondissant vos connaissances de nos produits.  PR\u00caTS? \u00c0 VOS BUZZERS!  Jouez pour gager, gagnez pour donner!  Jouez en \u00e9quipe ( 4 \u00e0 6 personnes) pour une cause qui vous tient \u00e0 c\u0153ur. Les profits seront vers\u00e9s \u00e0 la cause choisir par l\u2019\u00e9quipe finale gagnante.  Si vous \u00eates un joueur seul, veuillez plut\u00f4t s\u00e9lectionner l'inscription individuelle.","robots":{"index":"index","follow":"follow","max-snippet":"max-snippet:-1","max-image-preview":"max-image-preview:large","max-video-preview":"max-video-preview:-1"},"canonical":"https:\/\/lexgoshop.com\/fr\/product\/tes-pas-game\/","og_locale":"fr_FR","og_type":"article","og_title":"T\u2019es pas game (\u00c9quipe 4-6 joueurs) | LexGoShop","og_description":"Uncategorized: T\u2019es pas game (\u00c9quipe 4-6 joueurs). Transformez-vous en candidats pr\u00eats \u00e0 relever tous les d\u00e9fis pour devenir de vrais champions! Participez \u00e0 des jeux questionnaires inspir\u00e9s des quiz t\u00e9l\u00e9 les plus populaires. \u00c0 chaque d\u00e9fi, vous accumulerez des points en testant vos comp\u00e9tences et en approfondissant vos connaissances de nos produits.  PR\u00caTS? \u00c0 VOS BUZZERS!  Jouez pour gager, gagnez pour donner!  Jouez en \u00e9quipe ( 4 \u00e0 6 personnes) pour une cause qui vous tient \u00e0 c\u0153ur. Les profits seront vers\u00e9s \u00e0 la cause choisir par l\u2019\u00e9quipe finale gagnante.  Si vous \u00eates un joueur seul, veuillez plut\u00f4t s\u00e9lectionner l'inscription individuelle.","og_url":"https:\/\/lexgoshop.com\/fr\/product\/tes-pas-game\/","og_site_name":"LexGoShop","article_modified_time":"2026-01-14T14:04:01+00:00","og_image":[{"width":900,"height":900,"url":"https:\/\/lexgoshop.com\/wp-content\/uploads\/2026\/01\/tes-pas-game-logo.jpg","type":"image\/jpeg"}],"twitter_card":"summary_large_image","schema":{"@context":"https:\/\/schema.org","@graph":[{"@type":"WebPage","@id":"https:\/\/lexgoshop.com\/fr\/product\/tes-pas-game\/","url":"https:\/\/lexgoshop.com\/fr\/product\/tes-pas-game\/","name":"T\u2019es pas game (\u00c9quipe 4-6 joueurs) | LexGoShop","isPartOf":{"@id":"https:\/\/lexgoshop.com\/#website"},"primaryImageOfPage":{"@id":"https:\/\/lexgoshop.com\/fr\/product\/tes-pas-game\/#primaryimage"},"image":{"@id":"https:\/\/lexgoshop.com\/fr\/product\/tes-pas-game\/#primaryimage"},"thumbnailUrl":"https:\/\/lexgoshop.com\/wp-content\/uploads\/2026\/01\/tes-pas-game-logo.jpg","datePublished":"2026-01-08T21:02:52+00:00","dateModified":"2026-01-14T14:04:01+00:00","description":"Uncategorized: T\u2019es pas game (\u00c9quipe 4-6 joueurs). Transformez-vous en candidats pr\u00eats \u00e0 relever tous les d\u00e9fis pour devenir de vrais champions! Participez \u00e0 des jeux questionnaires inspir\u00e9s des quiz t\u00e9l\u00e9 les plus populaires. \u00c0 chaque d\u00e9fi, vous accumulerez des points en testant vos comp\u00e9tences et en approfondissant vos connaissances de nos produits. PR\u00caTS? \u00c0 VOS BUZZERS! Jouez pour gager, gagnez pour donner! Jouez en \u00e9quipe ( 4 \u00e0 6 personnes) pour une cause qui vous tient \u00e0 c\u0153ur. Les profits seront vers\u00e9s \u00e0 la cause choisir par l\u2019\u00e9quipe finale gagnante. Si vous \u00eates un joueur seul, veuillez plut\u00f4t s\u00e9lectionner l'inscription individuelle.","breadcrumb":{"@id":"https:\/\/lexgoshop.com\/fr\/product\/tes-pas-game\/#breadcrumb"},"inLanguage":"fr-ca","potentialAction":[{"@type":"ReadAction","target":["https:\/\/lexgoshop.com\/fr\/product\/tes-pas-game\/"]}]},{"@type":"ImageObject","inLanguage":"fr-ca","@id":"https:\/\/lexgoshop.com\/fr\/product\/tes-pas-game\/#primaryimage","url":"https:\/\/lexgoshop.com\/wp-content\/uploads\/2026\/01\/tes-pas-game-logo.jpg","contentUrl":"https:\/\/lexgoshop.com\/wp-content\/uploads\/2026\/01\/tes-pas-game-logo.jpg","width":900,"height":900},{"@type":"BreadcrumbList","@id":"https:\/\/lexgoshop.com\/fr\/product\/tes-pas-game\/#breadcrumb","itemListElement":[{"@type":"ListItem","position":1,"name":"Home","item":"https:\/\/lexgoshop.com\/fr\/accueil-2\/"},{"@type":"ListItem","position":2,"name":"Boutique","item":"https:\/\/lexgoshop.com\/fr\/roofing-materials-and-tools\/"},{"@type":"ListItem","position":3,"name":"T\u2019es pas game (\u00c9quipe 4-6 joueurs)"}]},{"@type":"WebSite","@id":"https:\/\/lexgoshop.com\/#website","url":"https:\/\/lexgoshop.com\/","name":"LexGoShop","description":"Roofing Materials supplier","publisher":{"@id":"https:\/\/lexgoshop.com\/#organization"},"potentialAction":[{"@type":"SearchAction","target":{"@type":"EntryPoint","urlTemplate":"https:\/\/lexgoshop.com\/?s={search_term_string}"},"query-input":{"@type":"PropertyValueSpecification","valueRequired":true,"valueName":"search_term_string"}}],"inLanguage":"fr-ca"},{"@type":"Organization","@id":"https:\/\/lexgoshop.com\/#organization","name":"Lexgoshop","url":"https:\/\/lexgoshop.com\/","logo":{"@type":"ImageObject","inLanguage":"fr-ca","@id":"https:\/\/lexgoshop.com\/#\/schema\/logo\/image\/","url":"https:\/\/lexgoshop.com\/wp-content\/uploads\/2016\/09\/login-logo.png","contentUrl":"https:\/\/lexgoshop.com\/wp-content\/uploads\/2016\/09\/login-logo.png","width":315,"height":100,"caption":"Lexgoshop"},"image":{"@id":"https:\/\/lexgoshop.com\/#\/schema\/logo\/image\/"}}]}},"_links":{"self":[{"href":"https:\/\/lexgoshop.com\/fr\/wp-json\/wp\/v2\/product\/5423"}],"collection":[{"href":"https:\/\/lexgoshop.com\/fr\/wp-json\/wp\/v2\/product"}],"about":[{"href":"https:\/\/lexgoshop.com\/fr\/wp-json\/wp\/v2\/types\/product"}],"replies":[{"embeddable":true,"href":"https:\/\/lexgoshop.com\/fr\/wp-json\/wp\/v2\/comments?post=5423"}],"wp:featuredmedia":[{"embeddable":true,"href":"https:\/\/lexgoshop.com\/fr\/wp-json\/wp\/v2\/media\/5425"}],"wp:attachment":[{"href":"https:\/\/lexgoshop.com\/fr\/wp-json\/wp\/v2\/media?parent=5423"}],"wp:term":[{"taxonomy":"product_cat","embeddable":true,"href":"https:\/\/lexgoshop.com\/fr\/wp-json\/wp\/v2\/product_cat?post=5423"},{"taxonomy":"product_tag","embeddable":true,"href":"https:\/\/lexgoshop.com\/fr\/wp-json\/wp\/v2\/product_tag?post=5423"}],"curies":[{"name":"wp","href":"https:\/\/api.w.org\/{rel}","templated":true}]}}