{"id":5274,"date":"2025-02-20T08:47:39","date_gmt":"2025-02-20T12:47:40","guid":{"rendered":"https:\/\/lexgoshop.com\/?post_type=product&#038;p=5274"},"modified":"2025-02-20T08:57:04","modified_gmt":"2025-02-20T12:57:04","slug":"survivor-winter-workshop-team-4-6-players","status":"publish","type":"product","link":"https:\/\/lexgoshop.com\/fr\/product\/survivor-winter-workshop-team-4-6-players\/","title":{"rendered":"Atelier d&#8217;hiver Survivor &#8211; \u00c9quipe (4-6 joueurs)"},"content":{"rendered":"<p>Nos ateliers interactifs vous r\u00e9servent des d\u00e9fis pour mettre vos comp\u00e9tences \u00e0 l&#8217;\u00e9preuve et d\u00e9couvrir nos produits.<\/p>\n<p><strong>Au programme:<br \/>\n<\/strong>\u2022 Des d\u00e9fis amusants et interactifs<br \/>\n\u2022 Des d\u00e9monstrations pratiques de nos produits<br \/>\n\u2022 Un moment convivial pour \u00e9changer avec nos experts<\/p>\n<p>Jouez pour gager, gagnez pour donner!<\/p>\n<p>Jouez en \u00e9quipe ( 4 \u00e0 6 personnes) pour une cause qui vous tient \u00e0 c\u0153ur. Les profits seront vers\u00e9s \u00e0 la cause choisir par l\u2019\u00e9quipe finale gagnante.<\/p>\n","protected":false},"excerpt":{"rendered":"<p>Nos ateliers interactifs vous r\u00e9servent des d\u00e9fis pour mettre vos comp\u00e9tences \u00e0 l&#8217;\u00e9preuve et d\u00e9couvrir nos produits.<\/p>\n","protected":false},"featured_media":5260,"comment_status":"closed","ping_status":"closed","template":"","meta":{"_acf_changed":false},"product_cat":[441],"product_tag":[],"class_list":{"0":"post-5274","1":"product","2":"type-product","3":"status-publish","4":"has-post-thumbnail","6":"product_cat-uncategorized-fr","7":"product-grid-view","9":"first","10":"instock","11":"virtual","12":"taxable","13":"purchasable","14":"product-type-simple"},"acf":[],"yoast_head":"<!-- This site is optimized with the Yoast SEO plugin v23.8 - https:\/\/yoast.com\/wordpress\/plugins\/seo\/ -->\n<title>Atelier d&#039;hiver Survivor - \u00c9quipe (4-6 joueurs) | LexGoShop<\/title>\n<meta name=\"description\" content=\"Uncategorized: Atelier d&#039;hiver Survivor - \u00c9quipe (4-6 joueurs). Nos ateliers interactifs vous r\u00e9servent des d\u00e9fis pour mettre vos comp\u00e9tences \u00e0 l&#039;\u00e9preuve et d\u00e9couvrir nos produits.\" \/>\n<meta name=\"robots\" content=\"index, follow, max-snippet:-1, max-image-preview:large, max-video-preview:-1\" \/>\n<link rel=\"canonical\" href=\"https:\/\/lexgoshop.com\/fr\/product\/survivor-winter-workshop-team-4-6-players\/\" \/>\n<meta property=\"og:locale\" content=\"fr_FR\" \/>\n<meta property=\"og:type\" content=\"article\" \/>\n<meta property=\"og:title\" content=\"Atelier d&#039;hiver Survivor - \u00c9quipe (4-6 joueurs) | LexGoShop\" \/>\n<meta property=\"og:description\" content=\"Uncategorized: Atelier d&#039;hiver Survivor - \u00c9quipe (4-6 joueurs). Nos ateliers interactifs vous r\u00e9servent des d\u00e9fis pour mettre vos comp\u00e9tences \u00e0 l&#039;\u00e9preuve et d\u00e9couvrir nos produits.\" \/>\n<meta property=\"og:url\" content=\"https:\/\/lexgoshop.com\/fr\/product\/survivor-winter-workshop-team-4-6-players\/\" \/>\n<meta property=\"og:site_name\" content=\"LexGoShop\" \/>\n<meta property=\"article:modified_time\" content=\"2025-02-20T12:57:04+00:00\" \/>\n<meta property=\"og:image\" content=\"https:\/\/lexgoshop.com\/wp-content\/uploads\/2025\/02\/Fransyl_Sans-contour-1024x1024.png\" \/>\n\t<meta property=\"og:image:width\" content=\"1024\" \/>\n\t<meta property=\"og:image:height\" content=\"1024\" \/>\n\t<meta property=\"og:image:type\" content=\"image\/png\" \/>\n<meta name=\"twitter:card\" content=\"summary_large_image\" \/>\n<script type=\"application\/ld+json\" class=\"yoast-schema-graph\">{\"@context\":\"https:\/\/schema.org\",\"@graph\":[{\"@type\":\"WebPage\",\"@id\":\"https:\/\/lexgoshop.com\/fr\/product\/survivor-winter-workshop-team-4-6-players\/\",\"url\":\"https:\/\/lexgoshop.com\/fr\/product\/survivor-winter-workshop-team-4-6-players\/\",\"name\":\"Atelier d'hiver Survivor - \u00c9quipe (4-6 joueurs) | LexGoShop\",\"isPartOf\":{\"@id\":\"https:\/\/lexgoshop.com\/#website\"},\"primaryImageOfPage\":{\"@id\":\"https:\/\/lexgoshop.com\/fr\/product\/survivor-winter-workshop-team-4-6-players\/#primaryimage\"},\"image\":{\"@id\":\"https:\/\/lexgoshop.com\/fr\/product\/survivor-winter-workshop-team-4-6-players\/#primaryimage\"},\"thumbnailUrl\":\"https:\/\/lexgoshop.com\/wp-content\/uploads\/2025\/02\/Fransyl_Sans-contour.png\",\"datePublished\":\"2025-02-20T12:47:40+00:00\",\"dateModified\":\"2025-02-20T12:57:04+00:00\",\"description\":\"Uncategorized: Atelier d'hiver Survivor - \u00c9quipe (4-6 joueurs). Nos ateliers interactifs vous r\u00e9servent des d\u00e9fis pour mettre vos comp\u00e9tences \u00e0 l'\u00e9preuve et d\u00e9couvrir nos produits.\",\"breadcrumb\":{\"@id\":\"https:\/\/lexgoshop.com\/fr\/product\/survivor-winter-workshop-team-4-6-players\/#breadcrumb\"},\"inLanguage\":\"fr-ca\",\"potentialAction\":[{\"@type\":\"ReadAction\",\"target\":[\"https:\/\/lexgoshop.com\/fr\/product\/survivor-winter-workshop-team-4-6-players\/\"]}]},{\"@type\":\"ImageObject\",\"inLanguage\":\"fr-ca\",\"@id\":\"https:\/\/lexgoshop.com\/fr\/product\/survivor-winter-workshop-team-4-6-players\/#primaryimage\",\"url\":\"https:\/\/lexgoshop.com\/wp-content\/uploads\/2025\/02\/Fransyl_Sans-contour.png\",\"contentUrl\":\"https:\/\/lexgoshop.com\/wp-content\/uploads\/2025\/02\/Fransyl_Sans-contour.png\",\"width\":3600,\"height\":3600},{\"@type\":\"BreadcrumbList\",\"@id\":\"https:\/\/lexgoshop.com\/fr\/product\/survivor-winter-workshop-team-4-6-players\/#breadcrumb\",\"itemListElement\":[{\"@type\":\"ListItem\",\"position\":1,\"name\":\"Home\",\"item\":\"https:\/\/lexgoshop.com\/fr\/accueil-2\/\"},{\"@type\":\"ListItem\",\"position\":2,\"name\":\"Boutique\",\"item\":\"https:\/\/lexgoshop.com\/fr\/roofing-materials-and-tools\/\"},{\"@type\":\"ListItem\",\"position\":3,\"name\":\"Atelier d&#8217;hiver Survivor &#8211; \u00c9quipe (4-6 joueurs)\"}]},{\"@type\":\"WebSite\",\"@id\":\"https:\/\/lexgoshop.com\/#website\",\"url\":\"https:\/\/lexgoshop.com\/\",\"name\":\"LexGoShop\",\"description\":\"Roofing Materials supplier\",\"publisher\":{\"@id\":\"https:\/\/lexgoshop.com\/#organization\"},\"potentialAction\":[{\"@type\":\"SearchAction\",\"target\":{\"@type\":\"EntryPoint\",\"urlTemplate\":\"https:\/\/lexgoshop.com\/?s={search_term_string}\"},\"query-input\":{\"@type\":\"PropertyValueSpecification\",\"valueRequired\":true,\"valueName\":\"search_term_string\"}}],\"inLanguage\":\"fr-ca\"},{\"@type\":\"Organization\",\"@id\":\"https:\/\/lexgoshop.com\/#organization\",\"name\":\"Lexgoshop\",\"url\":\"https:\/\/lexgoshop.com\/\",\"logo\":{\"@type\":\"ImageObject\",\"inLanguage\":\"fr-ca\",\"@id\":\"https:\/\/lexgoshop.com\/#\/schema\/logo\/image\/\",\"url\":\"https:\/\/lexgoshop.com\/wp-content\/uploads\/2016\/09\/login-logo.png\",\"contentUrl\":\"https:\/\/lexgoshop.com\/wp-content\/uploads\/2016\/09\/login-logo.png\",\"width\":315,\"height\":100,\"caption\":\"Lexgoshop\"},\"image\":{\"@id\":\"https:\/\/lexgoshop.com\/#\/schema\/logo\/image\/\"}}]}<\/script>\n<!-- \/ Yoast SEO plugin. -->","yoast_head_json":{"title":"Atelier d'hiver Survivor - \u00c9quipe (4-6 joueurs) | LexGoShop","description":"Uncategorized: Atelier d'hiver Survivor - \u00c9quipe (4-6 joueurs). Nos ateliers interactifs vous r\u00e9servent des d\u00e9fis pour mettre vos comp\u00e9tences \u00e0 l'\u00e9preuve et d\u00e9couvrir nos produits.","robots":{"index":"index","follow":"follow","max-snippet":"max-snippet:-1","max-image-preview":"max-image-preview:large","max-video-preview":"max-video-preview:-1"},"canonical":"https:\/\/lexgoshop.com\/fr\/product\/survivor-winter-workshop-team-4-6-players\/","og_locale":"fr_FR","og_type":"article","og_title":"Atelier d'hiver Survivor - \u00c9quipe (4-6 joueurs) | LexGoShop","og_description":"Uncategorized: Atelier d'hiver Survivor - \u00c9quipe (4-6 joueurs). Nos ateliers interactifs vous r\u00e9servent des d\u00e9fis pour mettre vos comp\u00e9tences \u00e0 l'\u00e9preuve et d\u00e9couvrir nos produits.","og_url":"https:\/\/lexgoshop.com\/fr\/product\/survivor-winter-workshop-team-4-6-players\/","og_site_name":"LexGoShop","article_modified_time":"2025-02-20T12:57:04+00:00","og_image":[{"width":1024,"height":1024,"url":"https:\/\/lexgoshop.com\/wp-content\/uploads\/2025\/02\/Fransyl_Sans-contour-1024x1024.png","type":"image\/png"}],"twitter_card":"summary_large_image","schema":{"@context":"https:\/\/schema.org","@graph":[{"@type":"WebPage","@id":"https:\/\/lexgoshop.com\/fr\/product\/survivor-winter-workshop-team-4-6-players\/","url":"https:\/\/lexgoshop.com\/fr\/product\/survivor-winter-workshop-team-4-6-players\/","name":"Atelier d'hiver Survivor - \u00c9quipe (4-6 joueurs) | LexGoShop","isPartOf":{"@id":"https:\/\/lexgoshop.com\/#website"},"primaryImageOfPage":{"@id":"https:\/\/lexgoshop.com\/fr\/product\/survivor-winter-workshop-team-4-6-players\/#primaryimage"},"image":{"@id":"https:\/\/lexgoshop.com\/fr\/product\/survivor-winter-workshop-team-4-6-players\/#primaryimage"},"thumbnailUrl":"https:\/\/lexgoshop.com\/wp-content\/uploads\/2025\/02\/Fransyl_Sans-contour.png","datePublished":"2025-02-20T12:47:40+00:00","dateModified":"2025-02-20T12:57:04+00:00","description":"Uncategorized: Atelier d'hiver Survivor - \u00c9quipe (4-6 joueurs). Nos ateliers interactifs vous r\u00e9servent des d\u00e9fis pour mettre vos comp\u00e9tences \u00e0 l'\u00e9preuve et d\u00e9couvrir nos produits.","breadcrumb":{"@id":"https:\/\/lexgoshop.com\/fr\/product\/survivor-winter-workshop-team-4-6-players\/#breadcrumb"},"inLanguage":"fr-ca","potentialAction":[{"@type":"ReadAction","target":["https:\/\/lexgoshop.com\/fr\/product\/survivor-winter-workshop-team-4-6-players\/"]}]},{"@type":"ImageObject","inLanguage":"fr-ca","@id":"https:\/\/lexgoshop.com\/fr\/product\/survivor-winter-workshop-team-4-6-players\/#primaryimage","url":"https:\/\/lexgoshop.com\/wp-content\/uploads\/2025\/02\/Fransyl_Sans-contour.png","contentUrl":"https:\/\/lexgoshop.com\/wp-content\/uploads\/2025\/02\/Fransyl_Sans-contour.png","width":3600,"height":3600},{"@type":"BreadcrumbList","@id":"https:\/\/lexgoshop.com\/fr\/product\/survivor-winter-workshop-team-4-6-players\/#breadcrumb","itemListElement":[{"@type":"ListItem","position":1,"name":"Home","item":"https:\/\/lexgoshop.com\/fr\/accueil-2\/"},{"@type":"ListItem","position":2,"name":"Boutique","item":"https:\/\/lexgoshop.com\/fr\/roofing-materials-and-tools\/"},{"@type":"ListItem","position":3,"name":"Atelier d&#8217;hiver Survivor &#8211; \u00c9quipe (4-6 joueurs)"}]},{"@type":"WebSite","@id":"https:\/\/lexgoshop.com\/#website","url":"https:\/\/lexgoshop.com\/","name":"LexGoShop","description":"Roofing Materials supplier","publisher":{"@id":"https:\/\/lexgoshop.com\/#organization"},"potentialAction":[{"@type":"SearchAction","target":{"@type":"EntryPoint","urlTemplate":"https:\/\/lexgoshop.com\/?s={search_term_string}"},"query-input":{"@type":"PropertyValueSpecification","valueRequired":true,"valueName":"search_term_string"}}],"inLanguage":"fr-ca"},{"@type":"Organization","@id":"https:\/\/lexgoshop.com\/#organization","name":"Lexgoshop","url":"https:\/\/lexgoshop.com\/","logo":{"@type":"ImageObject","inLanguage":"fr-ca","@id":"https:\/\/lexgoshop.com\/#\/schema\/logo\/image\/","url":"https:\/\/lexgoshop.com\/wp-content\/uploads\/2016\/09\/login-logo.png","contentUrl":"https:\/\/lexgoshop.com\/wp-content\/uploads\/2016\/09\/login-logo.png","width":315,"height":100,"caption":"Lexgoshop"},"image":{"@id":"https:\/\/lexgoshop.com\/#\/schema\/logo\/image\/"}}]}},"_links":{"self":[{"href":"https:\/\/lexgoshop.com\/fr\/wp-json\/wp\/v2\/product\/5274"}],"collection":[{"href":"https:\/\/lexgoshop.com\/fr\/wp-json\/wp\/v2\/product"}],"about":[{"href":"https:\/\/lexgoshop.com\/fr\/wp-json\/wp\/v2\/types\/product"}],"replies":[{"embeddable":true,"href":"https:\/\/lexgoshop.com\/fr\/wp-json\/wp\/v2\/comments?post=5274"}],"wp:featuredmedia":[{"embeddable":true,"href":"https:\/\/lexgoshop.com\/fr\/wp-json\/wp\/v2\/media\/5260"}],"wp:attachment":[{"href":"https:\/\/lexgoshop.com\/fr\/wp-json\/wp\/v2\/media?parent=5274"}],"wp:term":[{"taxonomy":"product_cat","embeddable":true,"href":"https:\/\/lexgoshop.com\/fr\/wp-json\/wp\/v2\/product_cat?post=5274"},{"taxonomy":"product_tag","embeddable":true,"href":"https:\/\/lexgoshop.com\/fr\/wp-json\/wp\/v2\/product_tag?post=5274"}],"curies":[{"name":"wp","href":"https:\/\/api.w.org\/{rel}","templated":true}]}}