{"id":5164,"date":"2024-07-23T10:26:05","date_gmt":"2024-07-23T14:26:05","guid":{"rendered":"https:\/\/lexgoshop.com\/product\/lexcor-maxclean-raid-residue-removal-and-cleaner\/"},"modified":"2024-07-23T10:38:48","modified_gmt":"2024-07-23T14:38:48","slug":"lexcor-maxclean-raid-residue-removal-and-cleaner","status":"publish","type":"product","link":"https:\/\/lexgoshop.com\/fr\/product\/lexcor-maxclean-raid-residue-removal-and-cleaner\/","title":{"rendered":"MAXCLEAN de LEXCOR &#8211; Nettoyant Pour \u00c9limination Rapide des R\u00e9sidus &#8211; Bouteille de 1 litre"},"content":{"rendered":"<p>MAXCLEAN est de qualit\u00e9 professionnelle, 100% biod\u00e9gradable. Il est utilis\u00e9 pour l&#8217;\u00e9limination rapide des r\u00e9sidus courants tel que les adh\u00e9sifs, les graisses, le goudron et l&#8217;asphalte.<\/p>\n<p>CARACT\u00c9RISTIQUES ET AVANTAGES<br \/>\nPolyvalente &#8211; Enl\u00e8ve les colles, la graisse, le goudron, l&#8217;asphalte, les produits d&#8217;\u00e9tanch\u00e9it\u00e9, etc.<\/p>\n<p>Sans danger pour la peau &#8211; N&#8217;endommage pas et n&#8217;irrite pas la peau.<\/p>\n<p>Compatible &#8211; Pour une utilisation sans danger sur les produits de finition de bois, de verre, les surfaces peintes, le m\u00e9tal et diverses membrane de toiture.<\/p>\n","protected":false},"excerpt":{"rendered":"<p>MAXCLEAN est de qualit\u00e9 professionnelle, 100% biod\u00e9gradable. Il est utilis\u00e9 pour l&#8217;\u00e9limination rapide des r\u00e9sidus courants tel que les adh\u00e9sifs, les graisses, le goudron et l&#8217;asphalte.<\/p>\n","protected":false},"featured_media":5162,"comment_status":"closed","ping_status":"closed","template":"","meta":{"_acf_changed":false},"product_cat":[311],"product_tag":[],"class_list":{"0":"post-5164","1":"product","2":"type-product","3":"status-publish","4":"has-post-thumbnail","6":"product_cat-produits-dentretien","7":"product-grid-view","9":"first","10":"instock","11":"taxable","12":"shipping-taxable","13":"purchasable","14":"product-type-simple"},"acf":[],"yoast_head":"<!-- This site is optimized with the Yoast SEO plugin v23.8 - https:\/\/yoast.com\/wordpress\/plugins\/seo\/ -->\n<title>MAXCLEAN de LEXCOR - Nettoyant Pour \u00c9limination Rapide des R\u00e9sidus - Bouteille de 1 litre | LexGoShop<\/title>\n<meta name=\"description\" content=\"Produits d&#039;entretien: MAXCLEAN de LEXCOR - Nettoyant Pour \u00c9limination Rapide des R\u00e9sidus - Bouteille de 1 litre. MAXCLEAN est de qualit\u00e9 professionnelle, 100% biod\u00e9gradable. Il est utilis\u00e9 pour l&#039;\u00e9limination rapide des r\u00e9sidus courants tel que les adh\u00e9sifs, les graisses, le goudron et l&#039;asphalte.\" \/>\n<meta name=\"robots\" content=\"index, follow, max-snippet:-1, max-image-preview:large, max-video-preview:-1\" \/>\n<link rel=\"canonical\" href=\"https:\/\/lexgoshop.com\/fr\/product\/lexcor-maxclean-raid-residue-removal-and-cleaner\/\" \/>\n<meta property=\"og:locale\" content=\"fr_FR\" \/>\n<meta property=\"og:type\" content=\"article\" \/>\n<meta property=\"og:title\" content=\"MAXCLEAN de LEXCOR - Nettoyant Pour \u00c9limination Rapide des R\u00e9sidus - Bouteille de 1 litre | LexGoShop\" \/>\n<meta property=\"og:description\" content=\"Produits d&#039;entretien: MAXCLEAN de LEXCOR - Nettoyant Pour \u00c9limination Rapide des R\u00e9sidus - Bouteille de 1 litre. MAXCLEAN est de qualit\u00e9 professionnelle, 100% biod\u00e9gradable. Il est utilis\u00e9 pour l&#039;\u00e9limination rapide des r\u00e9sidus courants tel que les adh\u00e9sifs, les graisses, le goudron et l&#039;asphalte.\" \/>\n<meta property=\"og:url\" content=\"https:\/\/lexgoshop.com\/fr\/product\/lexcor-maxclean-raid-residue-removal-and-cleaner\/\" \/>\n<meta property=\"og:site_name\" content=\"LexGoShop\" \/>\n<meta property=\"article:modified_time\" content=\"2024-07-23T14:38:48+00:00\" \/>\n<meta property=\"og:image\" content=\"https:\/\/lexgoshop.com\/wp-content\/uploads\/2024\/07\/MaxClean_july2024_web.png\" \/>\n\t<meta property=\"og:image:width\" content=\"645\" \/>\n\t<meta property=\"og:image:height\" content=\"645\" \/>\n\t<meta property=\"og:image:type\" content=\"image\/png\" \/>\n<meta name=\"twitter:card\" content=\"summary_large_image\" \/>\n<script type=\"application\/ld+json\" class=\"yoast-schema-graph\">{\"@context\":\"https:\/\/schema.org\",\"@graph\":[{\"@type\":\"WebPage\",\"@id\":\"https:\/\/lexgoshop.com\/fr\/product\/lexcor-maxclean-raid-residue-removal-and-cleaner\/\",\"url\":\"https:\/\/lexgoshop.com\/fr\/product\/lexcor-maxclean-raid-residue-removal-and-cleaner\/\",\"name\":\"MAXCLEAN de LEXCOR - Nettoyant Pour \u00c9limination Rapide des R\u00e9sidus - Bouteille de 1 litre | LexGoShop\",\"isPartOf\":{\"@id\":\"https:\/\/lexgoshop.com\/#website\"},\"primaryImageOfPage\":{\"@id\":\"https:\/\/lexgoshop.com\/fr\/product\/lexcor-maxclean-raid-residue-removal-and-cleaner\/#primaryimage\"},\"image\":{\"@id\":\"https:\/\/lexgoshop.com\/fr\/product\/lexcor-maxclean-raid-residue-removal-and-cleaner\/#primaryimage\"},\"thumbnailUrl\":\"https:\/\/lexgoshop.com\/wp-content\/uploads\/2024\/07\/MaxClean_july2024_web.png\",\"datePublished\":\"2024-07-23T14:26:05+00:00\",\"dateModified\":\"2024-07-23T14:38:48+00:00\",\"description\":\"Produits d'entretien: MAXCLEAN de LEXCOR - Nettoyant Pour \u00c9limination Rapide des R\u00e9sidus - Bouteille de 1 litre. MAXCLEAN est de qualit\u00e9 professionnelle, 100% biod\u00e9gradable. Il est utilis\u00e9 pour l'\u00e9limination rapide des r\u00e9sidus courants tel que les adh\u00e9sifs, les graisses, le goudron et l'asphalte.\",\"breadcrumb\":{\"@id\":\"https:\/\/lexgoshop.com\/fr\/product\/lexcor-maxclean-raid-residue-removal-and-cleaner\/#breadcrumb\"},\"inLanguage\":\"fr-ca\",\"potentialAction\":[{\"@type\":\"ReadAction\",\"target\":[\"https:\/\/lexgoshop.com\/fr\/product\/lexcor-maxclean-raid-residue-removal-and-cleaner\/\"]}]},{\"@type\":\"ImageObject\",\"inLanguage\":\"fr-ca\",\"@id\":\"https:\/\/lexgoshop.com\/fr\/product\/lexcor-maxclean-raid-residue-removal-and-cleaner\/#primaryimage\",\"url\":\"https:\/\/lexgoshop.com\/wp-content\/uploads\/2024\/07\/MaxClean_july2024_web.png\",\"contentUrl\":\"https:\/\/lexgoshop.com\/wp-content\/uploads\/2024\/07\/MaxClean_july2024_web.png\",\"width\":645,\"height\":645},{\"@type\":\"BreadcrumbList\",\"@id\":\"https:\/\/lexgoshop.com\/fr\/product\/lexcor-maxclean-raid-residue-removal-and-cleaner\/#breadcrumb\",\"itemListElement\":[{\"@type\":\"ListItem\",\"position\":1,\"name\":\"Home\",\"item\":\"https:\/\/lexgoshop.com\/fr\/accueil-2\/\"},{\"@type\":\"ListItem\",\"position\":2,\"name\":\"Boutique\",\"item\":\"https:\/\/lexgoshop.com\/fr\/roofing-materials-and-tools\/\"},{\"@type\":\"ListItem\",\"position\":3,\"name\":\"MAXCLEAN de LEXCOR &#8211; Nettoyant Pour \u00c9limination Rapide des R\u00e9sidus &#8211; Bouteille de 1 litre\"}]},{\"@type\":\"WebSite\",\"@id\":\"https:\/\/lexgoshop.com\/#website\",\"url\":\"https:\/\/lexgoshop.com\/\",\"name\":\"LexGoShop\",\"description\":\"Roofing Materials supplier\",\"publisher\":{\"@id\":\"https:\/\/lexgoshop.com\/#organization\"},\"potentialAction\":[{\"@type\":\"SearchAction\",\"target\":{\"@type\":\"EntryPoint\",\"urlTemplate\":\"https:\/\/lexgoshop.com\/?s={search_term_string}\"},\"query-input\":{\"@type\":\"PropertyValueSpecification\",\"valueRequired\":true,\"valueName\":\"search_term_string\"}}],\"inLanguage\":\"fr-ca\"},{\"@type\":\"Organization\",\"@id\":\"https:\/\/lexgoshop.com\/#organization\",\"name\":\"Lexgoshop\",\"url\":\"https:\/\/lexgoshop.com\/\",\"logo\":{\"@type\":\"ImageObject\",\"inLanguage\":\"fr-ca\",\"@id\":\"https:\/\/lexgoshop.com\/#\/schema\/logo\/image\/\",\"url\":\"https:\/\/lexgoshop.com\/wp-content\/uploads\/2016\/09\/login-logo.png\",\"contentUrl\":\"https:\/\/lexgoshop.com\/wp-content\/uploads\/2016\/09\/login-logo.png\",\"width\":315,\"height\":100,\"caption\":\"Lexgoshop\"},\"image\":{\"@id\":\"https:\/\/lexgoshop.com\/#\/schema\/logo\/image\/\"}}]}<\/script>\n<!-- \/ Yoast SEO plugin. -->","yoast_head_json":{"title":"MAXCLEAN de LEXCOR - Nettoyant Pour \u00c9limination Rapide des R\u00e9sidus - Bouteille de 1 litre | LexGoShop","description":"Produits d'entretien: MAXCLEAN de LEXCOR - Nettoyant Pour \u00c9limination Rapide des R\u00e9sidus - Bouteille de 1 litre. MAXCLEAN est de qualit\u00e9 professionnelle, 100% biod\u00e9gradable. Il est utilis\u00e9 pour l'\u00e9limination rapide des r\u00e9sidus courants tel que les adh\u00e9sifs, les graisses, le goudron et l'asphalte.","robots":{"index":"index","follow":"follow","max-snippet":"max-snippet:-1","max-image-preview":"max-image-preview:large","max-video-preview":"max-video-preview:-1"},"canonical":"https:\/\/lexgoshop.com\/fr\/product\/lexcor-maxclean-raid-residue-removal-and-cleaner\/","og_locale":"fr_FR","og_type":"article","og_title":"MAXCLEAN de LEXCOR - Nettoyant Pour \u00c9limination Rapide des R\u00e9sidus - Bouteille de 1 litre | LexGoShop","og_description":"Produits d'entretien: MAXCLEAN de LEXCOR - Nettoyant Pour \u00c9limination Rapide des R\u00e9sidus - Bouteille de 1 litre. MAXCLEAN est de qualit\u00e9 professionnelle, 100% biod\u00e9gradable. Il est utilis\u00e9 pour l'\u00e9limination rapide des r\u00e9sidus courants tel que les adh\u00e9sifs, les graisses, le goudron et l'asphalte.","og_url":"https:\/\/lexgoshop.com\/fr\/product\/lexcor-maxclean-raid-residue-removal-and-cleaner\/","og_site_name":"LexGoShop","article_modified_time":"2024-07-23T14:38:48+00:00","og_image":[{"width":645,"height":645,"url":"https:\/\/lexgoshop.com\/wp-content\/uploads\/2024\/07\/MaxClean_july2024_web.png","type":"image\/png"}],"twitter_card":"summary_large_image","schema":{"@context":"https:\/\/schema.org","@graph":[{"@type":"WebPage","@id":"https:\/\/lexgoshop.com\/fr\/product\/lexcor-maxclean-raid-residue-removal-and-cleaner\/","url":"https:\/\/lexgoshop.com\/fr\/product\/lexcor-maxclean-raid-residue-removal-and-cleaner\/","name":"MAXCLEAN de LEXCOR - Nettoyant Pour \u00c9limination Rapide des R\u00e9sidus - Bouteille de 1 litre | LexGoShop","isPartOf":{"@id":"https:\/\/lexgoshop.com\/#website"},"primaryImageOfPage":{"@id":"https:\/\/lexgoshop.com\/fr\/product\/lexcor-maxclean-raid-residue-removal-and-cleaner\/#primaryimage"},"image":{"@id":"https:\/\/lexgoshop.com\/fr\/product\/lexcor-maxclean-raid-residue-removal-and-cleaner\/#primaryimage"},"thumbnailUrl":"https:\/\/lexgoshop.com\/wp-content\/uploads\/2024\/07\/MaxClean_july2024_web.png","datePublished":"2024-07-23T14:26:05+00:00","dateModified":"2024-07-23T14:38:48+00:00","description":"Produits d'entretien: MAXCLEAN de LEXCOR - Nettoyant Pour \u00c9limination Rapide des R\u00e9sidus - Bouteille de 1 litre. MAXCLEAN est de qualit\u00e9 professionnelle, 100% biod\u00e9gradable. Il est utilis\u00e9 pour l'\u00e9limination rapide des r\u00e9sidus courants tel que les adh\u00e9sifs, les graisses, le goudron et l'asphalte.","breadcrumb":{"@id":"https:\/\/lexgoshop.com\/fr\/product\/lexcor-maxclean-raid-residue-removal-and-cleaner\/#breadcrumb"},"inLanguage":"fr-ca","potentialAction":[{"@type":"ReadAction","target":["https:\/\/lexgoshop.com\/fr\/product\/lexcor-maxclean-raid-residue-removal-and-cleaner\/"]}]},{"@type":"ImageObject","inLanguage":"fr-ca","@id":"https:\/\/lexgoshop.com\/fr\/product\/lexcor-maxclean-raid-residue-removal-and-cleaner\/#primaryimage","url":"https:\/\/lexgoshop.com\/wp-content\/uploads\/2024\/07\/MaxClean_july2024_web.png","contentUrl":"https:\/\/lexgoshop.com\/wp-content\/uploads\/2024\/07\/MaxClean_july2024_web.png","width":645,"height":645},{"@type":"BreadcrumbList","@id":"https:\/\/lexgoshop.com\/fr\/product\/lexcor-maxclean-raid-residue-removal-and-cleaner\/#breadcrumb","itemListElement":[{"@type":"ListItem","position":1,"name":"Home","item":"https:\/\/lexgoshop.com\/fr\/accueil-2\/"},{"@type":"ListItem","position":2,"name":"Boutique","item":"https:\/\/lexgoshop.com\/fr\/roofing-materials-and-tools\/"},{"@type":"ListItem","position":3,"name":"MAXCLEAN de LEXCOR &#8211; Nettoyant Pour \u00c9limination Rapide des R\u00e9sidus &#8211; Bouteille de 1 litre"}]},{"@type":"WebSite","@id":"https:\/\/lexgoshop.com\/#website","url":"https:\/\/lexgoshop.com\/","name":"LexGoShop","description":"Roofing Materials supplier","publisher":{"@id":"https:\/\/lexgoshop.com\/#organization"},"potentialAction":[{"@type":"SearchAction","target":{"@type":"EntryPoint","urlTemplate":"https:\/\/lexgoshop.com\/?s={search_term_string}"},"query-input":{"@type":"PropertyValueSpecification","valueRequired":true,"valueName":"search_term_string"}}],"inLanguage":"fr-ca"},{"@type":"Organization","@id":"https:\/\/lexgoshop.com\/#organization","name":"Lexgoshop","url":"https:\/\/lexgoshop.com\/","logo":{"@type":"ImageObject","inLanguage":"fr-ca","@id":"https:\/\/lexgoshop.com\/#\/schema\/logo\/image\/","url":"https:\/\/lexgoshop.com\/wp-content\/uploads\/2016\/09\/login-logo.png","contentUrl":"https:\/\/lexgoshop.com\/wp-content\/uploads\/2016\/09\/login-logo.png","width":315,"height":100,"caption":"Lexgoshop"},"image":{"@id":"https:\/\/lexgoshop.com\/#\/schema\/logo\/image\/"}}]}},"_links":{"self":[{"href":"https:\/\/lexgoshop.com\/fr\/wp-json\/wp\/v2\/product\/5164"}],"collection":[{"href":"https:\/\/lexgoshop.com\/fr\/wp-json\/wp\/v2\/product"}],"about":[{"href":"https:\/\/lexgoshop.com\/fr\/wp-json\/wp\/v2\/types\/product"}],"replies":[{"embeddable":true,"href":"https:\/\/lexgoshop.com\/fr\/wp-json\/wp\/v2\/comments?post=5164"}],"wp:featuredmedia":[{"embeddable":true,"href":"https:\/\/lexgoshop.com\/fr\/wp-json\/wp\/v2\/media\/5162"}],"wp:attachment":[{"href":"https:\/\/lexgoshop.com\/fr\/wp-json\/wp\/v2\/media?parent=5164"}],"wp:term":[{"taxonomy":"product_cat","embeddable":true,"href":"https:\/\/lexgoshop.com\/fr\/wp-json\/wp\/v2\/product_cat?post=5164"},{"taxonomy":"product_tag","embeddable":true,"href":"https:\/\/lexgoshop.com\/fr\/wp-json\/wp\/v2\/product_tag?post=5164"}],"curies":[{"name":"wp","href":"https:\/\/api.w.org\/{rel}","templated":true}]}}