{"id":5142,"date":"2024-06-20T09:36:15","date_gmt":"2024-06-20T13:36:15","guid":{"rendered":"https:\/\/lexgoshop.com\/product\/express-roofing-field-torch-kit-340000-btu-with-steel-burner-6111e\/"},"modified":"2024-07-25T10:44:04","modified_gmt":"2024-07-25T14:44:04","slug":"express-roofing-field-torch-kit-340000-btu-with-steel-burner-6111e","status":"publish","type":"product","link":"https:\/\/lexgoshop.com\/fr\/product\/express-roofing-field-torch-kit-340000-btu-with-steel-burner-6111e\/","title":{"rendered":"Kit de Torche pour Toiture EXPRESS &#8211; 6111E"},"content":{"rendered":"<p>Kit de Torche pour Toiture EXPRESS 6111E est une torche de toiture de 340 000 BTU comprenant un tuyau de 25 pieds certifi\u00e9 UL pour le propane liquide, un r\u00e9gulateur de 60 psi, une poign\u00e9e bi-mat\u00e9riau #650e et un percuteur en silex. Le kit Express Roofers Field pour toiture en membrane de bitume modifi\u00e9 est enti\u00e8rement assembl\u00e9 et pr\u00eat \u00e0 l\u2019emploi.<\/p>\n","protected":false},"excerpt":{"rendered":"<p>Kit de Torche pour Toiture EXPRESS 340 000 BTU en Acier, enti\u00e8rement assembl\u00e9.<\/p>\n","protected":false},"featured_media":5140,"comment_status":"closed","ping_status":"closed","template":"","meta":{"_acf_changed":false},"product_cat":[301],"product_tag":[],"class_list":{"0":"post-5142","1":"product","2":"type-product","3":"status-publish","4":"has-post-thumbnail","6":"product_cat-outils-et-accessoires_","7":"product-grid-view","9":"first","10":"instock","11":"taxable","12":"shipping-taxable","13":"purchasable","14":"product-type-simple"},"acf":[],"yoast_head":"<!-- This site is optimized with the Yoast SEO plugin v23.8 - https:\/\/yoast.com\/wordpress\/plugins\/seo\/ -->\n<title>Kit de Torche pour Toiture EXPRESS - 6111E | LexGoShop<\/title>\n<meta name=\"description\" content=\"Outils et accessoires: Kit de Torche pour Toiture EXPRESS - 6111E. Kit de Torche pour Toiture EXPRESS 340 000 BTU en Acier, enti\u00e8rement assembl\u00e9.\" \/>\n<meta name=\"robots\" content=\"index, follow, max-snippet:-1, max-image-preview:large, max-video-preview:-1\" \/>\n<link rel=\"canonical\" href=\"https:\/\/lexgoshop.com\/fr\/product\/express-roofing-field-torch-kit-340000-btu-with-steel-burner-6111e\/\" \/>\n<meta property=\"og:locale\" content=\"fr_FR\" \/>\n<meta property=\"og:type\" content=\"article\" \/>\n<meta property=\"og:title\" content=\"Kit de Torche pour Toiture EXPRESS - 6111E | LexGoShop\" \/>\n<meta property=\"og:description\" content=\"Outils et accessoires: Kit de Torche pour Toiture EXPRESS - 6111E. Kit de Torche pour Toiture EXPRESS 340 000 BTU en Acier, enti\u00e8rement assembl\u00e9.\" \/>\n<meta property=\"og:url\" content=\"https:\/\/lexgoshop.com\/fr\/product\/express-roofing-field-torch-kit-340000-btu-with-steel-burner-6111e\/\" \/>\n<meta property=\"og:site_name\" content=\"LexGoShop\" \/>\n<meta property=\"article:modified_time\" content=\"2024-07-25T14:44:04+00:00\" \/>\n<meta property=\"og:image\" content=\"https:\/\/lexgoshop.com\/wp-content\/uploads\/2024\/06\/6111E.jpg\" \/>\n\t<meta property=\"og:image:width\" content=\"305\" \/>\n\t<meta property=\"og:image:height\" content=\"281\" \/>\n\t<meta property=\"og:image:type\" content=\"image\/jpeg\" \/>\n<meta name=\"twitter:card\" content=\"summary_large_image\" \/>\n<script type=\"application\/ld+json\" class=\"yoast-schema-graph\">{\"@context\":\"https:\/\/schema.org\",\"@graph\":[{\"@type\":\"WebPage\",\"@id\":\"https:\/\/lexgoshop.com\/fr\/product\/express-roofing-field-torch-kit-340000-btu-with-steel-burner-6111e\/\",\"url\":\"https:\/\/lexgoshop.com\/fr\/product\/express-roofing-field-torch-kit-340000-btu-with-steel-burner-6111e\/\",\"name\":\"Kit de Torche pour Toiture EXPRESS - 6111E | LexGoShop\",\"isPartOf\":{\"@id\":\"https:\/\/lexgoshop.com\/#website\"},\"primaryImageOfPage\":{\"@id\":\"https:\/\/lexgoshop.com\/fr\/product\/express-roofing-field-torch-kit-340000-btu-with-steel-burner-6111e\/#primaryimage\"},\"image\":{\"@id\":\"https:\/\/lexgoshop.com\/fr\/product\/express-roofing-field-torch-kit-340000-btu-with-steel-burner-6111e\/#primaryimage\"},\"thumbnailUrl\":\"https:\/\/lexgoshop.com\/wp-content\/uploads\/2024\/06\/6111E.jpg\",\"datePublished\":\"2024-06-20T13:36:15+00:00\",\"dateModified\":\"2024-07-25T14:44:04+00:00\",\"description\":\"Outils et accessoires: Kit de Torche pour Toiture EXPRESS - 6111E. Kit de Torche pour Toiture EXPRESS 340 000 BTU en Acier, enti\u00e8rement assembl\u00e9.\",\"breadcrumb\":{\"@id\":\"https:\/\/lexgoshop.com\/fr\/product\/express-roofing-field-torch-kit-340000-btu-with-steel-burner-6111e\/#breadcrumb\"},\"inLanguage\":\"fr-ca\",\"potentialAction\":[{\"@type\":\"ReadAction\",\"target\":[\"https:\/\/lexgoshop.com\/fr\/product\/express-roofing-field-torch-kit-340000-btu-with-steel-burner-6111e\/\"]}]},{\"@type\":\"ImageObject\",\"inLanguage\":\"fr-ca\",\"@id\":\"https:\/\/lexgoshop.com\/fr\/product\/express-roofing-field-torch-kit-340000-btu-with-steel-burner-6111e\/#primaryimage\",\"url\":\"https:\/\/lexgoshop.com\/wp-content\/uploads\/2024\/06\/6111E.jpg\",\"contentUrl\":\"https:\/\/lexgoshop.com\/wp-content\/uploads\/2024\/06\/6111E.jpg\",\"width\":305,\"height\":281},{\"@type\":\"BreadcrumbList\",\"@id\":\"https:\/\/lexgoshop.com\/fr\/product\/express-roofing-field-torch-kit-340000-btu-with-steel-burner-6111e\/#breadcrumb\",\"itemListElement\":[{\"@type\":\"ListItem\",\"position\":1,\"name\":\"Home\",\"item\":\"https:\/\/lexgoshop.com\/fr\/accueil-2\/\"},{\"@type\":\"ListItem\",\"position\":2,\"name\":\"Boutique\",\"item\":\"https:\/\/lexgoshop.com\/fr\/roofing-materials-and-tools\/\"},{\"@type\":\"ListItem\",\"position\":3,\"name\":\"Kit de Torche pour Toiture EXPRESS &#8211; 6111E\"}]},{\"@type\":\"WebSite\",\"@id\":\"https:\/\/lexgoshop.com\/#website\",\"url\":\"https:\/\/lexgoshop.com\/\",\"name\":\"LexGoShop\",\"description\":\"Roofing Materials supplier\",\"publisher\":{\"@id\":\"https:\/\/lexgoshop.com\/#organization\"},\"potentialAction\":[{\"@type\":\"SearchAction\",\"target\":{\"@type\":\"EntryPoint\",\"urlTemplate\":\"https:\/\/lexgoshop.com\/?s={search_term_string}\"},\"query-input\":{\"@type\":\"PropertyValueSpecification\",\"valueRequired\":true,\"valueName\":\"search_term_string\"}}],\"inLanguage\":\"fr-ca\"},{\"@type\":\"Organization\",\"@id\":\"https:\/\/lexgoshop.com\/#organization\",\"name\":\"Lexgoshop\",\"url\":\"https:\/\/lexgoshop.com\/\",\"logo\":{\"@type\":\"ImageObject\",\"inLanguage\":\"fr-ca\",\"@id\":\"https:\/\/lexgoshop.com\/#\/schema\/logo\/image\/\",\"url\":\"https:\/\/lexgoshop.com\/wp-content\/uploads\/2016\/09\/login-logo.png\",\"contentUrl\":\"https:\/\/lexgoshop.com\/wp-content\/uploads\/2016\/09\/login-logo.png\",\"width\":315,\"height\":100,\"caption\":\"Lexgoshop\"},\"image\":{\"@id\":\"https:\/\/lexgoshop.com\/#\/schema\/logo\/image\/\"}}]}<\/script>\n<!-- \/ Yoast SEO plugin. -->","yoast_head_json":{"title":"Kit de Torche pour Toiture EXPRESS - 6111E | LexGoShop","description":"Outils et accessoires: Kit de Torche pour Toiture EXPRESS - 6111E. Kit de Torche pour Toiture EXPRESS 340 000 BTU en Acier, enti\u00e8rement assembl\u00e9.","robots":{"index":"index","follow":"follow","max-snippet":"max-snippet:-1","max-image-preview":"max-image-preview:large","max-video-preview":"max-video-preview:-1"},"canonical":"https:\/\/lexgoshop.com\/fr\/product\/express-roofing-field-torch-kit-340000-btu-with-steel-burner-6111e\/","og_locale":"fr_FR","og_type":"article","og_title":"Kit de Torche pour Toiture EXPRESS - 6111E | LexGoShop","og_description":"Outils et accessoires: Kit de Torche pour Toiture EXPRESS - 6111E. Kit de Torche pour Toiture EXPRESS 340 000 BTU en Acier, enti\u00e8rement assembl\u00e9.","og_url":"https:\/\/lexgoshop.com\/fr\/product\/express-roofing-field-torch-kit-340000-btu-with-steel-burner-6111e\/","og_site_name":"LexGoShop","article_modified_time":"2024-07-25T14:44:04+00:00","og_image":[{"width":305,"height":281,"url":"https:\/\/lexgoshop.com\/wp-content\/uploads\/2024\/06\/6111E.jpg","type":"image\/jpeg"}],"twitter_card":"summary_large_image","schema":{"@context":"https:\/\/schema.org","@graph":[{"@type":"WebPage","@id":"https:\/\/lexgoshop.com\/fr\/product\/express-roofing-field-torch-kit-340000-btu-with-steel-burner-6111e\/","url":"https:\/\/lexgoshop.com\/fr\/product\/express-roofing-field-torch-kit-340000-btu-with-steel-burner-6111e\/","name":"Kit de Torche pour Toiture EXPRESS - 6111E | LexGoShop","isPartOf":{"@id":"https:\/\/lexgoshop.com\/#website"},"primaryImageOfPage":{"@id":"https:\/\/lexgoshop.com\/fr\/product\/express-roofing-field-torch-kit-340000-btu-with-steel-burner-6111e\/#primaryimage"},"image":{"@id":"https:\/\/lexgoshop.com\/fr\/product\/express-roofing-field-torch-kit-340000-btu-with-steel-burner-6111e\/#primaryimage"},"thumbnailUrl":"https:\/\/lexgoshop.com\/wp-content\/uploads\/2024\/06\/6111E.jpg","datePublished":"2024-06-20T13:36:15+00:00","dateModified":"2024-07-25T14:44:04+00:00","description":"Outils et accessoires: Kit de Torche pour Toiture EXPRESS - 6111E. Kit de Torche pour Toiture EXPRESS 340 000 BTU en Acier, enti\u00e8rement assembl\u00e9.","breadcrumb":{"@id":"https:\/\/lexgoshop.com\/fr\/product\/express-roofing-field-torch-kit-340000-btu-with-steel-burner-6111e\/#breadcrumb"},"inLanguage":"fr-ca","potentialAction":[{"@type":"ReadAction","target":["https:\/\/lexgoshop.com\/fr\/product\/express-roofing-field-torch-kit-340000-btu-with-steel-burner-6111e\/"]}]},{"@type":"ImageObject","inLanguage":"fr-ca","@id":"https:\/\/lexgoshop.com\/fr\/product\/express-roofing-field-torch-kit-340000-btu-with-steel-burner-6111e\/#primaryimage","url":"https:\/\/lexgoshop.com\/wp-content\/uploads\/2024\/06\/6111E.jpg","contentUrl":"https:\/\/lexgoshop.com\/wp-content\/uploads\/2024\/06\/6111E.jpg","width":305,"height":281},{"@type":"BreadcrumbList","@id":"https:\/\/lexgoshop.com\/fr\/product\/express-roofing-field-torch-kit-340000-btu-with-steel-burner-6111e\/#breadcrumb","itemListElement":[{"@type":"ListItem","position":1,"name":"Home","item":"https:\/\/lexgoshop.com\/fr\/accueil-2\/"},{"@type":"ListItem","position":2,"name":"Boutique","item":"https:\/\/lexgoshop.com\/fr\/roofing-materials-and-tools\/"},{"@type":"ListItem","position":3,"name":"Kit de Torche pour Toiture EXPRESS &#8211; 6111E"}]},{"@type":"WebSite","@id":"https:\/\/lexgoshop.com\/#website","url":"https:\/\/lexgoshop.com\/","name":"LexGoShop","description":"Roofing Materials supplier","publisher":{"@id":"https:\/\/lexgoshop.com\/#organization"},"potentialAction":[{"@type":"SearchAction","target":{"@type":"EntryPoint","urlTemplate":"https:\/\/lexgoshop.com\/?s={search_term_string}"},"query-input":{"@type":"PropertyValueSpecification","valueRequired":true,"valueName":"search_term_string"}}],"inLanguage":"fr-ca"},{"@type":"Organization","@id":"https:\/\/lexgoshop.com\/#organization","name":"Lexgoshop","url":"https:\/\/lexgoshop.com\/","logo":{"@type":"ImageObject","inLanguage":"fr-ca","@id":"https:\/\/lexgoshop.com\/#\/schema\/logo\/image\/","url":"https:\/\/lexgoshop.com\/wp-content\/uploads\/2016\/09\/login-logo.png","contentUrl":"https:\/\/lexgoshop.com\/wp-content\/uploads\/2016\/09\/login-logo.png","width":315,"height":100,"caption":"Lexgoshop"},"image":{"@id":"https:\/\/lexgoshop.com\/#\/schema\/logo\/image\/"}}]}},"_links":{"self":[{"href":"https:\/\/lexgoshop.com\/fr\/wp-json\/wp\/v2\/product\/5142"}],"collection":[{"href":"https:\/\/lexgoshop.com\/fr\/wp-json\/wp\/v2\/product"}],"about":[{"href":"https:\/\/lexgoshop.com\/fr\/wp-json\/wp\/v2\/types\/product"}],"replies":[{"embeddable":true,"href":"https:\/\/lexgoshop.com\/fr\/wp-json\/wp\/v2\/comments?post=5142"}],"wp:featuredmedia":[{"embeddable":true,"href":"https:\/\/lexgoshop.com\/fr\/wp-json\/wp\/v2\/media\/5140"}],"wp:attachment":[{"href":"https:\/\/lexgoshop.com\/fr\/wp-json\/wp\/v2\/media?parent=5142"}],"wp:term":[{"taxonomy":"product_cat","embeddable":true,"href":"https:\/\/lexgoshop.com\/fr\/wp-json\/wp\/v2\/product_cat?post=5142"},{"taxonomy":"product_tag","embeddable":true,"href":"https:\/\/lexgoshop.com\/fr\/wp-json\/wp\/v2\/product_tag?post=5142"}],"curies":[{"name":"wp","href":"https:\/\/api.w.org\/{rel}","templated":true}]}}