{"id":5136,"date":"2024-06-20T08:50:40","date_gmt":"2024-06-20T12:50:40","guid":{"rendered":"https:\/\/lexgoshop.com\/product\/express-roofers-combo-torch-kit-pack-6211cre\/"},"modified":"2024-07-25T10:42:21","modified_gmt":"2024-07-25T14:42:21","slug":"express-roofers-combo-torch-kit-pack-6211cre","status":"publish","type":"product","link":"https:\/\/lexgoshop.com\/fr\/product\/express-roofers-combo-torch-kit-pack-6211cre\/","title":{"rendered":"La trousse de torches EXPRESS Combo &#8211; 6211CRE"},"content":{"rendered":"<p>La trousse de torches EXPRESS Combo 6211CRE\u00a0comprend deux ensembles de torches pour toiture complets. Il contient l\u2019ensemble de torche\u00a0Roofers Field\u00a0avec un br\u00fbleur 150T puissant et l\u00e9ger en titane, ainsi que l\u2019ensemble de torche Detail\u00a0avec un br\u00fbleur 50S en acier inoxydable. Les deux torches sont \u00e9quip\u00e9es de poign\u00e9es de torche bi-mat\u00e9riau 620CR avec d\u00e9tente et raccord de coude pivotant \u00e0 connexion rapide qui se connecte facilement aux tuyaux.\u00a0De plus, chaque ensemble de torches est \u00e9quip\u00e9 de ses propres poign\u00e9es, chalumeaux, supports de chalumeaux \u00e0 clipser, r\u00e9gulateurs de 30-60 psi, tuyaux de 25 pieds et un percuteur en silex.<\/p>\n","protected":false},"excerpt":{"rendered":"<p>Torche de terrain en titane et torche de d\u00e9tail en acier inoxydable avec tuyau de 25 pieds, r\u00e9gulateurs et percuteur en silex.<\/p>\n","protected":false},"featured_media":5195,"comment_status":"closed","ping_status":"closed","template":"","meta":{"_acf_changed":false},"product_cat":[301],"product_tag":[],"class_list":{"0":"post-5136","1":"product","2":"type-product","3":"status-publish","4":"has-post-thumbnail","6":"product_cat-outils-et-accessoires_","7":"product-grid-view","9":"first","10":"instock","11":"taxable","12":"shipping-taxable","13":"purchasable","14":"product-type-simple"},"acf":[],"yoast_head":"<!-- This site is optimized with the Yoast SEO plugin v23.8 - https:\/\/yoast.com\/wordpress\/plugins\/seo\/ -->\n<title>La trousse de torches EXPRESS Combo - 6211CRE | LexGoShop<\/title>\n<meta name=\"description\" content=\"Outils et accessoires: La trousse de torches EXPRESS Combo - 6211CRE. Torche de terrain en titane et torche de d\u00e9tail en acier inoxydable avec tuyau de 25 pieds, r\u00e9gulateurs et percuteur en silex.\" \/>\n<meta name=\"robots\" content=\"index, follow, max-snippet:-1, max-image-preview:large, max-video-preview:-1\" \/>\n<link rel=\"canonical\" href=\"https:\/\/lexgoshop.com\/fr\/product\/express-roofers-combo-torch-kit-pack-6211cre\/\" \/>\n<meta property=\"og:locale\" content=\"fr_FR\" \/>\n<meta property=\"og:type\" content=\"article\" \/>\n<meta property=\"og:title\" content=\"La trousse de torches EXPRESS Combo - 6211CRE | LexGoShop\" \/>\n<meta property=\"og:description\" content=\"Outils et accessoires: La trousse de torches EXPRESS Combo - 6211CRE. Torche de terrain en titane et torche de d\u00e9tail en acier inoxydable avec tuyau de 25 pieds, r\u00e9gulateurs et percuteur en silex.\" \/>\n<meta property=\"og:url\" content=\"https:\/\/lexgoshop.com\/fr\/product\/express-roofers-combo-torch-kit-pack-6211cre\/\" \/>\n<meta property=\"og:site_name\" content=\"LexGoShop\" \/>\n<meta property=\"article:modified_time\" content=\"2024-07-25T14:42:21+00:00\" \/>\n<meta property=\"og:image\" content=\"https:\/\/lexgoshop.com\/wp-content\/uploads\/2024\/06\/6211CRE-1.jpg\" \/>\n\t<meta property=\"og:image:width\" content=\"305\" \/>\n\t<meta property=\"og:image:height\" content=\"281\" \/>\n\t<meta property=\"og:image:type\" content=\"image\/jpeg\" \/>\n<meta name=\"twitter:card\" content=\"summary_large_image\" \/>\n<script type=\"application\/ld+json\" class=\"yoast-schema-graph\">{\"@context\":\"https:\/\/schema.org\",\"@graph\":[{\"@type\":\"WebPage\",\"@id\":\"https:\/\/lexgoshop.com\/fr\/product\/express-roofers-combo-torch-kit-pack-6211cre\/\",\"url\":\"https:\/\/lexgoshop.com\/fr\/product\/express-roofers-combo-torch-kit-pack-6211cre\/\",\"name\":\"La trousse de torches EXPRESS Combo - 6211CRE | LexGoShop\",\"isPartOf\":{\"@id\":\"https:\/\/lexgoshop.com\/#website\"},\"primaryImageOfPage\":{\"@id\":\"https:\/\/lexgoshop.com\/fr\/product\/express-roofers-combo-torch-kit-pack-6211cre\/#primaryimage\"},\"image\":{\"@id\":\"https:\/\/lexgoshop.com\/fr\/product\/express-roofers-combo-torch-kit-pack-6211cre\/#primaryimage\"},\"thumbnailUrl\":\"https:\/\/lexgoshop.com\/wp-content\/uploads\/2024\/06\/6211CRE-1.jpg\",\"datePublished\":\"2024-06-20T12:50:40+00:00\",\"dateModified\":\"2024-07-25T14:42:21+00:00\",\"description\":\"Outils et accessoires: La trousse de torches EXPRESS Combo - 6211CRE. Torche de terrain en titane et torche de d\u00e9tail en acier inoxydable avec tuyau de 25 pieds, r\u00e9gulateurs et percuteur en silex.\",\"breadcrumb\":{\"@id\":\"https:\/\/lexgoshop.com\/fr\/product\/express-roofers-combo-torch-kit-pack-6211cre\/#breadcrumb\"},\"inLanguage\":\"fr-ca\",\"potentialAction\":[{\"@type\":\"ReadAction\",\"target\":[\"https:\/\/lexgoshop.com\/fr\/product\/express-roofers-combo-torch-kit-pack-6211cre\/\"]}]},{\"@type\":\"ImageObject\",\"inLanguage\":\"fr-ca\",\"@id\":\"https:\/\/lexgoshop.com\/fr\/product\/express-roofers-combo-torch-kit-pack-6211cre\/#primaryimage\",\"url\":\"https:\/\/lexgoshop.com\/wp-content\/uploads\/2024\/06\/6211CRE-1.jpg\",\"contentUrl\":\"https:\/\/lexgoshop.com\/wp-content\/uploads\/2024\/06\/6211CRE-1.jpg\",\"width\":305,\"height\":281},{\"@type\":\"BreadcrumbList\",\"@id\":\"https:\/\/lexgoshop.com\/fr\/product\/express-roofers-combo-torch-kit-pack-6211cre\/#breadcrumb\",\"itemListElement\":[{\"@type\":\"ListItem\",\"position\":1,\"name\":\"Home\",\"item\":\"https:\/\/lexgoshop.com\/fr\/accueil-2\/\"},{\"@type\":\"ListItem\",\"position\":2,\"name\":\"Boutique\",\"item\":\"https:\/\/lexgoshop.com\/fr\/roofing-materials-and-tools\/\"},{\"@type\":\"ListItem\",\"position\":3,\"name\":\"La trousse de torches EXPRESS Combo &#8211; 6211CRE\"}]},{\"@type\":\"WebSite\",\"@id\":\"https:\/\/lexgoshop.com\/#website\",\"url\":\"https:\/\/lexgoshop.com\/\",\"name\":\"LexGoShop\",\"description\":\"Roofing Materials supplier\",\"publisher\":{\"@id\":\"https:\/\/lexgoshop.com\/#organization\"},\"potentialAction\":[{\"@type\":\"SearchAction\",\"target\":{\"@type\":\"EntryPoint\",\"urlTemplate\":\"https:\/\/lexgoshop.com\/?s={search_term_string}\"},\"query-input\":{\"@type\":\"PropertyValueSpecification\",\"valueRequired\":true,\"valueName\":\"search_term_string\"}}],\"inLanguage\":\"fr-ca\"},{\"@type\":\"Organization\",\"@id\":\"https:\/\/lexgoshop.com\/#organization\",\"name\":\"Lexgoshop\",\"url\":\"https:\/\/lexgoshop.com\/\",\"logo\":{\"@type\":\"ImageObject\",\"inLanguage\":\"fr-ca\",\"@id\":\"https:\/\/lexgoshop.com\/#\/schema\/logo\/image\/\",\"url\":\"https:\/\/lexgoshop.com\/wp-content\/uploads\/2016\/09\/login-logo.png\",\"contentUrl\":\"https:\/\/lexgoshop.com\/wp-content\/uploads\/2016\/09\/login-logo.png\",\"width\":315,\"height\":100,\"caption\":\"Lexgoshop\"},\"image\":{\"@id\":\"https:\/\/lexgoshop.com\/#\/schema\/logo\/image\/\"}}]}<\/script>\n<!-- \/ Yoast SEO plugin. -->","yoast_head_json":{"title":"La trousse de torches EXPRESS Combo - 6211CRE | LexGoShop","description":"Outils et accessoires: La trousse de torches EXPRESS Combo - 6211CRE. Torche de terrain en titane et torche de d\u00e9tail en acier inoxydable avec tuyau de 25 pieds, r\u00e9gulateurs et percuteur en silex.","robots":{"index":"index","follow":"follow","max-snippet":"max-snippet:-1","max-image-preview":"max-image-preview:large","max-video-preview":"max-video-preview:-1"},"canonical":"https:\/\/lexgoshop.com\/fr\/product\/express-roofers-combo-torch-kit-pack-6211cre\/","og_locale":"fr_FR","og_type":"article","og_title":"La trousse de torches EXPRESS Combo - 6211CRE | LexGoShop","og_description":"Outils et accessoires: La trousse de torches EXPRESS Combo - 6211CRE. Torche de terrain en titane et torche de d\u00e9tail en acier inoxydable avec tuyau de 25 pieds, r\u00e9gulateurs et percuteur en silex.","og_url":"https:\/\/lexgoshop.com\/fr\/product\/express-roofers-combo-torch-kit-pack-6211cre\/","og_site_name":"LexGoShop","article_modified_time":"2024-07-25T14:42:21+00:00","og_image":[{"width":305,"height":281,"url":"https:\/\/lexgoshop.com\/wp-content\/uploads\/2024\/06\/6211CRE-1.jpg","type":"image\/jpeg"}],"twitter_card":"summary_large_image","schema":{"@context":"https:\/\/schema.org","@graph":[{"@type":"WebPage","@id":"https:\/\/lexgoshop.com\/fr\/product\/express-roofers-combo-torch-kit-pack-6211cre\/","url":"https:\/\/lexgoshop.com\/fr\/product\/express-roofers-combo-torch-kit-pack-6211cre\/","name":"La trousse de torches EXPRESS Combo - 6211CRE | LexGoShop","isPartOf":{"@id":"https:\/\/lexgoshop.com\/#website"},"primaryImageOfPage":{"@id":"https:\/\/lexgoshop.com\/fr\/product\/express-roofers-combo-torch-kit-pack-6211cre\/#primaryimage"},"image":{"@id":"https:\/\/lexgoshop.com\/fr\/product\/express-roofers-combo-torch-kit-pack-6211cre\/#primaryimage"},"thumbnailUrl":"https:\/\/lexgoshop.com\/wp-content\/uploads\/2024\/06\/6211CRE-1.jpg","datePublished":"2024-06-20T12:50:40+00:00","dateModified":"2024-07-25T14:42:21+00:00","description":"Outils et accessoires: La trousse de torches EXPRESS Combo - 6211CRE. Torche de terrain en titane et torche de d\u00e9tail en acier inoxydable avec tuyau de 25 pieds, r\u00e9gulateurs et percuteur en silex.","breadcrumb":{"@id":"https:\/\/lexgoshop.com\/fr\/product\/express-roofers-combo-torch-kit-pack-6211cre\/#breadcrumb"},"inLanguage":"fr-ca","potentialAction":[{"@type":"ReadAction","target":["https:\/\/lexgoshop.com\/fr\/product\/express-roofers-combo-torch-kit-pack-6211cre\/"]}]},{"@type":"ImageObject","inLanguage":"fr-ca","@id":"https:\/\/lexgoshop.com\/fr\/product\/express-roofers-combo-torch-kit-pack-6211cre\/#primaryimage","url":"https:\/\/lexgoshop.com\/wp-content\/uploads\/2024\/06\/6211CRE-1.jpg","contentUrl":"https:\/\/lexgoshop.com\/wp-content\/uploads\/2024\/06\/6211CRE-1.jpg","width":305,"height":281},{"@type":"BreadcrumbList","@id":"https:\/\/lexgoshop.com\/fr\/product\/express-roofers-combo-torch-kit-pack-6211cre\/#breadcrumb","itemListElement":[{"@type":"ListItem","position":1,"name":"Home","item":"https:\/\/lexgoshop.com\/fr\/accueil-2\/"},{"@type":"ListItem","position":2,"name":"Boutique","item":"https:\/\/lexgoshop.com\/fr\/roofing-materials-and-tools\/"},{"@type":"ListItem","position":3,"name":"La trousse de torches EXPRESS Combo &#8211; 6211CRE"}]},{"@type":"WebSite","@id":"https:\/\/lexgoshop.com\/#website","url":"https:\/\/lexgoshop.com\/","name":"LexGoShop","description":"Roofing Materials supplier","publisher":{"@id":"https:\/\/lexgoshop.com\/#organization"},"potentialAction":[{"@type":"SearchAction","target":{"@type":"EntryPoint","urlTemplate":"https:\/\/lexgoshop.com\/?s={search_term_string}"},"query-input":{"@type":"PropertyValueSpecification","valueRequired":true,"valueName":"search_term_string"}}],"inLanguage":"fr-ca"},{"@type":"Organization","@id":"https:\/\/lexgoshop.com\/#organization","name":"Lexgoshop","url":"https:\/\/lexgoshop.com\/","logo":{"@type":"ImageObject","inLanguage":"fr-ca","@id":"https:\/\/lexgoshop.com\/#\/schema\/logo\/image\/","url":"https:\/\/lexgoshop.com\/wp-content\/uploads\/2016\/09\/login-logo.png","contentUrl":"https:\/\/lexgoshop.com\/wp-content\/uploads\/2016\/09\/login-logo.png","width":315,"height":100,"caption":"Lexgoshop"},"image":{"@id":"https:\/\/lexgoshop.com\/#\/schema\/logo\/image\/"}}]}},"_links":{"self":[{"href":"https:\/\/lexgoshop.com\/fr\/wp-json\/wp\/v2\/product\/5136"}],"collection":[{"href":"https:\/\/lexgoshop.com\/fr\/wp-json\/wp\/v2\/product"}],"about":[{"href":"https:\/\/lexgoshop.com\/fr\/wp-json\/wp\/v2\/types\/product"}],"replies":[{"embeddable":true,"href":"https:\/\/lexgoshop.com\/fr\/wp-json\/wp\/v2\/comments?post=5136"}],"wp:featuredmedia":[{"embeddable":true,"href":"https:\/\/lexgoshop.com\/fr\/wp-json\/wp\/v2\/media\/5195"}],"wp:attachment":[{"href":"https:\/\/lexgoshop.com\/fr\/wp-json\/wp\/v2\/media?parent=5136"}],"wp:term":[{"taxonomy":"product_cat","embeddable":true,"href":"https:\/\/lexgoshop.com\/fr\/wp-json\/wp\/v2\/product_cat?post=5136"},{"taxonomy":"product_tag","embeddable":true,"href":"https:\/\/lexgoshop.com\/fr\/wp-json\/wp\/v2\/product_tag?post=5136"}],"curies":[{"name":"wp","href":"https:\/\/api.w.org\/{rel}","templated":true}]}}