{"id":4355,"date":"2022-02-10T10:59:30","date_gmt":"2022-02-10T14:59:30","guid":{"rendered":"https:\/\/lexgoshop.com\/product\/lexheat-lexcor-plaque-chauffante-autoregulatrice-pour-drain-de-toiture\/"},"modified":"2022-02-10T11:11:25","modified_gmt":"2022-02-10T15:11:25","slug":"lexheat-lexcor-plaque-chauffante-autoregulatrice-pour-drain-de-toiture","status":"publish","type":"product","link":"https:\/\/lexgoshop.com\/fr\/product\/lexheat-lexcor-plaque-chauffante-autoregulatrice-pour-drain-de-toiture\/","title":{"rendered":"LEXHEAT LEXCOR &#8211; plaque chauffante autor\u00e9gulatrice pour drain de toiture"},"content":{"rendered":"<p><strong>DESCRIPTION &amp; UTILISATION<\/strong><br \/>\nLa plaque chauffante autor\u00e9gulatrice LEXHEAT offre une protection de drain de toiture contre les dommages caus\u00e9s par le gel ou l\u2019accumulation de glace. La plaque ajuste la chaleur produite en fonction des conditions de la temp\u00e9rature ambiante. Plus il fait froid, plus la chaleur produite augmente et plus il fait chaud, plus la chaleur produite diminue pour \u00e9conomiser l\u2019\u00e9nergie. Un c\u00e2ble suppl\u00e9mentaire de 91,44 cm (3&#8242;) peut \u00eatre ajout\u00e9 dans la conduite principale du toit s\u2019il y a pr\u00e9sence de glace. Ce produit convient aux applications pour toit plat r\u00e9sidentielles et commerciales.<\/p>\n<p><strong>CARACT\u00c9RISTIQUES ET AVANTAGES<\/strong><br \/>\n<strong>Autor\u00e9gulation<\/strong> &#8211; la chaleur produite s\u2019ajuste en fonction de la temp\u00e9rature ambiante<br \/>\n<strong>Plaque chauffante<\/strong> &#8211; permet \u00e0 la plaque chauffante pour le drain de toiture d\u2019\u00eatre exempt de glace et de rester sec pour un drainage appropri\u00e9<br \/>\n<strong>Sans entretien<\/strong> &#8211; une tranquilit\u00e9 d&#8217;esprit toute l&#8217;ann\u00e9e<br \/>\n<strong>Facile \u00e0 installer<\/strong> &#8211; il suffit de le placer et de le brancher pour commencer la protection<\/p>\n<p><strong>DONN\u00c9ES TECHNIQUES<\/strong><br \/>\nDimension ext\u00e9rieure : 69 cm x 69 cm (27\u201d X 27\u201d)<br \/>\nOuverture : 30,5 cm x 30,5 cm (12\u201d X 12\u201d)<br \/>\nC\u00e2ble ext\u00e9rieur pour connexion : Environ 2,47 m (9&#8242;) (Peut varier)<br \/>\nC\u00e2ble int\u00e9rieur expos\u00e9 : Environ 0,91 m (3&#8242;) (Peut varier)<br \/>\n\u00c9paisseur : 2,86 cm (1-1\/8\u201d)<br \/>\nPoids : \u00b1 12,25 kg (27 lb)<br \/>\nTension : 208-277 V<br \/>\nTaille minimale du disjoncteur (Amp) : 15<br \/>\nTemp\u00e9rature maximale d\u2019exposition : 85\u00b0C (185\u00b0F)<br \/>\nClasse \u00e9lectrique : Non dangereux et dangereux<\/p>\n<p><strong>EMBALLAGE<\/strong><br \/>\nUnit\u00e9s simple : 69 cm x 69 cm x 2,86 cm (27\u201d x 27\u201d x 1-1\/8\u201d) avec c\u00e2ble ext\u00e9rieur et c\u00e2ble int\u00e9rieur<\/p>\n<p><strong>INSTRUCTIONS D&#8217;INSTALLATION<\/strong><\/p>\n<ul>\n<li>Sur le drain de toiture existant, placer la plaque autor\u00e9gulatrice chauffante LEXHEAT par-dessus la cr\u00e9pine de mani\u00e8re \u00e0 ce que la plaque LEXHEAT soit install\u00e9e sur la membrane du toit et qu\u2019elle y repose.<\/li>\n<li>Brancher le c\u00e2ble de la plaque dans une prise \u00e9lectrique pour la mettre en marche et lancer la protection.<\/li>\n<\/ul>\n","protected":false},"excerpt":{"rendered":"<p>La plaque chauffante autor\u00e9gulatrice LEXHEAT offre une protection de drain de toiture contre les dommages caus\u00e9s par le gel ou l\u2019accumulation de glace. La plaque ajuste la chaleur produite en fonction des conditions de la temp\u00e9rature ambiante. Plus il fait froid, plus la chaleur produite augmente et plus il fait chaud, plus la chaleur produite diminue pour \u00e9conomiser l\u2019\u00e9nergie. Un c\u00e2ble suppl\u00e9mentaire de 91,44 cm (3&#8242;) peut \u00eatre ajout\u00e9 dans la conduite principale du toit s\u2019il y a pr\u00e9sence de glace. Ce produit convient aux applications pour toit plat r\u00e9sidentielles et commerciales.<\/p>\n","protected":false},"featured_media":4354,"comment_status":"open","ping_status":"closed","template":"","meta":{"_acf_changed":false},"product_cat":[],"product_tag":[],"class_list":{"0":"post-4355","1":"product","2":"type-product","3":"status-publish","4":"has-post-thumbnail","6":"product-grid-view","8":"first","9":"instock","10":"sale","11":"taxable","12":"shipping-taxable","13":"purchasable","14":"product-type-simple"},"acf":[],"yoast_head":"<!-- This site is optimized with the Yoast SEO plugin v23.8 - https:\/\/yoast.com\/wordpress\/plugins\/seo\/ -->\n<title>LEXHEAT LEXCOR - plaque chauffante autor\u00e9gulatrice pour drain de toiture | LexGoShop<\/title>\n<meta name=\"description\" content=\": LEXHEAT LEXCOR - plaque chauffante autor\u00e9gulatrice pour drain de toiture. La plaque chauffante autor\u00e9gulatrice LEXHEAT offre une protection de drain de toiture contre les dommages caus\u00e9s par le gel ou l\u2019accumulation de glace. La plaque ajuste la chaleur produite en fonction des conditions de la temp\u00e9rature ambiante. Plus il fait froid, plus la chaleur produite augmente et plus il fait chaud, plus la chaleur produite diminue pour \u00e9conomiser l\u2019\u00e9nergie. Un c\u00e2ble suppl\u00e9mentaire de 91,44 cm (3&#039;) peut \u00eatre ajout\u00e9 dans la conduite principale du toit s\u2019il y a pr\u00e9sence de glace. Ce produit convient aux applications pour toit plat r\u00e9sidentielles et commerciales.\" \/>\n<meta name=\"robots\" content=\"index, follow, max-snippet:-1, max-image-preview:large, max-video-preview:-1\" \/>\n<link rel=\"canonical\" href=\"https:\/\/lexgoshop.com\/fr\/product\/lexheat-lexcor-plaque-chauffante-autoregulatrice-pour-drain-de-toiture\/\" \/>\n<meta property=\"og:locale\" content=\"fr_FR\" \/>\n<meta property=\"og:type\" content=\"article\" \/>\n<meta property=\"og:title\" content=\"LEXHEAT LEXCOR - plaque chauffante autor\u00e9gulatrice pour drain de toiture | LexGoShop\" \/>\n<meta property=\"og:description\" content=\": LEXHEAT LEXCOR - plaque chauffante autor\u00e9gulatrice pour drain de toiture. La plaque chauffante autor\u00e9gulatrice LEXHEAT offre une protection de drain de toiture contre les dommages caus\u00e9s par le gel ou l\u2019accumulation de glace. La plaque ajuste la chaleur produite en fonction des conditions de la temp\u00e9rature ambiante. Plus il fait froid, plus la chaleur produite augmente et plus il fait chaud, plus la chaleur produite diminue pour \u00e9conomiser l\u2019\u00e9nergie. Un c\u00e2ble suppl\u00e9mentaire de 91,44 cm (3&#039;) peut \u00eatre ajout\u00e9 dans la conduite principale du toit s\u2019il y a pr\u00e9sence de glace. Ce produit convient aux applications pour toit plat r\u00e9sidentielles et commerciales.\" \/>\n<meta property=\"og:url\" content=\"https:\/\/lexgoshop.com\/fr\/product\/lexheat-lexcor-plaque-chauffante-autoregulatrice-pour-drain-de-toiture\/\" \/>\n<meta property=\"og:site_name\" content=\"LexGoShop\" \/>\n<meta property=\"article:modified_time\" content=\"2022-02-10T15:11:25+00:00\" \/>\n<meta property=\"og:image\" content=\"https:\/\/lexgoshop.com\/wp-content\/uploads\/2022\/02\/LEXHEAT.jpg\" \/>\n\t<meta property=\"og:image:width\" content=\"3024\" \/>\n\t<meta property=\"og:image:height\" content=\"2763\" \/>\n\t<meta property=\"og:image:type\" content=\"image\/jpeg\" \/>\n<meta name=\"twitter:card\" content=\"summary_large_image\" \/>\n<script type=\"application\/ld+json\" class=\"yoast-schema-graph\">{\"@context\":\"https:\/\/schema.org\",\"@graph\":[{\"@type\":\"WebPage\",\"@id\":\"https:\/\/lexgoshop.com\/fr\/product\/lexheat-lexcor-plaque-chauffante-autoregulatrice-pour-drain-de-toiture\/\",\"url\":\"https:\/\/lexgoshop.com\/fr\/product\/lexheat-lexcor-plaque-chauffante-autoregulatrice-pour-drain-de-toiture\/\",\"name\":\"LEXHEAT LEXCOR - plaque chauffante autor\u00e9gulatrice pour drain de toiture | LexGoShop\",\"isPartOf\":{\"@id\":\"https:\/\/lexgoshop.com\/#website\"},\"primaryImageOfPage\":{\"@id\":\"https:\/\/lexgoshop.com\/fr\/product\/lexheat-lexcor-plaque-chauffante-autoregulatrice-pour-drain-de-toiture\/#primaryimage\"},\"image\":{\"@id\":\"https:\/\/lexgoshop.com\/fr\/product\/lexheat-lexcor-plaque-chauffante-autoregulatrice-pour-drain-de-toiture\/#primaryimage\"},\"thumbnailUrl\":\"https:\/\/lexgoshop.com\/wp-content\/uploads\/2022\/02\/LEXHEAT.jpg\",\"datePublished\":\"2022-02-10T14:59:30+00:00\",\"dateModified\":\"2022-02-10T15:11:25+00:00\",\"description\":\": LEXHEAT LEXCOR - plaque chauffante autor\u00e9gulatrice pour drain de toiture. La plaque chauffante autor\u00e9gulatrice LEXHEAT offre une protection de drain de toiture contre les dommages caus\u00e9s par le gel ou l\u2019accumulation de glace. La plaque ajuste la chaleur produite en fonction des conditions de la temp\u00e9rature ambiante. Plus il fait froid, plus la chaleur produite augmente et plus il fait chaud, plus la chaleur produite diminue pour \u00e9conomiser l\u2019\u00e9nergie. Un c\u00e2ble suppl\u00e9mentaire de 91,44 cm (3') peut \u00eatre ajout\u00e9 dans la conduite principale du toit s\u2019il y a pr\u00e9sence de glace. Ce produit convient aux applications pour toit plat r\u00e9sidentielles et commerciales.\",\"breadcrumb\":{\"@id\":\"https:\/\/lexgoshop.com\/fr\/product\/lexheat-lexcor-plaque-chauffante-autoregulatrice-pour-drain-de-toiture\/#breadcrumb\"},\"inLanguage\":\"fr-ca\",\"potentialAction\":[{\"@type\":\"ReadAction\",\"target\":[\"https:\/\/lexgoshop.com\/fr\/product\/lexheat-lexcor-plaque-chauffante-autoregulatrice-pour-drain-de-toiture\/\"]}]},{\"@type\":\"ImageObject\",\"inLanguage\":\"fr-ca\",\"@id\":\"https:\/\/lexgoshop.com\/fr\/product\/lexheat-lexcor-plaque-chauffante-autoregulatrice-pour-drain-de-toiture\/#primaryimage\",\"url\":\"https:\/\/lexgoshop.com\/wp-content\/uploads\/2022\/02\/LEXHEAT.jpg\",\"contentUrl\":\"https:\/\/lexgoshop.com\/wp-content\/uploads\/2022\/02\/LEXHEAT.jpg\",\"width\":3024,\"height\":2763},{\"@type\":\"BreadcrumbList\",\"@id\":\"https:\/\/lexgoshop.com\/fr\/product\/lexheat-lexcor-plaque-chauffante-autoregulatrice-pour-drain-de-toiture\/#breadcrumb\",\"itemListElement\":[{\"@type\":\"ListItem\",\"position\":1,\"name\":\"Home\",\"item\":\"https:\/\/lexgoshop.com\/fr\/accueil-2\/\"},{\"@type\":\"ListItem\",\"position\":2,\"name\":\"Boutique\",\"item\":\"https:\/\/lexgoshop.com\/fr\/roofing-materials-and-tools\/\"},{\"@type\":\"ListItem\",\"position\":3,\"name\":\"LEXHEAT LEXCOR &#8211; plaque chauffante autor\u00e9gulatrice pour drain de toiture\"}]},{\"@type\":\"WebSite\",\"@id\":\"https:\/\/lexgoshop.com\/#website\",\"url\":\"https:\/\/lexgoshop.com\/\",\"name\":\"LexGoShop\",\"description\":\"Roofing Materials supplier\",\"publisher\":{\"@id\":\"https:\/\/lexgoshop.com\/#organization\"},\"potentialAction\":[{\"@type\":\"SearchAction\",\"target\":{\"@type\":\"EntryPoint\",\"urlTemplate\":\"https:\/\/lexgoshop.com\/?s={search_term_string}\"},\"query-input\":{\"@type\":\"PropertyValueSpecification\",\"valueRequired\":true,\"valueName\":\"search_term_string\"}}],\"inLanguage\":\"fr-ca\"},{\"@type\":\"Organization\",\"@id\":\"https:\/\/lexgoshop.com\/#organization\",\"name\":\"Lexgoshop\",\"url\":\"https:\/\/lexgoshop.com\/\",\"logo\":{\"@type\":\"ImageObject\",\"inLanguage\":\"fr-ca\",\"@id\":\"https:\/\/lexgoshop.com\/#\/schema\/logo\/image\/\",\"url\":\"https:\/\/lexgoshop.com\/wp-content\/uploads\/2016\/09\/login-logo.png\",\"contentUrl\":\"https:\/\/lexgoshop.com\/wp-content\/uploads\/2016\/09\/login-logo.png\",\"width\":315,\"height\":100,\"caption\":\"Lexgoshop\"},\"image\":{\"@id\":\"https:\/\/lexgoshop.com\/#\/schema\/logo\/image\/\"}}]}<\/script>\n<!-- \/ Yoast SEO plugin. -->","yoast_head_json":{"title":"LEXHEAT LEXCOR - plaque chauffante autor\u00e9gulatrice pour drain de toiture | LexGoShop","description":": LEXHEAT LEXCOR - plaque chauffante autor\u00e9gulatrice pour drain de toiture. La plaque chauffante autor\u00e9gulatrice LEXHEAT offre une protection de drain de toiture contre les dommages caus\u00e9s par le gel ou l\u2019accumulation de glace. La plaque ajuste la chaleur produite en fonction des conditions de la temp\u00e9rature ambiante. Plus il fait froid, plus la chaleur produite augmente et plus il fait chaud, plus la chaleur produite diminue pour \u00e9conomiser l\u2019\u00e9nergie. Un c\u00e2ble suppl\u00e9mentaire de 91,44 cm (3') peut \u00eatre ajout\u00e9 dans la conduite principale du toit s\u2019il y a pr\u00e9sence de glace. Ce produit convient aux applications pour toit plat r\u00e9sidentielles et commerciales.","robots":{"index":"index","follow":"follow","max-snippet":"max-snippet:-1","max-image-preview":"max-image-preview:large","max-video-preview":"max-video-preview:-1"},"canonical":"https:\/\/lexgoshop.com\/fr\/product\/lexheat-lexcor-plaque-chauffante-autoregulatrice-pour-drain-de-toiture\/","og_locale":"fr_FR","og_type":"article","og_title":"LEXHEAT LEXCOR - plaque chauffante autor\u00e9gulatrice pour drain de toiture | LexGoShop","og_description":": LEXHEAT LEXCOR - plaque chauffante autor\u00e9gulatrice pour drain de toiture. La plaque chauffante autor\u00e9gulatrice LEXHEAT offre une protection de drain de toiture contre les dommages caus\u00e9s par le gel ou l\u2019accumulation de glace. La plaque ajuste la chaleur produite en fonction des conditions de la temp\u00e9rature ambiante. Plus il fait froid, plus la chaleur produite augmente et plus il fait chaud, plus la chaleur produite diminue pour \u00e9conomiser l\u2019\u00e9nergie. Un c\u00e2ble suppl\u00e9mentaire de 91,44 cm (3') peut \u00eatre ajout\u00e9 dans la conduite principale du toit s\u2019il y a pr\u00e9sence de glace. Ce produit convient aux applications pour toit plat r\u00e9sidentielles et commerciales.","og_url":"https:\/\/lexgoshop.com\/fr\/product\/lexheat-lexcor-plaque-chauffante-autoregulatrice-pour-drain-de-toiture\/","og_site_name":"LexGoShop","article_modified_time":"2022-02-10T15:11:25+00:00","og_image":[{"width":3024,"height":2763,"url":"https:\/\/lexgoshop.com\/wp-content\/uploads\/2022\/02\/LEXHEAT.jpg","type":"image\/jpeg"}],"twitter_card":"summary_large_image","schema":{"@context":"https:\/\/schema.org","@graph":[{"@type":"WebPage","@id":"https:\/\/lexgoshop.com\/fr\/product\/lexheat-lexcor-plaque-chauffante-autoregulatrice-pour-drain-de-toiture\/","url":"https:\/\/lexgoshop.com\/fr\/product\/lexheat-lexcor-plaque-chauffante-autoregulatrice-pour-drain-de-toiture\/","name":"LEXHEAT LEXCOR - plaque chauffante autor\u00e9gulatrice pour drain de toiture | LexGoShop","isPartOf":{"@id":"https:\/\/lexgoshop.com\/#website"},"primaryImageOfPage":{"@id":"https:\/\/lexgoshop.com\/fr\/product\/lexheat-lexcor-plaque-chauffante-autoregulatrice-pour-drain-de-toiture\/#primaryimage"},"image":{"@id":"https:\/\/lexgoshop.com\/fr\/product\/lexheat-lexcor-plaque-chauffante-autoregulatrice-pour-drain-de-toiture\/#primaryimage"},"thumbnailUrl":"https:\/\/lexgoshop.com\/wp-content\/uploads\/2022\/02\/LEXHEAT.jpg","datePublished":"2022-02-10T14:59:30+00:00","dateModified":"2022-02-10T15:11:25+00:00","description":": LEXHEAT LEXCOR - plaque chauffante autor\u00e9gulatrice pour drain de toiture. La plaque chauffante autor\u00e9gulatrice LEXHEAT offre une protection de drain de toiture contre les dommages caus\u00e9s par le gel ou l\u2019accumulation de glace. La plaque ajuste la chaleur produite en fonction des conditions de la temp\u00e9rature ambiante. Plus il fait froid, plus la chaleur produite augmente et plus il fait chaud, plus la chaleur produite diminue pour \u00e9conomiser l\u2019\u00e9nergie. Un c\u00e2ble suppl\u00e9mentaire de 91,44 cm (3') peut \u00eatre ajout\u00e9 dans la conduite principale du toit s\u2019il y a pr\u00e9sence de glace. Ce produit convient aux applications pour toit plat r\u00e9sidentielles et commerciales.","breadcrumb":{"@id":"https:\/\/lexgoshop.com\/fr\/product\/lexheat-lexcor-plaque-chauffante-autoregulatrice-pour-drain-de-toiture\/#breadcrumb"},"inLanguage":"fr-ca","potentialAction":[{"@type":"ReadAction","target":["https:\/\/lexgoshop.com\/fr\/product\/lexheat-lexcor-plaque-chauffante-autoregulatrice-pour-drain-de-toiture\/"]}]},{"@type":"ImageObject","inLanguage":"fr-ca","@id":"https:\/\/lexgoshop.com\/fr\/product\/lexheat-lexcor-plaque-chauffante-autoregulatrice-pour-drain-de-toiture\/#primaryimage","url":"https:\/\/lexgoshop.com\/wp-content\/uploads\/2022\/02\/LEXHEAT.jpg","contentUrl":"https:\/\/lexgoshop.com\/wp-content\/uploads\/2022\/02\/LEXHEAT.jpg","width":3024,"height":2763},{"@type":"BreadcrumbList","@id":"https:\/\/lexgoshop.com\/fr\/product\/lexheat-lexcor-plaque-chauffante-autoregulatrice-pour-drain-de-toiture\/#breadcrumb","itemListElement":[{"@type":"ListItem","position":1,"name":"Home","item":"https:\/\/lexgoshop.com\/fr\/accueil-2\/"},{"@type":"ListItem","position":2,"name":"Boutique","item":"https:\/\/lexgoshop.com\/fr\/roofing-materials-and-tools\/"},{"@type":"ListItem","position":3,"name":"LEXHEAT LEXCOR &#8211; plaque chauffante autor\u00e9gulatrice pour drain de toiture"}]},{"@type":"WebSite","@id":"https:\/\/lexgoshop.com\/#website","url":"https:\/\/lexgoshop.com\/","name":"LexGoShop","description":"Roofing Materials supplier","publisher":{"@id":"https:\/\/lexgoshop.com\/#organization"},"potentialAction":[{"@type":"SearchAction","target":{"@type":"EntryPoint","urlTemplate":"https:\/\/lexgoshop.com\/?s={search_term_string}"},"query-input":{"@type":"PropertyValueSpecification","valueRequired":true,"valueName":"search_term_string"}}],"inLanguage":"fr-ca"},{"@type":"Organization","@id":"https:\/\/lexgoshop.com\/#organization","name":"Lexgoshop","url":"https:\/\/lexgoshop.com\/","logo":{"@type":"ImageObject","inLanguage":"fr-ca","@id":"https:\/\/lexgoshop.com\/#\/schema\/logo\/image\/","url":"https:\/\/lexgoshop.com\/wp-content\/uploads\/2016\/09\/login-logo.png","contentUrl":"https:\/\/lexgoshop.com\/wp-content\/uploads\/2016\/09\/login-logo.png","width":315,"height":100,"caption":"Lexgoshop"},"image":{"@id":"https:\/\/lexgoshop.com\/#\/schema\/logo\/image\/"}}]}},"_links":{"self":[{"href":"https:\/\/lexgoshop.com\/fr\/wp-json\/wp\/v2\/product\/4355"}],"collection":[{"href":"https:\/\/lexgoshop.com\/fr\/wp-json\/wp\/v2\/product"}],"about":[{"href":"https:\/\/lexgoshop.com\/fr\/wp-json\/wp\/v2\/types\/product"}],"replies":[{"embeddable":true,"href":"https:\/\/lexgoshop.com\/fr\/wp-json\/wp\/v2\/comments?post=4355"}],"wp:featuredmedia":[{"embeddable":true,"href":"https:\/\/lexgoshop.com\/fr\/wp-json\/wp\/v2\/media\/4354"}],"wp:attachment":[{"href":"https:\/\/lexgoshop.com\/fr\/wp-json\/wp\/v2\/media?parent=4355"}],"wp:term":[{"taxonomy":"product_cat","embeddable":true,"href":"https:\/\/lexgoshop.com\/fr\/wp-json\/wp\/v2\/product_cat?post=4355"},{"taxonomy":"product_tag","embeddable":true,"href":"https:\/\/lexgoshop.com\/fr\/wp-json\/wp\/v2\/product_tag?post=4355"}],"curies":[{"name":"wp","href":"https:\/\/api.w.org\/{rel}","templated":true}]}}