{"id":3286,"date":"2016-09-02T09:00:08","date_gmt":"2016-09-02T13:00:08","guid":{"rendered":"https:\/\/lexgoshop.com\/product\/balai-magnetique-sure-pick-manche-unique\/"},"modified":"2016-09-02T09:00:08","modified_gmt":"2016-09-02T13:00:08","slug":"balai-magnetique-sure-pick-manche-unique","status":"publish","type":"product","link":"https:\/\/lexgoshop.com\/fr\/product\/balai-magnetique-sure-pick-manche-unique\/","title":{"rendered":"Balai magn\u00e9tique Sure-Pick manche unique"},"content":{"rendered":"<div class=\"post-content woocommerce-product-details__short-description\">\n<p>Balai magn\u00e9tique sans roues utile pour nettoyer les zones poussi\u00e9reuses difficiles \u00e0 atteindre. Facile \u00e0 utiliser sur la plupart des surfaces et amovible pour un nettoyage facile<\/p>\n<\/div>\n<div class=\"rp_wcdpd_product_page\"><\/div>\n","protected":false},"excerpt":{"rendered":"<div class=\"post-content woocommerce-product-details__short-description\">\n<p>Balai magn\u00e9tique sans roues utile pour nettoyer les zones poussi\u00e9reuses difficiles \u00e0 atteindre. Facile \u00e0 utiliser sur la plupart des surfaces et amovible pour un nettoyage facile<\/p>\n<\/div>\n<div class=\"rp_wcdpd_product_page\"><\/div>\n","protected":false},"featured_media":613,"comment_status":"closed","ping_status":"closed","template":"","meta":{"_acf_changed":false},"product_cat":[301],"product_tag":[],"class_list":{"0":"post-3286","1":"product","2":"type-product","3":"status-publish","4":"has-post-thumbnail","6":"product_cat-outils-et-accessoires_","7":"product-grid-view","9":"first","10":"instock","11":"taxable","12":"shipping-taxable","13":"purchasable","14":"product-type-variable","15":"has-default-attributes"},"acf":[],"yoast_head":"<!-- This site is optimized with the Yoast SEO plugin v23.8 - https:\/\/yoast.com\/wordpress\/plugins\/seo\/ -->\n<title>Primegrip Magnet Broom, Single Shaft Magnet Broom, Roofing Clean Up Broom<\/title>\n<meta name=\"description\" content=\"The primegrip Single Shaft Sure-Pick magnet broom is great for cleaning up during or after a roofing project. The magnet broom will pick up all magnetic materials reducing falling hazards of unseen nails.\" \/>\n<meta name=\"robots\" content=\"index, follow, max-snippet:-1, max-image-preview:large, max-video-preview:-1\" \/>\n<link rel=\"canonical\" href=\"https:\/\/lexgoshop.com\/fr\/product\/balai-magnetique-sure-pick-manche-unique\/\" \/>\n<meta property=\"og:locale\" content=\"fr_FR\" \/>\n<meta property=\"og:type\" content=\"article\" \/>\n<meta property=\"og:title\" content=\"Primegrip Magnet Broom, Single Shaft Magnet Broom, Roofing Clean Up Broom\" \/>\n<meta property=\"og:description\" content=\"The primegrip Single Shaft Sure-Pick magnet broom is great for cleaning up during or after a roofing project. The magnet broom will pick up all magnetic materials reducing falling hazards of unseen nails.\" \/>\n<meta property=\"og:url\" content=\"https:\/\/lexgoshop.com\/fr\/product\/balai-magnetique-sure-pick-manche-unique\/\" \/>\n<meta property=\"og:site_name\" content=\"LexGoShop\" \/>\n<meta property=\"og:image\" content=\"https:\/\/lexgoshop.com\/wp-content\/uploads\/2016\/09\/O42001.jpg\" \/>\n\t<meta property=\"og:image:width\" content=\"305\" \/>\n\t<meta property=\"og:image:height\" content=\"281\" \/>\n\t<meta property=\"og:image:type\" content=\"image\/jpeg\" \/>\n<meta name=\"twitter:card\" content=\"summary_large_image\" \/>\n<script type=\"application\/ld+json\" class=\"yoast-schema-graph\">{\"@context\":\"https:\/\/schema.org\",\"@graph\":[{\"@type\":\"WebPage\",\"@id\":\"https:\/\/lexgoshop.com\/fr\/product\/balai-magnetique-sure-pick-manche-unique\/\",\"url\":\"https:\/\/lexgoshop.com\/fr\/product\/balai-magnetique-sure-pick-manche-unique\/\",\"name\":\"Primegrip Magnet Broom, Single Shaft Magnet Broom, Roofing Clean Up Broom\",\"isPartOf\":{\"@id\":\"https:\/\/lexgoshop.com\/#website\"},\"primaryImageOfPage\":{\"@id\":\"https:\/\/lexgoshop.com\/fr\/product\/balai-magnetique-sure-pick-manche-unique\/#primaryimage\"},\"image\":{\"@id\":\"https:\/\/lexgoshop.com\/fr\/product\/balai-magnetique-sure-pick-manche-unique\/#primaryimage\"},\"thumbnailUrl\":\"https:\/\/lexgoshop.com\/wp-content\/uploads\/2016\/09\/O42001.jpg\",\"datePublished\":\"2016-09-02T13:00:08+00:00\",\"dateModified\":\"2016-09-02T13:00:08+00:00\",\"description\":\"The primegrip Single Shaft Sure-Pick magnet broom is great for cleaning up during or after a roofing project. The magnet broom will pick up all magnetic materials reducing falling hazards of unseen nails.\",\"breadcrumb\":{\"@id\":\"https:\/\/lexgoshop.com\/fr\/product\/balai-magnetique-sure-pick-manche-unique\/#breadcrumb\"},\"inLanguage\":\"fr-ca\",\"potentialAction\":[{\"@type\":\"ReadAction\",\"target\":[\"https:\/\/lexgoshop.com\/fr\/product\/balai-magnetique-sure-pick-manche-unique\/\"]}]},{\"@type\":\"ImageObject\",\"inLanguage\":\"fr-ca\",\"@id\":\"https:\/\/lexgoshop.com\/fr\/product\/balai-magnetique-sure-pick-manche-unique\/#primaryimage\",\"url\":\"https:\/\/lexgoshop.com\/wp-content\/uploads\/2016\/09\/O42001.jpg\",\"contentUrl\":\"https:\/\/lexgoshop.com\/wp-content\/uploads\/2016\/09\/O42001.jpg\",\"width\":305,\"height\":281,\"caption\":\"Balai magn\u00e9tique Sure-Pick manche unique 20\\\"\"},{\"@type\":\"BreadcrumbList\",\"@id\":\"https:\/\/lexgoshop.com\/fr\/product\/balai-magnetique-sure-pick-manche-unique\/#breadcrumb\",\"itemListElement\":[{\"@type\":\"ListItem\",\"position\":1,\"name\":\"Home\",\"item\":\"https:\/\/lexgoshop.com\/fr\/accueil-2\/\"},{\"@type\":\"ListItem\",\"position\":2,\"name\":\"Boutique\",\"item\":\"https:\/\/lexgoshop.com\/fr\/roofing-materials-and-tools\/\"},{\"@type\":\"ListItem\",\"position\":3,\"name\":\"Balai magn\u00e9tique Sure-Pick manche unique\"}]},{\"@type\":\"WebSite\",\"@id\":\"https:\/\/lexgoshop.com\/#website\",\"url\":\"https:\/\/lexgoshop.com\/\",\"name\":\"LexGoShop\",\"description\":\"Roofing Materials supplier\",\"publisher\":{\"@id\":\"https:\/\/lexgoshop.com\/#organization\"},\"potentialAction\":[{\"@type\":\"SearchAction\",\"target\":{\"@type\":\"EntryPoint\",\"urlTemplate\":\"https:\/\/lexgoshop.com\/?s={search_term_string}\"},\"query-input\":{\"@type\":\"PropertyValueSpecification\",\"valueRequired\":true,\"valueName\":\"search_term_string\"}}],\"inLanguage\":\"fr-ca\"},{\"@type\":\"Organization\",\"@id\":\"https:\/\/lexgoshop.com\/#organization\",\"name\":\"Lexgoshop\",\"url\":\"https:\/\/lexgoshop.com\/\",\"logo\":{\"@type\":\"ImageObject\",\"inLanguage\":\"fr-ca\",\"@id\":\"https:\/\/lexgoshop.com\/#\/schema\/logo\/image\/\",\"url\":\"https:\/\/lexgoshop.com\/wp-content\/uploads\/2016\/09\/login-logo.png\",\"contentUrl\":\"https:\/\/lexgoshop.com\/wp-content\/uploads\/2016\/09\/login-logo.png\",\"width\":315,\"height\":100,\"caption\":\"Lexgoshop\"},\"image\":{\"@id\":\"https:\/\/lexgoshop.com\/#\/schema\/logo\/image\/\"}}]}<\/script>\n<!-- \/ Yoast SEO plugin. -->","yoast_head_json":{"title":"Primegrip Magnet Broom, Single Shaft Magnet Broom, Roofing Clean Up Broom","description":"The primegrip Single Shaft Sure-Pick magnet broom is great for cleaning up during or after a roofing project. The magnet broom will pick up all magnetic materials reducing falling hazards of unseen nails.","robots":{"index":"index","follow":"follow","max-snippet":"max-snippet:-1","max-image-preview":"max-image-preview:large","max-video-preview":"max-video-preview:-1"},"canonical":"https:\/\/lexgoshop.com\/fr\/product\/balai-magnetique-sure-pick-manche-unique\/","og_locale":"fr_FR","og_type":"article","og_title":"Primegrip Magnet Broom, Single Shaft Magnet Broom, Roofing Clean Up Broom","og_description":"The primegrip Single Shaft Sure-Pick magnet broom is great for cleaning up during or after a roofing project. The magnet broom will pick up all magnetic materials reducing falling hazards of unseen nails.","og_url":"https:\/\/lexgoshop.com\/fr\/product\/balai-magnetique-sure-pick-manche-unique\/","og_site_name":"LexGoShop","og_image":[{"width":305,"height":281,"url":"https:\/\/lexgoshop.com\/wp-content\/uploads\/2016\/09\/O42001.jpg","type":"image\/jpeg"}],"twitter_card":"summary_large_image","schema":{"@context":"https:\/\/schema.org","@graph":[{"@type":"WebPage","@id":"https:\/\/lexgoshop.com\/fr\/product\/balai-magnetique-sure-pick-manche-unique\/","url":"https:\/\/lexgoshop.com\/fr\/product\/balai-magnetique-sure-pick-manche-unique\/","name":"Primegrip Magnet Broom, Single Shaft Magnet Broom, Roofing Clean Up Broom","isPartOf":{"@id":"https:\/\/lexgoshop.com\/#website"},"primaryImageOfPage":{"@id":"https:\/\/lexgoshop.com\/fr\/product\/balai-magnetique-sure-pick-manche-unique\/#primaryimage"},"image":{"@id":"https:\/\/lexgoshop.com\/fr\/product\/balai-magnetique-sure-pick-manche-unique\/#primaryimage"},"thumbnailUrl":"https:\/\/lexgoshop.com\/wp-content\/uploads\/2016\/09\/O42001.jpg","datePublished":"2016-09-02T13:00:08+00:00","dateModified":"2016-09-02T13:00:08+00:00","description":"The primegrip Single Shaft Sure-Pick magnet broom is great for cleaning up during or after a roofing project. The magnet broom will pick up all magnetic materials reducing falling hazards of unseen nails.","breadcrumb":{"@id":"https:\/\/lexgoshop.com\/fr\/product\/balai-magnetique-sure-pick-manche-unique\/#breadcrumb"},"inLanguage":"fr-ca","potentialAction":[{"@type":"ReadAction","target":["https:\/\/lexgoshop.com\/fr\/product\/balai-magnetique-sure-pick-manche-unique\/"]}]},{"@type":"ImageObject","inLanguage":"fr-ca","@id":"https:\/\/lexgoshop.com\/fr\/product\/balai-magnetique-sure-pick-manche-unique\/#primaryimage","url":"https:\/\/lexgoshop.com\/wp-content\/uploads\/2016\/09\/O42001.jpg","contentUrl":"https:\/\/lexgoshop.com\/wp-content\/uploads\/2016\/09\/O42001.jpg","width":305,"height":281,"caption":"Balai magn\u00e9tique Sure-Pick manche unique 20\""},{"@type":"BreadcrumbList","@id":"https:\/\/lexgoshop.com\/fr\/product\/balai-magnetique-sure-pick-manche-unique\/#breadcrumb","itemListElement":[{"@type":"ListItem","position":1,"name":"Home","item":"https:\/\/lexgoshop.com\/fr\/accueil-2\/"},{"@type":"ListItem","position":2,"name":"Boutique","item":"https:\/\/lexgoshop.com\/fr\/roofing-materials-and-tools\/"},{"@type":"ListItem","position":3,"name":"Balai magn\u00e9tique Sure-Pick manche unique"}]},{"@type":"WebSite","@id":"https:\/\/lexgoshop.com\/#website","url":"https:\/\/lexgoshop.com\/","name":"LexGoShop","description":"Roofing Materials supplier","publisher":{"@id":"https:\/\/lexgoshop.com\/#organization"},"potentialAction":[{"@type":"SearchAction","target":{"@type":"EntryPoint","urlTemplate":"https:\/\/lexgoshop.com\/?s={search_term_string}"},"query-input":{"@type":"PropertyValueSpecification","valueRequired":true,"valueName":"search_term_string"}}],"inLanguage":"fr-ca"},{"@type":"Organization","@id":"https:\/\/lexgoshop.com\/#organization","name":"Lexgoshop","url":"https:\/\/lexgoshop.com\/","logo":{"@type":"ImageObject","inLanguage":"fr-ca","@id":"https:\/\/lexgoshop.com\/#\/schema\/logo\/image\/","url":"https:\/\/lexgoshop.com\/wp-content\/uploads\/2016\/09\/login-logo.png","contentUrl":"https:\/\/lexgoshop.com\/wp-content\/uploads\/2016\/09\/login-logo.png","width":315,"height":100,"caption":"Lexgoshop"},"image":{"@id":"https:\/\/lexgoshop.com\/#\/schema\/logo\/image\/"}}]}},"_links":{"self":[{"href":"https:\/\/lexgoshop.com\/fr\/wp-json\/wp\/v2\/product\/3286"}],"collection":[{"href":"https:\/\/lexgoshop.com\/fr\/wp-json\/wp\/v2\/product"}],"about":[{"href":"https:\/\/lexgoshop.com\/fr\/wp-json\/wp\/v2\/types\/product"}],"replies":[{"embeddable":true,"href":"https:\/\/lexgoshop.com\/fr\/wp-json\/wp\/v2\/comments?post=3286"}],"wp:featuredmedia":[{"embeddable":true,"href":"https:\/\/lexgoshop.com\/fr\/wp-json\/wp\/v2\/media\/613"}],"wp:attachment":[{"href":"https:\/\/lexgoshop.com\/fr\/wp-json\/wp\/v2\/media?parent=3286"}],"wp:term":[{"taxonomy":"product_cat","embeddable":true,"href":"https:\/\/lexgoshop.com\/fr\/wp-json\/wp\/v2\/product_cat?post=3286"},{"taxonomy":"product_tag","embeddable":true,"href":"https:\/\/lexgoshop.com\/fr\/wp-json\/wp\/v2\/product_tag?post=3286"}],"curies":[{"name":"wp","href":"https:\/\/api.w.org\/{rel}","templated":true}]}}