{"id":3275,"date":"2017-12-07T10:06:16","date_gmt":"2017-12-07T14:06:16","guid":{"rendered":"https:\/\/lexgoshop.com\/product\/ventilateur-dentre-toit-pour-toit-incline-serie-r412\/"},"modified":"2026-01-14T09:44:08","modified_gmt":"2026-01-14T13:44:08","slug":"ventilateur-dentre-toit-pour-toit-incline-serie-r412","status":"publish","type":"product","link":"https:\/\/lexgoshop.com\/fr\/product\/ventilateur-dentre-toit-pour-toit-incline-serie-r412\/","title":{"rendered":"Ventilateur dentre toit pour toit incline serie R412 LEXMAT"},"content":{"rendered":"<ul>\n<li>CARACT\u00c9RISTIQUES<\/li>\n<li>Facile d\u2019installation, vis incluses<\/li>\n<li>Disponible en 22, 24 et 26 ga. de construction en acier galvanis\u00e9<\/li>\n<li>Ailettes doublement renforc\u00e9es<\/li>\n<li>Base ajustable pour toiture inclin\u00e9e allant de 2\/12 \u00e0 18\/12<\/li>\n<li>D\u00e9flecteur anti-rafale<\/li>\n<li>Ne requiert pas d\u2019entretien<\/li>\n<li>Rev\u00eatement en polyester<\/li>\n<li>Couleurs standards : noir, brun et gris<\/li>\n<li>Plusieurs choix de couleurs disponibles sur demande<\/li>\n<\/ul>\n<p>D\u00c9TAILS ET DESCRIPTION<\/p>\n<ul>\n<li>Une unit\u00e9 de 12\u201d permet de remplacer jusqu\u2019\u00e0 3 turbines<\/li>\n<li>Le design \u00e0 4 ailettes et les ouvertures permettent une a\u00e9ration<br \/>\noptimale de l\u2019entre-toit<\/li>\n<li>Structure solide reposant sur une base centrale avec panneau<br \/>\nquadrill\u00e9, ce qui \u00e9limine tout besoin d\u2019entretien requis pour les<br \/>\nouvertures des grilles tout en emp\u00eachant l\u2019intrusion d\u2019oiseaux et<br \/>\nde rongeurs dans l\u2019entre-toit<\/li>\n<li>Les d\u00e9flecteurs anti-rafales emp\u00eachent l\u2019infiltration d\u2019intemp\u00e9ries peu importe la direction<\/li>\n<li>L\u2019\u00e9change d\u2019air s\u2019effectue \u00e0 une fr\u00e9quence de 418 pi\u00b3\/min \u00e0 un<br \/>\nd\u00e9bit de 4 miles\/h., ventilant ainsi une superficie de 1000 \u00e0 1200 pi\u00b2<\/li>\n<li>Fonctionne sous l\u2019effet combin\u00e9 du vent et des diff\u00e9rentiels de<br \/>\npression cr\u00e9ant ainsi un effet de chemin\u00e9e<\/li>\n<li>Permet de garder la maison au frais en \u00e9t\u00e9 en \u00e9liminant la chaleur qui s\u2019y accumule \u00e0 l\u2019int\u00e9rieur, emp\u00eachant ainsi des probl\u00e8mes de suintement ainsi que d\u2019autres probl\u00e8mes<\/li>\n<li>Favorise un entre-toit sec en hiver permettant \u00e0 la vapeur de s\u2019\u00e9chapper plut\u00f4t que de se condenser r\u00e9duisant par le fait m\u00eame la moisissure et la formation de glace<\/li>\n<li>Cr\u00e9e une \u00e9conomie d\u2019\u00e9nergie \u00e0 l\u2019ann\u00e9e longue<\/li>\n<li>L\u2019ensemble du design prolonge l\u2019int\u00e9grit\u00e9 de la structure de votre b\u00e2timent<\/li>\n<li>Conforme aux normes de ventilation sur l\u2019a\u00e9ration ad\u00e9quate del\u2019entre-toit exig\u00e9es par le Code national du b\u00e2timent, selon la norme de la section 9.19.1 ou selon l\u2019ACNIR CAN-A93-M82, \u00e0 un ratio de 1\/300<\/li>\n<li>Garantie limit\u00e9e de 5 ans sur la mat\u00e9riel seulement, \u00e0 condition que le produit soit install\u00e9 selon les recommandations du manufacturier<\/li>\n<\/ul>\n","protected":false},"excerpt":{"rendered":"<p>Le design \u00e0 4 ailettes et les ouvertures permettent une a\u00e9ration<br \/>\noptimale de l\u2019entre-toit<br \/>\nStructure solide reposant sur une base centrale avec panneau<br \/>\nquadrill\u00e9, ce qui \u00e9limine tout besoin d\u2019entretien requis pour les<br \/>\nouvertures des grilles tout en emp\u00eachant l\u2019intrusion d\u2019oiseaux et<br \/>\nde rongeurs dans l\u2019entre-toit<\/p>\n","protected":false},"featured_media":1772,"comment_status":"open","ping_status":"closed","template":"","meta":{"_acf_changed":false},"product_cat":[314],"product_tag":[],"class_list":{"0":"post-3275","1":"product","2":"type-product","3":"status-publish","4":"has-post-thumbnail","6":"product_cat-solins-de-toiture","7":"product-grid-view","9":"first","10":"instock","11":"taxable","12":"shipping-taxable","13":"purchasable","14":"product-type-variable","15":"has-default-attributes"},"acf":[],"yoast_head":"<!-- This site is optimized with the Yoast SEO plugin v23.8 - https:\/\/yoast.com\/wordpress\/plugins\/seo\/ -->\n<title>Ventilateur dentre toit pour toit incline serie R412 LEXMAT | LexGoShop<\/title>\n<meta name=\"description\" content=\"Solins de toiture: Ventilateur dentre toit pour toit incline serie R412 LEXMAT. Le design \u00e0 4 ailettes et les ouvertures permettent une a\u00e9ration optimale de l\u2019entre-toit Structure solide reposant sur une base centrale avec panneau quadrill\u00e9, ce qui \u00e9limine tout besoin d\u2019entretien requis pour les ouvertures des grilles tout en emp\u00eachant l\u2019intrusion d\u2019oiseaux et de rongeurs dans l\u2019entre-toit\" \/>\n<meta name=\"robots\" content=\"index, follow, max-snippet:-1, max-image-preview:large, max-video-preview:-1\" \/>\n<link rel=\"canonical\" href=\"https:\/\/lexgoshop.com\/fr\/product\/ventilateur-dentre-toit-pour-toit-incline-serie-r412\/\" \/>\n<meta property=\"og:locale\" content=\"fr_FR\" \/>\n<meta property=\"og:type\" content=\"article\" \/>\n<meta property=\"og:title\" content=\"Ventilateur dentre toit pour toit incline serie R412 LEXMAT | LexGoShop\" \/>\n<meta property=\"og:description\" content=\"Solins de toiture: Ventilateur dentre toit pour toit incline serie R412 LEXMAT. Le design \u00e0 4 ailettes et les ouvertures permettent une a\u00e9ration optimale de l\u2019entre-toit Structure solide reposant sur une base centrale avec panneau quadrill\u00e9, ce qui \u00e9limine tout besoin d\u2019entretien requis pour les ouvertures des grilles tout en emp\u00eachant l\u2019intrusion d\u2019oiseaux et de rongeurs dans l\u2019entre-toit\" \/>\n<meta property=\"og:url\" content=\"https:\/\/lexgoshop.com\/fr\/product\/ventilateur-dentre-toit-pour-toit-incline-serie-r412\/\" \/>\n<meta property=\"og:site_name\" content=\"LexGoShop\" \/>\n<meta property=\"article:modified_time\" content=\"2026-01-14T13:44:08+00:00\" \/>\n<meta property=\"og:image\" content=\"https:\/\/lexgoshop.com\/wp-content\/uploads\/2017\/12\/Lexmat-R412.jpg\" \/>\n\t<meta property=\"og:image:width\" content=\"420\" \/>\n\t<meta property=\"og:image:height\" content=\"293\" \/>\n\t<meta property=\"og:image:type\" content=\"image\/jpeg\" \/>\n<meta name=\"twitter:card\" content=\"summary_large_image\" \/>\n<script type=\"application\/ld+json\" class=\"yoast-schema-graph\">{\"@context\":\"https:\/\/schema.org\",\"@graph\":[{\"@type\":\"WebPage\",\"@id\":\"https:\/\/lexgoshop.com\/fr\/product\/ventilateur-dentre-toit-pour-toit-incline-serie-r412\/\",\"url\":\"https:\/\/lexgoshop.com\/fr\/product\/ventilateur-dentre-toit-pour-toit-incline-serie-r412\/\",\"name\":\"Ventilateur dentre toit pour toit incline serie R412 LEXMAT | LexGoShop\",\"isPartOf\":{\"@id\":\"https:\/\/lexgoshop.com\/#website\"},\"primaryImageOfPage\":{\"@id\":\"https:\/\/lexgoshop.com\/fr\/product\/ventilateur-dentre-toit-pour-toit-incline-serie-r412\/#primaryimage\"},\"image\":{\"@id\":\"https:\/\/lexgoshop.com\/fr\/product\/ventilateur-dentre-toit-pour-toit-incline-serie-r412\/#primaryimage\"},\"thumbnailUrl\":\"https:\/\/lexgoshop.com\/wp-content\/uploads\/2017\/12\/Lexmat-R412.jpg\",\"datePublished\":\"2017-12-07T14:06:16+00:00\",\"dateModified\":\"2026-01-14T13:44:08+00:00\",\"description\":\"Solins de toiture: Ventilateur dentre toit pour toit incline serie R412 LEXMAT. Le design \u00e0 4 ailettes et les ouvertures permettent une a\u00e9ration optimale de l\u2019entre-toit Structure solide reposant sur une base centrale avec panneau quadrill\u00e9, ce qui \u00e9limine tout besoin d\u2019entretien requis pour les ouvertures des grilles tout en emp\u00eachant l\u2019intrusion d\u2019oiseaux et de rongeurs dans l\u2019entre-toit\",\"breadcrumb\":{\"@id\":\"https:\/\/lexgoshop.com\/fr\/product\/ventilateur-dentre-toit-pour-toit-incline-serie-r412\/#breadcrumb\"},\"inLanguage\":\"fr-ca\",\"potentialAction\":[{\"@type\":\"ReadAction\",\"target\":[\"https:\/\/lexgoshop.com\/fr\/product\/ventilateur-dentre-toit-pour-toit-incline-serie-r412\/\"]}]},{\"@type\":\"ImageObject\",\"inLanguage\":\"fr-ca\",\"@id\":\"https:\/\/lexgoshop.com\/fr\/product\/ventilateur-dentre-toit-pour-toit-incline-serie-r412\/#primaryimage\",\"url\":\"https:\/\/lexgoshop.com\/wp-content\/uploads\/2017\/12\/Lexmat-R412.jpg\",\"contentUrl\":\"https:\/\/lexgoshop.com\/wp-content\/uploads\/2017\/12\/Lexmat-R412.jpg\",\"width\":420,\"height\":293,\"caption\":\"Lexmat R412\"},{\"@type\":\"BreadcrumbList\",\"@id\":\"https:\/\/lexgoshop.com\/fr\/product\/ventilateur-dentre-toit-pour-toit-incline-serie-r412\/#breadcrumb\",\"itemListElement\":[{\"@type\":\"ListItem\",\"position\":1,\"name\":\"Home\",\"item\":\"https:\/\/lexgoshop.com\/fr\/accueil-2\/\"},{\"@type\":\"ListItem\",\"position\":2,\"name\":\"Boutique\",\"item\":\"https:\/\/lexgoshop.com\/fr\/roofing-materials-and-tools\/\"},{\"@type\":\"ListItem\",\"position\":3,\"name\":\"Ventilateur dentre toit pour toit incline serie R412 LEXMAT\"}]},{\"@type\":\"WebSite\",\"@id\":\"https:\/\/lexgoshop.com\/#website\",\"url\":\"https:\/\/lexgoshop.com\/\",\"name\":\"LexGoShop\",\"description\":\"Roofing Materials supplier\",\"publisher\":{\"@id\":\"https:\/\/lexgoshop.com\/#organization\"},\"potentialAction\":[{\"@type\":\"SearchAction\",\"target\":{\"@type\":\"EntryPoint\",\"urlTemplate\":\"https:\/\/lexgoshop.com\/?s={search_term_string}\"},\"query-input\":{\"@type\":\"PropertyValueSpecification\",\"valueRequired\":true,\"valueName\":\"search_term_string\"}}],\"inLanguage\":\"fr-ca\"},{\"@type\":\"Organization\",\"@id\":\"https:\/\/lexgoshop.com\/#organization\",\"name\":\"Lexgoshop\",\"url\":\"https:\/\/lexgoshop.com\/\",\"logo\":{\"@type\":\"ImageObject\",\"inLanguage\":\"fr-ca\",\"@id\":\"https:\/\/lexgoshop.com\/#\/schema\/logo\/image\/\",\"url\":\"https:\/\/lexgoshop.com\/wp-content\/uploads\/2016\/09\/login-logo.png\",\"contentUrl\":\"https:\/\/lexgoshop.com\/wp-content\/uploads\/2016\/09\/login-logo.png\",\"width\":315,\"height\":100,\"caption\":\"Lexgoshop\"},\"image\":{\"@id\":\"https:\/\/lexgoshop.com\/#\/schema\/logo\/image\/\"}}]}<\/script>\n<!-- \/ Yoast SEO plugin. -->","yoast_head_json":{"title":"Ventilateur dentre toit pour toit incline serie R412 LEXMAT | LexGoShop","description":"Solins de toiture: Ventilateur dentre toit pour toit incline serie R412 LEXMAT. Le design \u00e0 4 ailettes et les ouvertures permettent une a\u00e9ration optimale de l\u2019entre-toit Structure solide reposant sur une base centrale avec panneau quadrill\u00e9, ce qui \u00e9limine tout besoin d\u2019entretien requis pour les ouvertures des grilles tout en emp\u00eachant l\u2019intrusion d\u2019oiseaux et de rongeurs dans l\u2019entre-toit","robots":{"index":"index","follow":"follow","max-snippet":"max-snippet:-1","max-image-preview":"max-image-preview:large","max-video-preview":"max-video-preview:-1"},"canonical":"https:\/\/lexgoshop.com\/fr\/product\/ventilateur-dentre-toit-pour-toit-incline-serie-r412\/","og_locale":"fr_FR","og_type":"article","og_title":"Ventilateur dentre toit pour toit incline serie R412 LEXMAT | LexGoShop","og_description":"Solins de toiture: Ventilateur dentre toit pour toit incline serie R412 LEXMAT. Le design \u00e0 4 ailettes et les ouvertures permettent une a\u00e9ration optimale de l\u2019entre-toit Structure solide reposant sur une base centrale avec panneau quadrill\u00e9, ce qui \u00e9limine tout besoin d\u2019entretien requis pour les ouvertures des grilles tout en emp\u00eachant l\u2019intrusion d\u2019oiseaux et de rongeurs dans l\u2019entre-toit","og_url":"https:\/\/lexgoshop.com\/fr\/product\/ventilateur-dentre-toit-pour-toit-incline-serie-r412\/","og_site_name":"LexGoShop","article_modified_time":"2026-01-14T13:44:08+00:00","og_image":[{"width":420,"height":293,"url":"https:\/\/lexgoshop.com\/wp-content\/uploads\/2017\/12\/Lexmat-R412.jpg","type":"image\/jpeg"}],"twitter_card":"summary_large_image","schema":{"@context":"https:\/\/schema.org","@graph":[{"@type":"WebPage","@id":"https:\/\/lexgoshop.com\/fr\/product\/ventilateur-dentre-toit-pour-toit-incline-serie-r412\/","url":"https:\/\/lexgoshop.com\/fr\/product\/ventilateur-dentre-toit-pour-toit-incline-serie-r412\/","name":"Ventilateur dentre toit pour toit incline serie R412 LEXMAT | LexGoShop","isPartOf":{"@id":"https:\/\/lexgoshop.com\/#website"},"primaryImageOfPage":{"@id":"https:\/\/lexgoshop.com\/fr\/product\/ventilateur-dentre-toit-pour-toit-incline-serie-r412\/#primaryimage"},"image":{"@id":"https:\/\/lexgoshop.com\/fr\/product\/ventilateur-dentre-toit-pour-toit-incline-serie-r412\/#primaryimage"},"thumbnailUrl":"https:\/\/lexgoshop.com\/wp-content\/uploads\/2017\/12\/Lexmat-R412.jpg","datePublished":"2017-12-07T14:06:16+00:00","dateModified":"2026-01-14T13:44:08+00:00","description":"Solins de toiture: Ventilateur dentre toit pour toit incline serie R412 LEXMAT. Le design \u00e0 4 ailettes et les ouvertures permettent une a\u00e9ration optimale de l\u2019entre-toit Structure solide reposant sur une base centrale avec panneau quadrill\u00e9, ce qui \u00e9limine tout besoin d\u2019entretien requis pour les ouvertures des grilles tout en emp\u00eachant l\u2019intrusion d\u2019oiseaux et de rongeurs dans l\u2019entre-toit","breadcrumb":{"@id":"https:\/\/lexgoshop.com\/fr\/product\/ventilateur-dentre-toit-pour-toit-incline-serie-r412\/#breadcrumb"},"inLanguage":"fr-ca","potentialAction":[{"@type":"ReadAction","target":["https:\/\/lexgoshop.com\/fr\/product\/ventilateur-dentre-toit-pour-toit-incline-serie-r412\/"]}]},{"@type":"ImageObject","inLanguage":"fr-ca","@id":"https:\/\/lexgoshop.com\/fr\/product\/ventilateur-dentre-toit-pour-toit-incline-serie-r412\/#primaryimage","url":"https:\/\/lexgoshop.com\/wp-content\/uploads\/2017\/12\/Lexmat-R412.jpg","contentUrl":"https:\/\/lexgoshop.com\/wp-content\/uploads\/2017\/12\/Lexmat-R412.jpg","width":420,"height":293,"caption":"Lexmat R412"},{"@type":"BreadcrumbList","@id":"https:\/\/lexgoshop.com\/fr\/product\/ventilateur-dentre-toit-pour-toit-incline-serie-r412\/#breadcrumb","itemListElement":[{"@type":"ListItem","position":1,"name":"Home","item":"https:\/\/lexgoshop.com\/fr\/accueil-2\/"},{"@type":"ListItem","position":2,"name":"Boutique","item":"https:\/\/lexgoshop.com\/fr\/roofing-materials-and-tools\/"},{"@type":"ListItem","position":3,"name":"Ventilateur dentre toit pour toit incline serie R412 LEXMAT"}]},{"@type":"WebSite","@id":"https:\/\/lexgoshop.com\/#website","url":"https:\/\/lexgoshop.com\/","name":"LexGoShop","description":"Roofing Materials supplier","publisher":{"@id":"https:\/\/lexgoshop.com\/#organization"},"potentialAction":[{"@type":"SearchAction","target":{"@type":"EntryPoint","urlTemplate":"https:\/\/lexgoshop.com\/?s={search_term_string}"},"query-input":{"@type":"PropertyValueSpecification","valueRequired":true,"valueName":"search_term_string"}}],"inLanguage":"fr-ca"},{"@type":"Organization","@id":"https:\/\/lexgoshop.com\/#organization","name":"Lexgoshop","url":"https:\/\/lexgoshop.com\/","logo":{"@type":"ImageObject","inLanguage":"fr-ca","@id":"https:\/\/lexgoshop.com\/#\/schema\/logo\/image\/","url":"https:\/\/lexgoshop.com\/wp-content\/uploads\/2016\/09\/login-logo.png","contentUrl":"https:\/\/lexgoshop.com\/wp-content\/uploads\/2016\/09\/login-logo.png","width":315,"height":100,"caption":"Lexgoshop"},"image":{"@id":"https:\/\/lexgoshop.com\/#\/schema\/logo\/image\/"}}]}},"_links":{"self":[{"href":"https:\/\/lexgoshop.com\/fr\/wp-json\/wp\/v2\/product\/3275"}],"collection":[{"href":"https:\/\/lexgoshop.com\/fr\/wp-json\/wp\/v2\/product"}],"about":[{"href":"https:\/\/lexgoshop.com\/fr\/wp-json\/wp\/v2\/types\/product"}],"replies":[{"embeddable":true,"href":"https:\/\/lexgoshop.com\/fr\/wp-json\/wp\/v2\/comments?post=3275"}],"wp:featuredmedia":[{"embeddable":true,"href":"https:\/\/lexgoshop.com\/fr\/wp-json\/wp\/v2\/media\/1772"}],"wp:attachment":[{"href":"https:\/\/lexgoshop.com\/fr\/wp-json\/wp\/v2\/media?parent=3275"}],"wp:term":[{"taxonomy":"product_cat","embeddable":true,"href":"https:\/\/lexgoshop.com\/fr\/wp-json\/wp\/v2\/product_cat?post=3275"},{"taxonomy":"product_tag","embeddable":true,"href":"https:\/\/lexgoshop.com\/fr\/wp-json\/wp\/v2\/product_tag?post=3275"}],"curies":[{"name":"wp","href":"https:\/\/api.w.org\/{rel}","templated":true}]}}