{"id":3263,"date":"2016-09-02T09:00:26","date_gmt":"2016-09-02T13:00:26","guid":{"rendered":"https:\/\/lexgoshop.com\/product\/poteau-de-sortie-pour-cables-tuyaux-flash-tite\/"},"modified":"2020-01-02T12:59:14","modified_gmt":"2020-01-02T16:59:14","slug":"poteau-de-sortie-pour-cables-tuyaux-flash-tite","status":"publish","type":"product","link":"https:\/\/lexgoshop.com\/fr\/product\/poteau-de-sortie-pour-cables-tuyaux-flash-tite\/","title":{"rendered":"Poteau de sortie pour c\u00e2bles\/tuyaux \u2013 Flash-Tite"},"content":{"rendered":"<div class=\"post-content woocommerce-product-details__short-description\">\n<p>Le solin d\u2019usage g\u00e9n\u00e9ral peut \u00eatre utilis\u00e9 soit pour monter des conduits d\u2019\u00e9vent ou des c\u00e2bles lourds et flexibles passant par des toitures \u00e0 pente faible<\/p>\n<\/div>\n<div id=\"rp_wcdpd_pricing_table_variation_container\" class=\"rp_wcdpd_pricing_table_variation_container\"><\/div>\n","protected":false},"excerpt":{"rendered":"<p>Le solin d\u2019usage g\u00e9n\u00e9ral peut \u00eatre utilis\u00e9 soit pour monter des conduits d\u2019\u00e9vent ou des c\u00e2bles lourds et flexibles passant par des toitures \u00e0 pente faible<\/p>\n","protected":false},"featured_media":779,"comment_status":"closed","ping_status":"closed","template":"","meta":{"_acf_changed":false},"product_cat":[314],"product_tag":[],"class_list":{"0":"post-3263","1":"product","2":"type-product","3":"status-publish","4":"has-post-thumbnail","6":"product_cat-solins-de-toiture","7":"product-grid-view","9":"first","10":"instock","11":"taxable","12":"shipping-taxable","13":"purchasable","14":"product-type-variable"},"acf":[],"yoast_head":"<!-- This site is optimized with the Yoast SEO plugin v23.8 - https:\/\/yoast.com\/wordpress\/plugins\/seo\/ -->\n<title>Flash-Tite Cable Outlet Post, Cable Outlet Post<\/title>\n<meta name=\"description\" content=\"The Flash-Tite Cable outlet post has a variety of uses in a roofing project setting. They can be used to flash vent pipes or heavy, flexible cables. These comes in various sizes for all needs.\" \/>\n<meta name=\"robots\" content=\"index, follow, max-snippet:-1, max-image-preview:large, max-video-preview:-1\" \/>\n<link rel=\"canonical\" href=\"https:\/\/lexgoshop.com\/fr\/product\/poteau-de-sortie-pour-cables-tuyaux-flash-tite\/\" \/>\n<meta property=\"og:locale\" content=\"fr_FR\" \/>\n<meta property=\"og:type\" content=\"article\" \/>\n<meta property=\"og:title\" content=\"Flash-Tite Cable Outlet Post, Cable Outlet Post\" \/>\n<meta property=\"og:description\" content=\"The Flash-Tite Cable outlet post has a variety of uses in a roofing project setting. They can be used to flash vent pipes or heavy, flexible cables. These comes in various sizes for all needs.\" \/>\n<meta property=\"og:url\" content=\"https:\/\/lexgoshop.com\/fr\/product\/poteau-de-sortie-pour-cables-tuyaux-flash-tite\/\" \/>\n<meta property=\"og:site_name\" content=\"LexGoShop\" \/>\n<meta property=\"article:modified_time\" content=\"2020-01-02T16:59:14+00:00\" \/>\n<meta property=\"og:image\" content=\"https:\/\/lexgoshop.com\/wp-content\/uploads\/2016\/09\/LR66305.jpg\" \/>\n\t<meta property=\"og:image:width\" content=\"305\" \/>\n\t<meta property=\"og:image:height\" content=\"281\" \/>\n\t<meta property=\"og:image:type\" content=\"image\/jpeg\" \/>\n<meta name=\"twitter:card\" content=\"summary_large_image\" \/>\n<script type=\"application\/ld+json\" class=\"yoast-schema-graph\">{\"@context\":\"https:\/\/schema.org\",\"@graph\":[{\"@type\":\"WebPage\",\"@id\":\"https:\/\/lexgoshop.com\/fr\/product\/poteau-de-sortie-pour-cables-tuyaux-flash-tite\/\",\"url\":\"https:\/\/lexgoshop.com\/fr\/product\/poteau-de-sortie-pour-cables-tuyaux-flash-tite\/\",\"name\":\"Flash-Tite Cable Outlet Post, Cable Outlet Post\",\"isPartOf\":{\"@id\":\"https:\/\/lexgoshop.com\/#website\"},\"primaryImageOfPage\":{\"@id\":\"https:\/\/lexgoshop.com\/fr\/product\/poteau-de-sortie-pour-cables-tuyaux-flash-tite\/#primaryimage\"},\"image\":{\"@id\":\"https:\/\/lexgoshop.com\/fr\/product\/poteau-de-sortie-pour-cables-tuyaux-flash-tite\/#primaryimage\"},\"thumbnailUrl\":\"https:\/\/lexgoshop.com\/wp-content\/uploads\/2016\/09\/LR66305.jpg\",\"datePublished\":\"2016-09-02T13:00:26+00:00\",\"dateModified\":\"2020-01-02T16:59:14+00:00\",\"description\":\"The Flash-Tite Cable outlet post has a variety of uses in a roofing project setting. They can be used to flash vent pipes or heavy, flexible cables. These comes in various sizes for all needs.\",\"breadcrumb\":{\"@id\":\"https:\/\/lexgoshop.com\/fr\/product\/poteau-de-sortie-pour-cables-tuyaux-flash-tite\/#breadcrumb\"},\"inLanguage\":\"fr-ca\",\"potentialAction\":[{\"@type\":\"ReadAction\",\"target\":[\"https:\/\/lexgoshop.com\/fr\/product\/poteau-de-sortie-pour-cables-tuyaux-flash-tite\/\"]}]},{\"@type\":\"ImageObject\",\"inLanguage\":\"fr-ca\",\"@id\":\"https:\/\/lexgoshop.com\/fr\/product\/poteau-de-sortie-pour-cables-tuyaux-flash-tite\/#primaryimage\",\"url\":\"https:\/\/lexgoshop.com\/wp-content\/uploads\/2016\/09\/LR66305.jpg\",\"contentUrl\":\"https:\/\/lexgoshop.com\/wp-content\/uploads\/2016\/09\/LR66305.jpg\",\"width\":305,\"height\":281,\"caption\":\"Poteau de sortie pour c\u00e2bles\/tuyaux - Flash-Tite, 3\\\" dia. X12\\\" base haute\"},{\"@type\":\"BreadcrumbList\",\"@id\":\"https:\/\/lexgoshop.com\/fr\/product\/poteau-de-sortie-pour-cables-tuyaux-flash-tite\/#breadcrumb\",\"itemListElement\":[{\"@type\":\"ListItem\",\"position\":1,\"name\":\"Home\",\"item\":\"https:\/\/lexgoshop.com\/fr\/accueil-2\/\"},{\"@type\":\"ListItem\",\"position\":2,\"name\":\"Boutique\",\"item\":\"https:\/\/lexgoshop.com\/fr\/roofing-materials-and-tools\/\"},{\"@type\":\"ListItem\",\"position\":3,\"name\":\"Poteau de sortie pour c\u00e2bles\/tuyaux \u2013 Flash-Tite\"}]},{\"@type\":\"WebSite\",\"@id\":\"https:\/\/lexgoshop.com\/#website\",\"url\":\"https:\/\/lexgoshop.com\/\",\"name\":\"LexGoShop\",\"description\":\"Roofing Materials supplier\",\"publisher\":{\"@id\":\"https:\/\/lexgoshop.com\/#organization\"},\"potentialAction\":[{\"@type\":\"SearchAction\",\"target\":{\"@type\":\"EntryPoint\",\"urlTemplate\":\"https:\/\/lexgoshop.com\/?s={search_term_string}\"},\"query-input\":{\"@type\":\"PropertyValueSpecification\",\"valueRequired\":true,\"valueName\":\"search_term_string\"}}],\"inLanguage\":\"fr-ca\"},{\"@type\":\"Organization\",\"@id\":\"https:\/\/lexgoshop.com\/#organization\",\"name\":\"Lexgoshop\",\"url\":\"https:\/\/lexgoshop.com\/\",\"logo\":{\"@type\":\"ImageObject\",\"inLanguage\":\"fr-ca\",\"@id\":\"https:\/\/lexgoshop.com\/#\/schema\/logo\/image\/\",\"url\":\"https:\/\/lexgoshop.com\/wp-content\/uploads\/2016\/09\/login-logo.png\",\"contentUrl\":\"https:\/\/lexgoshop.com\/wp-content\/uploads\/2016\/09\/login-logo.png\",\"width\":315,\"height\":100,\"caption\":\"Lexgoshop\"},\"image\":{\"@id\":\"https:\/\/lexgoshop.com\/#\/schema\/logo\/image\/\"}}]}<\/script>\n<!-- \/ Yoast SEO plugin. -->","yoast_head_json":{"title":"Flash-Tite Cable Outlet Post, Cable Outlet Post","description":"The Flash-Tite Cable outlet post has a variety of uses in a roofing project setting. They can be used to flash vent pipes or heavy, flexible cables. These comes in various sizes for all needs.","robots":{"index":"index","follow":"follow","max-snippet":"max-snippet:-1","max-image-preview":"max-image-preview:large","max-video-preview":"max-video-preview:-1"},"canonical":"https:\/\/lexgoshop.com\/fr\/product\/poteau-de-sortie-pour-cables-tuyaux-flash-tite\/","og_locale":"fr_FR","og_type":"article","og_title":"Flash-Tite Cable Outlet Post, Cable Outlet Post","og_description":"The Flash-Tite Cable outlet post has a variety of uses in a roofing project setting. They can be used to flash vent pipes or heavy, flexible cables. These comes in various sizes for all needs.","og_url":"https:\/\/lexgoshop.com\/fr\/product\/poteau-de-sortie-pour-cables-tuyaux-flash-tite\/","og_site_name":"LexGoShop","article_modified_time":"2020-01-02T16:59:14+00:00","og_image":[{"width":305,"height":281,"url":"https:\/\/lexgoshop.com\/wp-content\/uploads\/2016\/09\/LR66305.jpg","type":"image\/jpeg"}],"twitter_card":"summary_large_image","schema":{"@context":"https:\/\/schema.org","@graph":[{"@type":"WebPage","@id":"https:\/\/lexgoshop.com\/fr\/product\/poteau-de-sortie-pour-cables-tuyaux-flash-tite\/","url":"https:\/\/lexgoshop.com\/fr\/product\/poteau-de-sortie-pour-cables-tuyaux-flash-tite\/","name":"Flash-Tite Cable Outlet Post, Cable Outlet Post","isPartOf":{"@id":"https:\/\/lexgoshop.com\/#website"},"primaryImageOfPage":{"@id":"https:\/\/lexgoshop.com\/fr\/product\/poteau-de-sortie-pour-cables-tuyaux-flash-tite\/#primaryimage"},"image":{"@id":"https:\/\/lexgoshop.com\/fr\/product\/poteau-de-sortie-pour-cables-tuyaux-flash-tite\/#primaryimage"},"thumbnailUrl":"https:\/\/lexgoshop.com\/wp-content\/uploads\/2016\/09\/LR66305.jpg","datePublished":"2016-09-02T13:00:26+00:00","dateModified":"2020-01-02T16:59:14+00:00","description":"The Flash-Tite Cable outlet post has a variety of uses in a roofing project setting. They can be used to flash vent pipes or heavy, flexible cables. These comes in various sizes for all needs.","breadcrumb":{"@id":"https:\/\/lexgoshop.com\/fr\/product\/poteau-de-sortie-pour-cables-tuyaux-flash-tite\/#breadcrumb"},"inLanguage":"fr-ca","potentialAction":[{"@type":"ReadAction","target":["https:\/\/lexgoshop.com\/fr\/product\/poteau-de-sortie-pour-cables-tuyaux-flash-tite\/"]}]},{"@type":"ImageObject","inLanguage":"fr-ca","@id":"https:\/\/lexgoshop.com\/fr\/product\/poteau-de-sortie-pour-cables-tuyaux-flash-tite\/#primaryimage","url":"https:\/\/lexgoshop.com\/wp-content\/uploads\/2016\/09\/LR66305.jpg","contentUrl":"https:\/\/lexgoshop.com\/wp-content\/uploads\/2016\/09\/LR66305.jpg","width":305,"height":281,"caption":"Poteau de sortie pour c\u00e2bles\/tuyaux - Flash-Tite, 3\" dia. X12\" base haute"},{"@type":"BreadcrumbList","@id":"https:\/\/lexgoshop.com\/fr\/product\/poteau-de-sortie-pour-cables-tuyaux-flash-tite\/#breadcrumb","itemListElement":[{"@type":"ListItem","position":1,"name":"Home","item":"https:\/\/lexgoshop.com\/fr\/accueil-2\/"},{"@type":"ListItem","position":2,"name":"Boutique","item":"https:\/\/lexgoshop.com\/fr\/roofing-materials-and-tools\/"},{"@type":"ListItem","position":3,"name":"Poteau de sortie pour c\u00e2bles\/tuyaux \u2013 Flash-Tite"}]},{"@type":"WebSite","@id":"https:\/\/lexgoshop.com\/#website","url":"https:\/\/lexgoshop.com\/","name":"LexGoShop","description":"Roofing Materials supplier","publisher":{"@id":"https:\/\/lexgoshop.com\/#organization"},"potentialAction":[{"@type":"SearchAction","target":{"@type":"EntryPoint","urlTemplate":"https:\/\/lexgoshop.com\/?s={search_term_string}"},"query-input":{"@type":"PropertyValueSpecification","valueRequired":true,"valueName":"search_term_string"}}],"inLanguage":"fr-ca"},{"@type":"Organization","@id":"https:\/\/lexgoshop.com\/#organization","name":"Lexgoshop","url":"https:\/\/lexgoshop.com\/","logo":{"@type":"ImageObject","inLanguage":"fr-ca","@id":"https:\/\/lexgoshop.com\/#\/schema\/logo\/image\/","url":"https:\/\/lexgoshop.com\/wp-content\/uploads\/2016\/09\/login-logo.png","contentUrl":"https:\/\/lexgoshop.com\/wp-content\/uploads\/2016\/09\/login-logo.png","width":315,"height":100,"caption":"Lexgoshop"},"image":{"@id":"https:\/\/lexgoshop.com\/#\/schema\/logo\/image\/"}}]}},"_links":{"self":[{"href":"https:\/\/lexgoshop.com\/fr\/wp-json\/wp\/v2\/product\/3263"}],"collection":[{"href":"https:\/\/lexgoshop.com\/fr\/wp-json\/wp\/v2\/product"}],"about":[{"href":"https:\/\/lexgoshop.com\/fr\/wp-json\/wp\/v2\/types\/product"}],"replies":[{"embeddable":true,"href":"https:\/\/lexgoshop.com\/fr\/wp-json\/wp\/v2\/comments?post=3263"}],"wp:featuredmedia":[{"embeddable":true,"href":"https:\/\/lexgoshop.com\/fr\/wp-json\/wp\/v2\/media\/779"}],"wp:attachment":[{"href":"https:\/\/lexgoshop.com\/fr\/wp-json\/wp\/v2\/media?parent=3263"}],"wp:term":[{"taxonomy":"product_cat","embeddable":true,"href":"https:\/\/lexgoshop.com\/fr\/wp-json\/wp\/v2\/product_cat?post=3263"},{"taxonomy":"product_tag","embeddable":true,"href":"https:\/\/lexgoshop.com\/fr\/wp-json\/wp\/v2\/product_tag?post=3263"}],"curies":[{"name":"wp","href":"https:\/\/api.w.org\/{rel}","templated":true}]}}