{"id":3210,"date":"2016-09-02T08:59:05","date_gmt":"2016-09-02T12:59:05","guid":{"rendered":"https:\/\/lexgoshop.com\/product\/joint-detancheite-ajustable-maxxflo\/"},"modified":"2020-01-02T14:36:06","modified_gmt":"2020-01-02T18:36:06","slug":"joint-detancheite-ajustable-maxxflo","status":"publish","type":"product","link":"https:\/\/lexgoshop.com\/fr\/product\/joint-detancheite-ajustable-maxxflo\/","title":{"rendered":"Joint d\u2019\u00e9tanch\u00e9it\u00e9 ajustable Maxxflo"},"content":{"rendered":"<div class=\"post-content woocommerce-product-details__short-description\">\n<p>Utilis\u00e9 pour sceller rapidement et efficacement les drains de toiture aux tuyaux de drainage existants<\/p>\n<\/div>\n<div id=\"rp_wcdpd_pricing_table_variation_container\" class=\"rp_wcdpd_pricing_table_variation_container\"><\/div>\n","protected":false},"excerpt":{"rendered":"<div class=\"post-content woocommerce-product-details__short-description\">\n<p>Utilis\u00e9 pour sceller rapidement et efficacement les drains de toiture aux tuyaux de drainage existants<\/p>\n<\/div>\n<div id=\"rp_wcdpd_pricing_table_variation_container\" class=\"rp_wcdpd_pricing_table_variation_container\"><\/div>\n","protected":false},"featured_media":73,"comment_status":"closed","ping_status":"closed","template":"","meta":{"_acf_changed":false},"product_cat":[314],"product_tag":[],"class_list":{"0":"post-3210","1":"product","2":"type-product","3":"status-publish","4":"has-post-thumbnail","6":"product_cat-solins-de-toiture","7":"product-grid-view","9":"first","10":"instock","11":"taxable","12":"shipping-taxable","13":"purchasable","14":"product-type-variable"},"acf":[],"yoast_head":"<!-- This site is optimized with the Yoast SEO plugin v23.8 - https:\/\/yoast.com\/wordpress\/plugins\/seo\/ -->\n<title>Maxxflo by Lexcor Retrofit Drain Seal, Best Roofing Supplies Toronto<\/title>\n<meta name=\"description\" content=\"For your Drain sealing purposes look no further than Maxxflo Roof Retrofit Drain Seal by Lexcor. This drain seal fits seal and is easy to apply with the sealer tool. This can also be used for sealing other surfaces.\" \/>\n<meta name=\"robots\" content=\"index, follow, max-snippet:-1, max-image-preview:large, max-video-preview:-1\" \/>\n<link rel=\"canonical\" href=\"https:\/\/lexgoshop.com\/fr\/product\/joint-detancheite-ajustable-maxxflo\/\" \/>\n<meta property=\"og:locale\" content=\"fr_FR\" \/>\n<meta property=\"og:type\" content=\"article\" \/>\n<meta property=\"og:title\" content=\"Maxxflo by Lexcor Retrofit Drain Seal, Best Roofing Supplies Toronto\" \/>\n<meta property=\"og:description\" content=\"For your Drain sealing purposes look no further than Maxxflo Roof Retrofit Drain Seal by Lexcor. This drain seal fits seal and is easy to apply with the sealer tool. This can also be used for sealing other surfaces.\" \/>\n<meta property=\"og:url\" content=\"https:\/\/lexgoshop.com\/fr\/product\/joint-detancheite-ajustable-maxxflo\/\" \/>\n<meta property=\"og:site_name\" content=\"LexGoShop\" \/>\n<meta property=\"article:modified_time\" content=\"2020-01-02T18:36:06+00:00\" \/>\n<meta property=\"og:image\" content=\"https:\/\/lexgoshop.com\/wp-content\/uploads\/2016\/09\/LR75605.jpg\" \/>\n\t<meta property=\"og:image:width\" content=\"305\" \/>\n\t<meta property=\"og:image:height\" content=\"281\" \/>\n\t<meta property=\"og:image:type\" content=\"image\/jpeg\" \/>\n<meta name=\"twitter:card\" content=\"summary_large_image\" \/>\n<script type=\"application\/ld+json\" class=\"yoast-schema-graph\">{\"@context\":\"https:\/\/schema.org\",\"@graph\":[{\"@type\":\"WebPage\",\"@id\":\"https:\/\/lexgoshop.com\/fr\/product\/joint-detancheite-ajustable-maxxflo\/\",\"url\":\"https:\/\/lexgoshop.com\/fr\/product\/joint-detancheite-ajustable-maxxflo\/\",\"name\":\"Maxxflo by Lexcor Retrofit Drain Seal, Best Roofing Supplies Toronto\",\"isPartOf\":{\"@id\":\"https:\/\/lexgoshop.com\/#website\"},\"primaryImageOfPage\":{\"@id\":\"https:\/\/lexgoshop.com\/fr\/product\/joint-detancheite-ajustable-maxxflo\/#primaryimage\"},\"image\":{\"@id\":\"https:\/\/lexgoshop.com\/fr\/product\/joint-detancheite-ajustable-maxxflo\/#primaryimage\"},\"thumbnailUrl\":\"https:\/\/lexgoshop.com\/wp-content\/uploads\/2016\/09\/LR75605.jpg\",\"datePublished\":\"2016-09-02T12:59:05+00:00\",\"dateModified\":\"2020-01-02T18:36:06+00:00\",\"description\":\"For your Drain sealing purposes look no further than Maxxflo Roof Retrofit Drain Seal by Lexcor. This drain seal fits seal and is easy to apply with the sealer tool. This can also be used for sealing other surfaces.\",\"breadcrumb\":{\"@id\":\"https:\/\/lexgoshop.com\/fr\/product\/joint-detancheite-ajustable-maxxflo\/#breadcrumb\"},\"inLanguage\":\"fr-ca\",\"potentialAction\":[{\"@type\":\"ReadAction\",\"target\":[\"https:\/\/lexgoshop.com\/fr\/product\/joint-detancheite-ajustable-maxxflo\/\"]}]},{\"@type\":\"ImageObject\",\"inLanguage\":\"fr-ca\",\"@id\":\"https:\/\/lexgoshop.com\/fr\/product\/joint-detancheite-ajustable-maxxflo\/#primaryimage\",\"url\":\"https:\/\/lexgoshop.com\/wp-content\/uploads\/2016\/09\/LR75605.jpg\",\"contentUrl\":\"https:\/\/lexgoshop.com\/wp-content\/uploads\/2016\/09\/LR75605.jpg\",\"width\":305,\"height\":281,\"caption\":\"Joint d'\u00e9tanch\u00e9it\u00e9 ajustable Maxxflo - 4\\\"\"},{\"@type\":\"BreadcrumbList\",\"@id\":\"https:\/\/lexgoshop.com\/fr\/product\/joint-detancheite-ajustable-maxxflo\/#breadcrumb\",\"itemListElement\":[{\"@type\":\"ListItem\",\"position\":1,\"name\":\"Home\",\"item\":\"https:\/\/lexgoshop.com\/fr\/accueil-2\/\"},{\"@type\":\"ListItem\",\"position\":2,\"name\":\"Boutique\",\"item\":\"https:\/\/lexgoshop.com\/fr\/roofing-materials-and-tools\/\"},{\"@type\":\"ListItem\",\"position\":3,\"name\":\"Joint d\u2019\u00e9tanch\u00e9it\u00e9 ajustable Maxxflo\"}]},{\"@type\":\"WebSite\",\"@id\":\"https:\/\/lexgoshop.com\/#website\",\"url\":\"https:\/\/lexgoshop.com\/\",\"name\":\"LexGoShop\",\"description\":\"Roofing Materials supplier\",\"publisher\":{\"@id\":\"https:\/\/lexgoshop.com\/#organization\"},\"potentialAction\":[{\"@type\":\"SearchAction\",\"target\":{\"@type\":\"EntryPoint\",\"urlTemplate\":\"https:\/\/lexgoshop.com\/?s={search_term_string}\"},\"query-input\":{\"@type\":\"PropertyValueSpecification\",\"valueRequired\":true,\"valueName\":\"search_term_string\"}}],\"inLanguage\":\"fr-ca\"},{\"@type\":\"Organization\",\"@id\":\"https:\/\/lexgoshop.com\/#organization\",\"name\":\"Lexgoshop\",\"url\":\"https:\/\/lexgoshop.com\/\",\"logo\":{\"@type\":\"ImageObject\",\"inLanguage\":\"fr-ca\",\"@id\":\"https:\/\/lexgoshop.com\/#\/schema\/logo\/image\/\",\"url\":\"https:\/\/lexgoshop.com\/wp-content\/uploads\/2016\/09\/login-logo.png\",\"contentUrl\":\"https:\/\/lexgoshop.com\/wp-content\/uploads\/2016\/09\/login-logo.png\",\"width\":315,\"height\":100,\"caption\":\"Lexgoshop\"},\"image\":{\"@id\":\"https:\/\/lexgoshop.com\/#\/schema\/logo\/image\/\"}}]}<\/script>\n<!-- \/ Yoast SEO plugin. -->","yoast_head_json":{"title":"Maxxflo by Lexcor Retrofit Drain Seal, Best Roofing Supplies Toronto","description":"For your Drain sealing purposes look no further than Maxxflo Roof Retrofit Drain Seal by Lexcor. This drain seal fits seal and is easy to apply with the sealer tool. This can also be used for sealing other surfaces.","robots":{"index":"index","follow":"follow","max-snippet":"max-snippet:-1","max-image-preview":"max-image-preview:large","max-video-preview":"max-video-preview:-1"},"canonical":"https:\/\/lexgoshop.com\/fr\/product\/joint-detancheite-ajustable-maxxflo\/","og_locale":"fr_FR","og_type":"article","og_title":"Maxxflo by Lexcor Retrofit Drain Seal, Best Roofing Supplies Toronto","og_description":"For your Drain sealing purposes look no further than Maxxflo Roof Retrofit Drain Seal by Lexcor. This drain seal fits seal and is easy to apply with the sealer tool. This can also be used for sealing other surfaces.","og_url":"https:\/\/lexgoshop.com\/fr\/product\/joint-detancheite-ajustable-maxxflo\/","og_site_name":"LexGoShop","article_modified_time":"2020-01-02T18:36:06+00:00","og_image":[{"width":305,"height":281,"url":"https:\/\/lexgoshop.com\/wp-content\/uploads\/2016\/09\/LR75605.jpg","type":"image\/jpeg"}],"twitter_card":"summary_large_image","schema":{"@context":"https:\/\/schema.org","@graph":[{"@type":"WebPage","@id":"https:\/\/lexgoshop.com\/fr\/product\/joint-detancheite-ajustable-maxxflo\/","url":"https:\/\/lexgoshop.com\/fr\/product\/joint-detancheite-ajustable-maxxflo\/","name":"Maxxflo by Lexcor Retrofit Drain Seal, Best Roofing Supplies Toronto","isPartOf":{"@id":"https:\/\/lexgoshop.com\/#website"},"primaryImageOfPage":{"@id":"https:\/\/lexgoshop.com\/fr\/product\/joint-detancheite-ajustable-maxxflo\/#primaryimage"},"image":{"@id":"https:\/\/lexgoshop.com\/fr\/product\/joint-detancheite-ajustable-maxxflo\/#primaryimage"},"thumbnailUrl":"https:\/\/lexgoshop.com\/wp-content\/uploads\/2016\/09\/LR75605.jpg","datePublished":"2016-09-02T12:59:05+00:00","dateModified":"2020-01-02T18:36:06+00:00","description":"For your Drain sealing purposes look no further than Maxxflo Roof Retrofit Drain Seal by Lexcor. This drain seal fits seal and is easy to apply with the sealer tool. This can also be used for sealing other surfaces.","breadcrumb":{"@id":"https:\/\/lexgoshop.com\/fr\/product\/joint-detancheite-ajustable-maxxflo\/#breadcrumb"},"inLanguage":"fr-ca","potentialAction":[{"@type":"ReadAction","target":["https:\/\/lexgoshop.com\/fr\/product\/joint-detancheite-ajustable-maxxflo\/"]}]},{"@type":"ImageObject","inLanguage":"fr-ca","@id":"https:\/\/lexgoshop.com\/fr\/product\/joint-detancheite-ajustable-maxxflo\/#primaryimage","url":"https:\/\/lexgoshop.com\/wp-content\/uploads\/2016\/09\/LR75605.jpg","contentUrl":"https:\/\/lexgoshop.com\/wp-content\/uploads\/2016\/09\/LR75605.jpg","width":305,"height":281,"caption":"Joint d'\u00e9tanch\u00e9it\u00e9 ajustable Maxxflo - 4\""},{"@type":"BreadcrumbList","@id":"https:\/\/lexgoshop.com\/fr\/product\/joint-detancheite-ajustable-maxxflo\/#breadcrumb","itemListElement":[{"@type":"ListItem","position":1,"name":"Home","item":"https:\/\/lexgoshop.com\/fr\/accueil-2\/"},{"@type":"ListItem","position":2,"name":"Boutique","item":"https:\/\/lexgoshop.com\/fr\/roofing-materials-and-tools\/"},{"@type":"ListItem","position":3,"name":"Joint d\u2019\u00e9tanch\u00e9it\u00e9 ajustable Maxxflo"}]},{"@type":"WebSite","@id":"https:\/\/lexgoshop.com\/#website","url":"https:\/\/lexgoshop.com\/","name":"LexGoShop","description":"Roofing Materials supplier","publisher":{"@id":"https:\/\/lexgoshop.com\/#organization"},"potentialAction":[{"@type":"SearchAction","target":{"@type":"EntryPoint","urlTemplate":"https:\/\/lexgoshop.com\/?s={search_term_string}"},"query-input":{"@type":"PropertyValueSpecification","valueRequired":true,"valueName":"search_term_string"}}],"inLanguage":"fr-ca"},{"@type":"Organization","@id":"https:\/\/lexgoshop.com\/#organization","name":"Lexgoshop","url":"https:\/\/lexgoshop.com\/","logo":{"@type":"ImageObject","inLanguage":"fr-ca","@id":"https:\/\/lexgoshop.com\/#\/schema\/logo\/image\/","url":"https:\/\/lexgoshop.com\/wp-content\/uploads\/2016\/09\/login-logo.png","contentUrl":"https:\/\/lexgoshop.com\/wp-content\/uploads\/2016\/09\/login-logo.png","width":315,"height":100,"caption":"Lexgoshop"},"image":{"@id":"https:\/\/lexgoshop.com\/#\/schema\/logo\/image\/"}}]}},"_links":{"self":[{"href":"https:\/\/lexgoshop.com\/fr\/wp-json\/wp\/v2\/product\/3210"}],"collection":[{"href":"https:\/\/lexgoshop.com\/fr\/wp-json\/wp\/v2\/product"}],"about":[{"href":"https:\/\/lexgoshop.com\/fr\/wp-json\/wp\/v2\/types\/product"}],"replies":[{"embeddable":true,"href":"https:\/\/lexgoshop.com\/fr\/wp-json\/wp\/v2\/comments?post=3210"}],"wp:featuredmedia":[{"embeddable":true,"href":"https:\/\/lexgoshop.com\/fr\/wp-json\/wp\/v2\/media\/73"}],"wp:attachment":[{"href":"https:\/\/lexgoshop.com\/fr\/wp-json\/wp\/v2\/media?parent=3210"}],"wp:term":[{"taxonomy":"product_cat","embeddable":true,"href":"https:\/\/lexgoshop.com\/fr\/wp-json\/wp\/v2\/product_cat?post=3210"},{"taxonomy":"product_tag","embeddable":true,"href":"https:\/\/lexgoshop.com\/fr\/wp-json\/wp\/v2\/product_tag?post=3210"}],"curies":[{"name":"wp","href":"https:\/\/api.w.org\/{rel}","templated":true}]}}