{"id":3166,"date":"2016-09-02T08:59:22","date_gmt":"2016-09-02T12:59:22","guid":{"rendered":"https:\/\/lexgoshop.com\/product\/chalumeau-tete-seule-titanium-express\/"},"modified":"2020-01-03T10:44:41","modified_gmt":"2020-01-03T14:44:41","slug":"chalumeau-tete-seule-titanium-express","status":"publish","type":"product","link":"https:\/\/lexgoshop.com\/fr\/product\/chalumeau-tete-seule-titanium-express\/","title":{"rendered":"Chalumeau t\u00eate seule Titanium Express"},"content":{"rendered":"<div class=\"post-content woocommerce-product-details__short-description\">\n<p>La t\u00eate \u00e0 chalumeau est un \u00e9quipement de construction et de l\u2019exploitation mini\u00e8re industrielle de haute puissance sp\u00e9cialement con\u00e7u pour r\u00e9pondre aux exigences des applications de toiture<\/p>\n<\/div>\n<div class=\"rp_wcdpd_product_page\"><\/div>\n","protected":false},"excerpt":{"rendered":"<div class=\"post-content woocommerce-product-details__short-description\">\n<p>La t\u00eate \u00e0 chalumeau est un \u00e9quipement de construction et de l\u2019exploitation mini\u00e8re industrielle de haute puissance sp\u00e9cialement con\u00e7u pour r\u00e9pondre aux exigences des applications de toiture<\/p>\n<\/div>\n<div class=\"rp_wcdpd_product_page\"><\/div>\n","protected":false},"featured_media":301,"comment_status":"closed","ping_status":"closed","template":"","meta":{"_acf_changed":false},"product_cat":[301],"product_tag":[],"class_list":{"0":"post-3166","1":"product","2":"type-product","3":"status-publish","4":"has-post-thumbnail","6":"product_cat-outils-et-accessoires_","7":"product-grid-view","9":"first","10":"instock","11":"taxable","12":"shipping-taxable","13":"purchasable","14":"product-type-variable","15":"has-default-attributes"},"acf":[],"yoast_head":"<!-- This site is optimized with the Yoast SEO plugin v23.8 - https:\/\/yoast.com\/wordpress\/plugins\/seo\/ -->\n<title>Chalumeau t\u00eate seule Titanium Express | LexGoShop<\/title>\n<meta name=\"description\" content=\"Outils et accessoires: Chalumeau t\u00eate seule Titanium Express. La t\u00eate \u00e0 chalumeau est un \u00e9quipement de construction et de l\u2019exploitation mini\u00e8re industrielle de haute puissance sp\u00e9cialement con\u00e7u pour r\u00e9pondre aux exigences des applications de toiture\" \/>\n<meta name=\"robots\" content=\"index, follow, max-snippet:-1, max-image-preview:large, max-video-preview:-1\" \/>\n<link rel=\"canonical\" href=\"https:\/\/lexgoshop.com\/fr\/product\/chalumeau-tete-seule-titanium-express\/\" \/>\n<meta property=\"og:locale\" content=\"fr_FR\" \/>\n<meta property=\"og:type\" content=\"article\" \/>\n<meta property=\"og:title\" content=\"Chalumeau t\u00eate seule Titanium Express | LexGoShop\" \/>\n<meta property=\"og:description\" content=\"Outils et accessoires: Chalumeau t\u00eate seule Titanium Express. La t\u00eate \u00e0 chalumeau est un \u00e9quipement de construction et de l\u2019exploitation mini\u00e8re industrielle de haute puissance sp\u00e9cialement con\u00e7u pour r\u00e9pondre aux exigences des applications de toiture\" \/>\n<meta property=\"og:url\" content=\"https:\/\/lexgoshop.com\/fr\/product\/chalumeau-tete-seule-titanium-express\/\" \/>\n<meta property=\"og:site_name\" content=\"LexGoShop\" \/>\n<meta property=\"article:modified_time\" content=\"2020-01-03T14:44:41+00:00\" \/>\n<meta property=\"og:image\" content=\"https:\/\/lexgoshop.com\/wp-content\/uploads\/2016\/09\/E80100.jpg\" \/>\n\t<meta property=\"og:image:width\" content=\"305\" \/>\n\t<meta property=\"og:image:height\" content=\"281\" \/>\n\t<meta property=\"og:image:type\" content=\"image\/jpeg\" \/>\n<meta name=\"twitter:card\" content=\"summary_large_image\" \/>\n<script type=\"application\/ld+json\" class=\"yoast-schema-graph\">{\"@context\":\"https:\/\/schema.org\",\"@graph\":[{\"@type\":\"WebPage\",\"@id\":\"https:\/\/lexgoshop.com\/fr\/product\/chalumeau-tete-seule-titanium-express\/\",\"url\":\"https:\/\/lexgoshop.com\/fr\/product\/chalumeau-tete-seule-titanium-express\/\",\"name\":\"Chalumeau t\u00eate seule Titanium Express | LexGoShop\",\"isPartOf\":{\"@id\":\"https:\/\/lexgoshop.com\/#website\"},\"primaryImageOfPage\":{\"@id\":\"https:\/\/lexgoshop.com\/fr\/product\/chalumeau-tete-seule-titanium-express\/#primaryimage\"},\"image\":{\"@id\":\"https:\/\/lexgoshop.com\/fr\/product\/chalumeau-tete-seule-titanium-express\/#primaryimage\"},\"thumbnailUrl\":\"https:\/\/lexgoshop.com\/wp-content\/uploads\/2016\/09\/E80100.jpg\",\"datePublished\":\"2016-09-02T12:59:22+00:00\",\"dateModified\":\"2020-01-03T14:44:41+00:00\",\"description\":\"Outils et accessoires: Chalumeau t\u00eate seule Titanium Express. La t\u00eate \u00e0 chalumeau est un \u00e9quipement de construction et de l\u2019exploitation mini\u00e8re industrielle de haute puissance sp\u00e9cialement con\u00e7u pour r\u00e9pondre aux exigences des applications de toiture\",\"breadcrumb\":{\"@id\":\"https:\/\/lexgoshop.com\/fr\/product\/chalumeau-tete-seule-titanium-express\/#breadcrumb\"},\"inLanguage\":\"fr-ca\",\"potentialAction\":[{\"@type\":\"ReadAction\",\"target\":[\"https:\/\/lexgoshop.com\/fr\/product\/chalumeau-tete-seule-titanium-express\/\"]}]},{\"@type\":\"ImageObject\",\"inLanguage\":\"fr-ca\",\"@id\":\"https:\/\/lexgoshop.com\/fr\/product\/chalumeau-tete-seule-titanium-express\/#primaryimage\",\"url\":\"https:\/\/lexgoshop.com\/wp-content\/uploads\/2016\/09\/E80100.jpg\",\"contentUrl\":\"https:\/\/lexgoshop.com\/wp-content\/uploads\/2016\/09\/E80100.jpg\",\"width\":305,\"height\":281,\"caption\":\"Chalumeau t\u00eate seule 50 mm Titanium Express\"},{\"@type\":\"BreadcrumbList\",\"@id\":\"https:\/\/lexgoshop.com\/fr\/product\/chalumeau-tete-seule-titanium-express\/#breadcrumb\",\"itemListElement\":[{\"@type\":\"ListItem\",\"position\":1,\"name\":\"Home\",\"item\":\"https:\/\/lexgoshop.com\/fr\/accueil-2\/\"},{\"@type\":\"ListItem\",\"position\":2,\"name\":\"Boutique\",\"item\":\"https:\/\/lexgoshop.com\/fr\/roofing-materials-and-tools\/\"},{\"@type\":\"ListItem\",\"position\":3,\"name\":\"Chalumeau t\u00eate seule Titanium Express\"}]},{\"@type\":\"WebSite\",\"@id\":\"https:\/\/lexgoshop.com\/#website\",\"url\":\"https:\/\/lexgoshop.com\/\",\"name\":\"LexGoShop\",\"description\":\"Roofing Materials supplier\",\"publisher\":{\"@id\":\"https:\/\/lexgoshop.com\/#organization\"},\"potentialAction\":[{\"@type\":\"SearchAction\",\"target\":{\"@type\":\"EntryPoint\",\"urlTemplate\":\"https:\/\/lexgoshop.com\/?s={search_term_string}\"},\"query-input\":{\"@type\":\"PropertyValueSpecification\",\"valueRequired\":true,\"valueName\":\"search_term_string\"}}],\"inLanguage\":\"fr-ca\"},{\"@type\":\"Organization\",\"@id\":\"https:\/\/lexgoshop.com\/#organization\",\"name\":\"Lexgoshop\",\"url\":\"https:\/\/lexgoshop.com\/\",\"logo\":{\"@type\":\"ImageObject\",\"inLanguage\":\"fr-ca\",\"@id\":\"https:\/\/lexgoshop.com\/#\/schema\/logo\/image\/\",\"url\":\"https:\/\/lexgoshop.com\/wp-content\/uploads\/2016\/09\/login-logo.png\",\"contentUrl\":\"https:\/\/lexgoshop.com\/wp-content\/uploads\/2016\/09\/login-logo.png\",\"width\":315,\"height\":100,\"caption\":\"Lexgoshop\"},\"image\":{\"@id\":\"https:\/\/lexgoshop.com\/#\/schema\/logo\/image\/\"}}]}<\/script>\n<!-- \/ Yoast SEO plugin. -->","yoast_head_json":{"title":"Chalumeau t\u00eate seule Titanium Express | LexGoShop","description":"Outils et accessoires: Chalumeau t\u00eate seule Titanium Express. La t\u00eate \u00e0 chalumeau est un \u00e9quipement de construction et de l\u2019exploitation mini\u00e8re industrielle de haute puissance sp\u00e9cialement con\u00e7u pour r\u00e9pondre aux exigences des applications de toiture","robots":{"index":"index","follow":"follow","max-snippet":"max-snippet:-1","max-image-preview":"max-image-preview:large","max-video-preview":"max-video-preview:-1"},"canonical":"https:\/\/lexgoshop.com\/fr\/product\/chalumeau-tete-seule-titanium-express\/","og_locale":"fr_FR","og_type":"article","og_title":"Chalumeau t\u00eate seule Titanium Express | LexGoShop","og_description":"Outils et accessoires: Chalumeau t\u00eate seule Titanium Express. La t\u00eate \u00e0 chalumeau est un \u00e9quipement de construction et de l\u2019exploitation mini\u00e8re industrielle de haute puissance sp\u00e9cialement con\u00e7u pour r\u00e9pondre aux exigences des applications de toiture","og_url":"https:\/\/lexgoshop.com\/fr\/product\/chalumeau-tete-seule-titanium-express\/","og_site_name":"LexGoShop","article_modified_time":"2020-01-03T14:44:41+00:00","og_image":[{"width":305,"height":281,"url":"https:\/\/lexgoshop.com\/wp-content\/uploads\/2016\/09\/E80100.jpg","type":"image\/jpeg"}],"twitter_card":"summary_large_image","schema":{"@context":"https:\/\/schema.org","@graph":[{"@type":"WebPage","@id":"https:\/\/lexgoshop.com\/fr\/product\/chalumeau-tete-seule-titanium-express\/","url":"https:\/\/lexgoshop.com\/fr\/product\/chalumeau-tete-seule-titanium-express\/","name":"Chalumeau t\u00eate seule Titanium Express | LexGoShop","isPartOf":{"@id":"https:\/\/lexgoshop.com\/#website"},"primaryImageOfPage":{"@id":"https:\/\/lexgoshop.com\/fr\/product\/chalumeau-tete-seule-titanium-express\/#primaryimage"},"image":{"@id":"https:\/\/lexgoshop.com\/fr\/product\/chalumeau-tete-seule-titanium-express\/#primaryimage"},"thumbnailUrl":"https:\/\/lexgoshop.com\/wp-content\/uploads\/2016\/09\/E80100.jpg","datePublished":"2016-09-02T12:59:22+00:00","dateModified":"2020-01-03T14:44:41+00:00","description":"Outils et accessoires: Chalumeau t\u00eate seule Titanium Express. La t\u00eate \u00e0 chalumeau est un \u00e9quipement de construction et de l\u2019exploitation mini\u00e8re industrielle de haute puissance sp\u00e9cialement con\u00e7u pour r\u00e9pondre aux exigences des applications de toiture","breadcrumb":{"@id":"https:\/\/lexgoshop.com\/fr\/product\/chalumeau-tete-seule-titanium-express\/#breadcrumb"},"inLanguage":"fr-ca","potentialAction":[{"@type":"ReadAction","target":["https:\/\/lexgoshop.com\/fr\/product\/chalumeau-tete-seule-titanium-express\/"]}]},{"@type":"ImageObject","inLanguage":"fr-ca","@id":"https:\/\/lexgoshop.com\/fr\/product\/chalumeau-tete-seule-titanium-express\/#primaryimage","url":"https:\/\/lexgoshop.com\/wp-content\/uploads\/2016\/09\/E80100.jpg","contentUrl":"https:\/\/lexgoshop.com\/wp-content\/uploads\/2016\/09\/E80100.jpg","width":305,"height":281,"caption":"Chalumeau t\u00eate seule 50 mm Titanium Express"},{"@type":"BreadcrumbList","@id":"https:\/\/lexgoshop.com\/fr\/product\/chalumeau-tete-seule-titanium-express\/#breadcrumb","itemListElement":[{"@type":"ListItem","position":1,"name":"Home","item":"https:\/\/lexgoshop.com\/fr\/accueil-2\/"},{"@type":"ListItem","position":2,"name":"Boutique","item":"https:\/\/lexgoshop.com\/fr\/roofing-materials-and-tools\/"},{"@type":"ListItem","position":3,"name":"Chalumeau t\u00eate seule Titanium Express"}]},{"@type":"WebSite","@id":"https:\/\/lexgoshop.com\/#website","url":"https:\/\/lexgoshop.com\/","name":"LexGoShop","description":"Roofing Materials supplier","publisher":{"@id":"https:\/\/lexgoshop.com\/#organization"},"potentialAction":[{"@type":"SearchAction","target":{"@type":"EntryPoint","urlTemplate":"https:\/\/lexgoshop.com\/?s={search_term_string}"},"query-input":{"@type":"PropertyValueSpecification","valueRequired":true,"valueName":"search_term_string"}}],"inLanguage":"fr-ca"},{"@type":"Organization","@id":"https:\/\/lexgoshop.com\/#organization","name":"Lexgoshop","url":"https:\/\/lexgoshop.com\/","logo":{"@type":"ImageObject","inLanguage":"fr-ca","@id":"https:\/\/lexgoshop.com\/#\/schema\/logo\/image\/","url":"https:\/\/lexgoshop.com\/wp-content\/uploads\/2016\/09\/login-logo.png","contentUrl":"https:\/\/lexgoshop.com\/wp-content\/uploads\/2016\/09\/login-logo.png","width":315,"height":100,"caption":"Lexgoshop"},"image":{"@id":"https:\/\/lexgoshop.com\/#\/schema\/logo\/image\/"}}]}},"_links":{"self":[{"href":"https:\/\/lexgoshop.com\/fr\/wp-json\/wp\/v2\/product\/3166"}],"collection":[{"href":"https:\/\/lexgoshop.com\/fr\/wp-json\/wp\/v2\/product"}],"about":[{"href":"https:\/\/lexgoshop.com\/fr\/wp-json\/wp\/v2\/types\/product"}],"replies":[{"embeddable":true,"href":"https:\/\/lexgoshop.com\/fr\/wp-json\/wp\/v2\/comments?post=3166"}],"wp:featuredmedia":[{"embeddable":true,"href":"https:\/\/lexgoshop.com\/fr\/wp-json\/wp\/v2\/media\/301"}],"wp:attachment":[{"href":"https:\/\/lexgoshop.com\/fr\/wp-json\/wp\/v2\/media?parent=3166"}],"wp:term":[{"taxonomy":"product_cat","embeddable":true,"href":"https:\/\/lexgoshop.com\/fr\/wp-json\/wp\/v2\/product_cat?post=3166"},{"taxonomy":"product_tag","embeddable":true,"href":"https:\/\/lexgoshop.com\/fr\/wp-json\/wp\/v2\/product_tag?post=3166"}],"curies":[{"name":"wp","href":"https:\/\/api.w.org\/{rel}","templated":true}]}}