{"id":2995,"date":"2016-09-02T08:59:57","date_gmt":"2016-09-02T12:59:57","guid":{"rendered":"https:\/\/lexgoshop.com\/product\/couteau-manche-de-bois-2\/"},"modified":"2021-08-18T10:52:31","modified_gmt":"2021-08-18T14:52:31","slug":"couteau-manche-de-bois-2","status":"publish","type":"product","link":"https:\/\/lexgoshop.com\/fr\/product\/couteau-manche-de-bois-2\/","title":{"rendered":"Couteau manche de bois"},"content":{"rendered":"<p>Couteau \u00e0 bois utilis\u00e9 pour la coupe de feutre de papier, les panneaux isolants. Poign\u00e9e rivet\u00e9e incassable.<\/p>\n","protected":false},"excerpt":{"rendered":"<p>Couteau \u00e0 bois utilis\u00e9 pour la coupe de feutre de papier, les panneaux isolants. Poign\u00e9e rivet\u00e9e incassable.<\/p>\n","protected":false},"featured_media":495,"comment_status":"closed","ping_status":"closed","template":"","meta":{"_acf_changed":false},"product_cat":[301],"product_tag":[],"class_list":{"0":"post-2995","1":"product","2":"type-product","3":"status-publish","4":"has-post-thumbnail","6":"product_cat-outils-et-accessoires_","7":"product-grid-view","9":"first","10":"instock","11":"taxable","12":"shipping-taxable","13":"purchasable","14":"product-type-simple"},"acf":[],"yoast_head":"<!-- This site is optimized with the Yoast SEO plugin v23.8 - https:\/\/yoast.com\/wordpress\/plugins\/seo\/ -->\n<title>Couteau manche de bois | LexGoShop<\/title>\n<meta name=\"description\" content=\"Outils et accessoires: Couteau manche de bois. Couteau \u00e0 bois utilis\u00e9 pour la coupe de feutre de papier, les panneaux isolants. Poign\u00e9e rivet\u00e9e incassable.\" \/>\n<meta name=\"robots\" content=\"index, follow, max-snippet:-1, max-image-preview:large, max-video-preview:-1\" \/>\n<link rel=\"canonical\" href=\"https:\/\/lexgoshop.com\/fr\/product\/couteau-manche-de-bois-2\/\" \/>\n<meta property=\"og:locale\" content=\"fr_FR\" \/>\n<meta property=\"og:type\" content=\"article\" \/>\n<meta property=\"og:title\" content=\"Couteau manche de bois | LexGoShop\" \/>\n<meta property=\"og:description\" content=\"Outils et accessoires: Couteau manche de bois. Couteau \u00e0 bois utilis\u00e9 pour la coupe de feutre de papier, les panneaux isolants. Poign\u00e9e rivet\u00e9e incassable.\" \/>\n<meta property=\"og:url\" content=\"https:\/\/lexgoshop.com\/fr\/product\/couteau-manche-de-bois-2\/\" \/>\n<meta property=\"og:site_name\" content=\"LexGoShop\" \/>\n<meta property=\"article:modified_time\" content=\"2021-08-18T14:52:31+00:00\" \/>\n<meta property=\"og:image\" content=\"https:\/\/lexgoshop.com\/wp-content\/uploads\/2016\/09\/O99109.jpg\" \/>\n\t<meta property=\"og:image:width\" content=\"305\" \/>\n\t<meta property=\"og:image:height\" content=\"281\" \/>\n\t<meta property=\"og:image:type\" content=\"image\/jpeg\" \/>\n<meta name=\"twitter:card\" content=\"summary_large_image\" \/>\n<script type=\"application\/ld+json\" class=\"yoast-schema-graph\">{\"@context\":\"https:\/\/schema.org\",\"@graph\":[{\"@type\":\"WebPage\",\"@id\":\"https:\/\/lexgoshop.com\/fr\/product\/couteau-manche-de-bois-2\/\",\"url\":\"https:\/\/lexgoshop.com\/fr\/product\/couteau-manche-de-bois-2\/\",\"name\":\"Couteau manche de bois | LexGoShop\",\"isPartOf\":{\"@id\":\"https:\/\/lexgoshop.com\/#website\"},\"primaryImageOfPage\":{\"@id\":\"https:\/\/lexgoshop.com\/fr\/product\/couteau-manche-de-bois-2\/#primaryimage\"},\"image\":{\"@id\":\"https:\/\/lexgoshop.com\/fr\/product\/couteau-manche-de-bois-2\/#primaryimage\"},\"thumbnailUrl\":\"https:\/\/lexgoshop.com\/wp-content\/uploads\/2016\/09\/O99109.jpg\",\"datePublished\":\"2016-09-02T12:59:57+00:00\",\"dateModified\":\"2021-08-18T14:52:31+00:00\",\"description\":\"Outils et accessoires: Couteau manche de bois. Couteau \u00e0 bois utilis\u00e9 pour la coupe de feutre de papier, les panneaux isolants. Poign\u00e9e rivet\u00e9e incassable.\",\"breadcrumb\":{\"@id\":\"https:\/\/lexgoshop.com\/fr\/product\/couteau-manche-de-bois-2\/#breadcrumb\"},\"inLanguage\":\"fr-ca\",\"potentialAction\":[{\"@type\":\"ReadAction\",\"target\":[\"https:\/\/lexgoshop.com\/fr\/product\/couteau-manche-de-bois-2\/\"]}]},{\"@type\":\"ImageObject\",\"inLanguage\":\"fr-ca\",\"@id\":\"https:\/\/lexgoshop.com\/fr\/product\/couteau-manche-de-bois-2\/#primaryimage\",\"url\":\"https:\/\/lexgoshop.com\/wp-content\/uploads\/2016\/09\/O99109.jpg\",\"contentUrl\":\"https:\/\/lexgoshop.com\/wp-content\/uploads\/2016\/09\/O99109.jpg\",\"width\":305,\"height\":281,\"caption\":\"Couteau manche de bois\"},{\"@type\":\"BreadcrumbList\",\"@id\":\"https:\/\/lexgoshop.com\/fr\/product\/couteau-manche-de-bois-2\/#breadcrumb\",\"itemListElement\":[{\"@type\":\"ListItem\",\"position\":1,\"name\":\"Home\",\"item\":\"https:\/\/lexgoshop.com\/fr\/accueil-2\/\"},{\"@type\":\"ListItem\",\"position\":2,\"name\":\"Boutique\",\"item\":\"https:\/\/lexgoshop.com\/fr\/roofing-materials-and-tools\/\"},{\"@type\":\"ListItem\",\"position\":3,\"name\":\"Couteau manche de bois\"}]},{\"@type\":\"WebSite\",\"@id\":\"https:\/\/lexgoshop.com\/#website\",\"url\":\"https:\/\/lexgoshop.com\/\",\"name\":\"LexGoShop\",\"description\":\"Roofing Materials supplier\",\"publisher\":{\"@id\":\"https:\/\/lexgoshop.com\/#organization\"},\"potentialAction\":[{\"@type\":\"SearchAction\",\"target\":{\"@type\":\"EntryPoint\",\"urlTemplate\":\"https:\/\/lexgoshop.com\/?s={search_term_string}\"},\"query-input\":{\"@type\":\"PropertyValueSpecification\",\"valueRequired\":true,\"valueName\":\"search_term_string\"}}],\"inLanguage\":\"fr-ca\"},{\"@type\":\"Organization\",\"@id\":\"https:\/\/lexgoshop.com\/#organization\",\"name\":\"Lexgoshop\",\"url\":\"https:\/\/lexgoshop.com\/\",\"logo\":{\"@type\":\"ImageObject\",\"inLanguage\":\"fr-ca\",\"@id\":\"https:\/\/lexgoshop.com\/#\/schema\/logo\/image\/\",\"url\":\"https:\/\/lexgoshop.com\/wp-content\/uploads\/2016\/09\/login-logo.png\",\"contentUrl\":\"https:\/\/lexgoshop.com\/wp-content\/uploads\/2016\/09\/login-logo.png\",\"width\":315,\"height\":100,\"caption\":\"Lexgoshop\"},\"image\":{\"@id\":\"https:\/\/lexgoshop.com\/#\/schema\/logo\/image\/\"}}]}<\/script>\n<!-- \/ Yoast SEO plugin. -->","yoast_head_json":{"title":"Couteau manche de bois | LexGoShop","description":"Outils et accessoires: Couteau manche de bois. Couteau \u00e0 bois utilis\u00e9 pour la coupe de feutre de papier, les panneaux isolants. Poign\u00e9e rivet\u00e9e incassable.","robots":{"index":"index","follow":"follow","max-snippet":"max-snippet:-1","max-image-preview":"max-image-preview:large","max-video-preview":"max-video-preview:-1"},"canonical":"https:\/\/lexgoshop.com\/fr\/product\/couteau-manche-de-bois-2\/","og_locale":"fr_FR","og_type":"article","og_title":"Couteau manche de bois | LexGoShop","og_description":"Outils et accessoires: Couteau manche de bois. Couteau \u00e0 bois utilis\u00e9 pour la coupe de feutre de papier, les panneaux isolants. Poign\u00e9e rivet\u00e9e incassable.","og_url":"https:\/\/lexgoshop.com\/fr\/product\/couteau-manche-de-bois-2\/","og_site_name":"LexGoShop","article_modified_time":"2021-08-18T14:52:31+00:00","og_image":[{"width":305,"height":281,"url":"https:\/\/lexgoshop.com\/wp-content\/uploads\/2016\/09\/O99109.jpg","type":"image\/jpeg"}],"twitter_card":"summary_large_image","schema":{"@context":"https:\/\/schema.org","@graph":[{"@type":"WebPage","@id":"https:\/\/lexgoshop.com\/fr\/product\/couteau-manche-de-bois-2\/","url":"https:\/\/lexgoshop.com\/fr\/product\/couteau-manche-de-bois-2\/","name":"Couteau manche de bois | LexGoShop","isPartOf":{"@id":"https:\/\/lexgoshop.com\/#website"},"primaryImageOfPage":{"@id":"https:\/\/lexgoshop.com\/fr\/product\/couteau-manche-de-bois-2\/#primaryimage"},"image":{"@id":"https:\/\/lexgoshop.com\/fr\/product\/couteau-manche-de-bois-2\/#primaryimage"},"thumbnailUrl":"https:\/\/lexgoshop.com\/wp-content\/uploads\/2016\/09\/O99109.jpg","datePublished":"2016-09-02T12:59:57+00:00","dateModified":"2021-08-18T14:52:31+00:00","description":"Outils et accessoires: Couteau manche de bois. Couteau \u00e0 bois utilis\u00e9 pour la coupe de feutre de papier, les panneaux isolants. Poign\u00e9e rivet\u00e9e incassable.","breadcrumb":{"@id":"https:\/\/lexgoshop.com\/fr\/product\/couteau-manche-de-bois-2\/#breadcrumb"},"inLanguage":"fr-ca","potentialAction":[{"@type":"ReadAction","target":["https:\/\/lexgoshop.com\/fr\/product\/couteau-manche-de-bois-2\/"]}]},{"@type":"ImageObject","inLanguage":"fr-ca","@id":"https:\/\/lexgoshop.com\/fr\/product\/couteau-manche-de-bois-2\/#primaryimage","url":"https:\/\/lexgoshop.com\/wp-content\/uploads\/2016\/09\/O99109.jpg","contentUrl":"https:\/\/lexgoshop.com\/wp-content\/uploads\/2016\/09\/O99109.jpg","width":305,"height":281,"caption":"Couteau manche de bois"},{"@type":"BreadcrumbList","@id":"https:\/\/lexgoshop.com\/fr\/product\/couteau-manche-de-bois-2\/#breadcrumb","itemListElement":[{"@type":"ListItem","position":1,"name":"Home","item":"https:\/\/lexgoshop.com\/fr\/accueil-2\/"},{"@type":"ListItem","position":2,"name":"Boutique","item":"https:\/\/lexgoshop.com\/fr\/roofing-materials-and-tools\/"},{"@type":"ListItem","position":3,"name":"Couteau manche de bois"}]},{"@type":"WebSite","@id":"https:\/\/lexgoshop.com\/#website","url":"https:\/\/lexgoshop.com\/","name":"LexGoShop","description":"Roofing Materials supplier","publisher":{"@id":"https:\/\/lexgoshop.com\/#organization"},"potentialAction":[{"@type":"SearchAction","target":{"@type":"EntryPoint","urlTemplate":"https:\/\/lexgoshop.com\/?s={search_term_string}"},"query-input":{"@type":"PropertyValueSpecification","valueRequired":true,"valueName":"search_term_string"}}],"inLanguage":"fr-ca"},{"@type":"Organization","@id":"https:\/\/lexgoshop.com\/#organization","name":"Lexgoshop","url":"https:\/\/lexgoshop.com\/","logo":{"@type":"ImageObject","inLanguage":"fr-ca","@id":"https:\/\/lexgoshop.com\/#\/schema\/logo\/image\/","url":"https:\/\/lexgoshop.com\/wp-content\/uploads\/2016\/09\/login-logo.png","contentUrl":"https:\/\/lexgoshop.com\/wp-content\/uploads\/2016\/09\/login-logo.png","width":315,"height":100,"caption":"Lexgoshop"},"image":{"@id":"https:\/\/lexgoshop.com\/#\/schema\/logo\/image\/"}}]}},"_links":{"self":[{"href":"https:\/\/lexgoshop.com\/fr\/wp-json\/wp\/v2\/product\/2995"}],"collection":[{"href":"https:\/\/lexgoshop.com\/fr\/wp-json\/wp\/v2\/product"}],"about":[{"href":"https:\/\/lexgoshop.com\/fr\/wp-json\/wp\/v2\/types\/product"}],"replies":[{"embeddable":true,"href":"https:\/\/lexgoshop.com\/fr\/wp-json\/wp\/v2\/comments?post=2995"}],"wp:featuredmedia":[{"embeddable":true,"href":"https:\/\/lexgoshop.com\/fr\/wp-json\/wp\/v2\/media\/495"}],"wp:attachment":[{"href":"https:\/\/lexgoshop.com\/fr\/wp-json\/wp\/v2\/media?parent=2995"}],"wp:term":[{"taxonomy":"product_cat","embeddable":true,"href":"https:\/\/lexgoshop.com\/fr\/wp-json\/wp\/v2\/product_cat?post=2995"},{"taxonomy":"product_tag","embeddable":true,"href":"https:\/\/lexgoshop.com\/fr\/wp-json\/wp\/v2\/product_tag?post=2995"}],"curies":[{"name":"wp","href":"https:\/\/api.w.org\/{rel}","templated":true}]}}