{"id":2971,"date":"2016-09-02T09:00:16","date_gmt":"2016-09-02T13:00:16","guid":{"rendered":"https:\/\/lexgoshop.com\/product\/ceinture-de-cuir-15-2\/"},"modified":"2016-09-02T09:00:16","modified_gmt":"2016-09-02T13:00:16","slug":"ceinture-de-cuir-15-2","status":"publish","type":"product","link":"https:\/\/lexgoshop.com\/fr\/product\/ceinture-de-cuir-15-2\/","title":{"rendered":"Ceinture de cuir 1,5&#8243;"},"content":{"rendered":"<p>Ceinture faite de cuir en grain sup\u00e9rieur avec une boucle d&#8217;acier \u00e0 double rouleau<\/p>\n","protected":false},"excerpt":{"rendered":"<p>Ceinture faite de cuir en grain sup\u00e9rieur avec une boucle d&#8217;acier \u00e0 double rouleau<\/p>\n","protected":false},"featured_media":695,"comment_status":"closed","ping_status":"closed","template":"","meta":{"_acf_changed":false},"product_cat":[283],"product_tag":[],"class_list":{"0":"post-2971","1":"product","2":"type-product","3":"status-publish","4":"has-post-thumbnail","6":"product_cat-produits-de-securite","7":"product-grid-view","9":"first","10":"instock","11":"taxable","12":"shipping-taxable","13":"purchasable","14":"product-type-simple"},"acf":[],"yoast_head":"<!-- This site is optimized with the Yoast SEO plugin v23.8 - https:\/\/yoast.com\/wordpress\/plugins\/seo\/ -->\n<title>Ceinture de cuir 1,5&quot; | LexGoShop<\/title>\n<meta name=\"description\" content=\"Produits de s\u00e9curit\u00e9: Ceinture de cuir 1,5&quot;. Ceinture faite de cuir en grain sup\u00e9rieur avec une boucle d&#039;acier \u00e0 double rouleau\" \/>\n<meta name=\"robots\" content=\"index, follow, max-snippet:-1, max-image-preview:large, max-video-preview:-1\" \/>\n<link rel=\"canonical\" href=\"https:\/\/lexgoshop.com\/fr\/product\/ceinture-de-cuir-15-2\/\" \/>\n<meta property=\"og:locale\" content=\"fr_FR\" \/>\n<meta property=\"og:type\" content=\"article\" \/>\n<meta property=\"og:title\" content=\"Ceinture de cuir 1,5&quot; | LexGoShop\" \/>\n<meta property=\"og:description\" content=\"Produits de s\u00e9curit\u00e9: Ceinture de cuir 1,5&quot;. Ceinture faite de cuir en grain sup\u00e9rieur avec une boucle d&#039;acier \u00e0 double rouleau\" \/>\n<meta property=\"og:url\" content=\"https:\/\/lexgoshop.com\/fr\/product\/ceinture-de-cuir-15-2\/\" \/>\n<meta property=\"og:site_name\" content=\"LexGoShop\" \/>\n<meta property=\"og:image\" content=\"https:\/\/lexgoshop.com\/wp-content\/uploads\/2016\/09\/PRI43392.jpg\" \/>\n\t<meta property=\"og:image:width\" content=\"305\" \/>\n\t<meta property=\"og:image:height\" content=\"281\" \/>\n\t<meta property=\"og:image:type\" content=\"image\/jpeg\" \/>\n<meta name=\"twitter:card\" content=\"summary_large_image\" \/>\n<script type=\"application\/ld+json\" class=\"yoast-schema-graph\">{\"@context\":\"https:\/\/schema.org\",\"@graph\":[{\"@type\":\"WebPage\",\"@id\":\"https:\/\/lexgoshop.com\/fr\/product\/ceinture-de-cuir-15-2\/\",\"url\":\"https:\/\/lexgoshop.com\/fr\/product\/ceinture-de-cuir-15-2\/\",\"name\":\"Ceinture de cuir 1,5\\\" | LexGoShop\",\"isPartOf\":{\"@id\":\"https:\/\/lexgoshop.com\/#website\"},\"primaryImageOfPage\":{\"@id\":\"https:\/\/lexgoshop.com\/fr\/product\/ceinture-de-cuir-15-2\/#primaryimage\"},\"image\":{\"@id\":\"https:\/\/lexgoshop.com\/fr\/product\/ceinture-de-cuir-15-2\/#primaryimage\"},\"thumbnailUrl\":\"https:\/\/lexgoshop.com\/wp-content\/uploads\/2016\/09\/PRI43392.jpg\",\"datePublished\":\"2016-09-02T13:00:16+00:00\",\"dateModified\":\"2016-09-02T13:00:16+00:00\",\"description\":\"Produits de s\u00e9curit\u00e9: Ceinture de cuir 1,5\\\". Ceinture faite de cuir en grain sup\u00e9rieur avec une boucle d'acier \u00e0 double rouleau\",\"breadcrumb\":{\"@id\":\"https:\/\/lexgoshop.com\/fr\/product\/ceinture-de-cuir-15-2\/#breadcrumb\"},\"inLanguage\":\"fr-ca\",\"potentialAction\":[{\"@type\":\"ReadAction\",\"target\":[\"https:\/\/lexgoshop.com\/fr\/product\/ceinture-de-cuir-15-2\/\"]}]},{\"@type\":\"ImageObject\",\"inLanguage\":\"fr-ca\",\"@id\":\"https:\/\/lexgoshop.com\/fr\/product\/ceinture-de-cuir-15-2\/#primaryimage\",\"url\":\"https:\/\/lexgoshop.com\/wp-content\/uploads\/2016\/09\/PRI43392.jpg\",\"contentUrl\":\"https:\/\/lexgoshop.com\/wp-content\/uploads\/2016\/09\/PRI43392.jpg\",\"width\":305,\"height\":281,\"caption\":\"Ceinture de cuir 1,5\\\"\"},{\"@type\":\"BreadcrumbList\",\"@id\":\"https:\/\/lexgoshop.com\/fr\/product\/ceinture-de-cuir-15-2\/#breadcrumb\",\"itemListElement\":[{\"@type\":\"ListItem\",\"position\":1,\"name\":\"Home\",\"item\":\"https:\/\/lexgoshop.com\/fr\/accueil-2\/\"},{\"@type\":\"ListItem\",\"position\":2,\"name\":\"Boutique\",\"item\":\"https:\/\/lexgoshop.com\/fr\/roofing-materials-and-tools\/\"},{\"@type\":\"ListItem\",\"position\":3,\"name\":\"Ceinture de cuir 1,5&#8243;\"}]},{\"@type\":\"WebSite\",\"@id\":\"https:\/\/lexgoshop.com\/#website\",\"url\":\"https:\/\/lexgoshop.com\/\",\"name\":\"LexGoShop\",\"description\":\"Roofing Materials supplier\",\"publisher\":{\"@id\":\"https:\/\/lexgoshop.com\/#organization\"},\"potentialAction\":[{\"@type\":\"SearchAction\",\"target\":{\"@type\":\"EntryPoint\",\"urlTemplate\":\"https:\/\/lexgoshop.com\/?s={search_term_string}\"},\"query-input\":{\"@type\":\"PropertyValueSpecification\",\"valueRequired\":true,\"valueName\":\"search_term_string\"}}],\"inLanguage\":\"fr-ca\"},{\"@type\":\"Organization\",\"@id\":\"https:\/\/lexgoshop.com\/#organization\",\"name\":\"Lexgoshop\",\"url\":\"https:\/\/lexgoshop.com\/\",\"logo\":{\"@type\":\"ImageObject\",\"inLanguage\":\"fr-ca\",\"@id\":\"https:\/\/lexgoshop.com\/#\/schema\/logo\/image\/\",\"url\":\"https:\/\/lexgoshop.com\/wp-content\/uploads\/2016\/09\/login-logo.png\",\"contentUrl\":\"https:\/\/lexgoshop.com\/wp-content\/uploads\/2016\/09\/login-logo.png\",\"width\":315,\"height\":100,\"caption\":\"Lexgoshop\"},\"image\":{\"@id\":\"https:\/\/lexgoshop.com\/#\/schema\/logo\/image\/\"}}]}<\/script>\n<!-- \/ Yoast SEO plugin. -->","yoast_head_json":{"title":"Ceinture de cuir 1,5\" | LexGoShop","description":"Produits de s\u00e9curit\u00e9: Ceinture de cuir 1,5\". Ceinture faite de cuir en grain sup\u00e9rieur avec une boucle d'acier \u00e0 double rouleau","robots":{"index":"index","follow":"follow","max-snippet":"max-snippet:-1","max-image-preview":"max-image-preview:large","max-video-preview":"max-video-preview:-1"},"canonical":"https:\/\/lexgoshop.com\/fr\/product\/ceinture-de-cuir-15-2\/","og_locale":"fr_FR","og_type":"article","og_title":"Ceinture de cuir 1,5\" | LexGoShop","og_description":"Produits de s\u00e9curit\u00e9: Ceinture de cuir 1,5\". Ceinture faite de cuir en grain sup\u00e9rieur avec une boucle d'acier \u00e0 double rouleau","og_url":"https:\/\/lexgoshop.com\/fr\/product\/ceinture-de-cuir-15-2\/","og_site_name":"LexGoShop","og_image":[{"width":305,"height":281,"url":"https:\/\/lexgoshop.com\/wp-content\/uploads\/2016\/09\/PRI43392.jpg","type":"image\/jpeg"}],"twitter_card":"summary_large_image","schema":{"@context":"https:\/\/schema.org","@graph":[{"@type":"WebPage","@id":"https:\/\/lexgoshop.com\/fr\/product\/ceinture-de-cuir-15-2\/","url":"https:\/\/lexgoshop.com\/fr\/product\/ceinture-de-cuir-15-2\/","name":"Ceinture de cuir 1,5\" | LexGoShop","isPartOf":{"@id":"https:\/\/lexgoshop.com\/#website"},"primaryImageOfPage":{"@id":"https:\/\/lexgoshop.com\/fr\/product\/ceinture-de-cuir-15-2\/#primaryimage"},"image":{"@id":"https:\/\/lexgoshop.com\/fr\/product\/ceinture-de-cuir-15-2\/#primaryimage"},"thumbnailUrl":"https:\/\/lexgoshop.com\/wp-content\/uploads\/2016\/09\/PRI43392.jpg","datePublished":"2016-09-02T13:00:16+00:00","dateModified":"2016-09-02T13:00:16+00:00","description":"Produits de s\u00e9curit\u00e9: Ceinture de cuir 1,5\". Ceinture faite de cuir en grain sup\u00e9rieur avec une boucle d'acier \u00e0 double rouleau","breadcrumb":{"@id":"https:\/\/lexgoshop.com\/fr\/product\/ceinture-de-cuir-15-2\/#breadcrumb"},"inLanguage":"fr-ca","potentialAction":[{"@type":"ReadAction","target":["https:\/\/lexgoshop.com\/fr\/product\/ceinture-de-cuir-15-2\/"]}]},{"@type":"ImageObject","inLanguage":"fr-ca","@id":"https:\/\/lexgoshop.com\/fr\/product\/ceinture-de-cuir-15-2\/#primaryimage","url":"https:\/\/lexgoshop.com\/wp-content\/uploads\/2016\/09\/PRI43392.jpg","contentUrl":"https:\/\/lexgoshop.com\/wp-content\/uploads\/2016\/09\/PRI43392.jpg","width":305,"height":281,"caption":"Ceinture de cuir 1,5\""},{"@type":"BreadcrumbList","@id":"https:\/\/lexgoshop.com\/fr\/product\/ceinture-de-cuir-15-2\/#breadcrumb","itemListElement":[{"@type":"ListItem","position":1,"name":"Home","item":"https:\/\/lexgoshop.com\/fr\/accueil-2\/"},{"@type":"ListItem","position":2,"name":"Boutique","item":"https:\/\/lexgoshop.com\/fr\/roofing-materials-and-tools\/"},{"@type":"ListItem","position":3,"name":"Ceinture de cuir 1,5&#8243;"}]},{"@type":"WebSite","@id":"https:\/\/lexgoshop.com\/#website","url":"https:\/\/lexgoshop.com\/","name":"LexGoShop","description":"Roofing Materials supplier","publisher":{"@id":"https:\/\/lexgoshop.com\/#organization"},"potentialAction":[{"@type":"SearchAction","target":{"@type":"EntryPoint","urlTemplate":"https:\/\/lexgoshop.com\/?s={search_term_string}"},"query-input":{"@type":"PropertyValueSpecification","valueRequired":true,"valueName":"search_term_string"}}],"inLanguage":"fr-ca"},{"@type":"Organization","@id":"https:\/\/lexgoshop.com\/#organization","name":"Lexgoshop","url":"https:\/\/lexgoshop.com\/","logo":{"@type":"ImageObject","inLanguage":"fr-ca","@id":"https:\/\/lexgoshop.com\/#\/schema\/logo\/image\/","url":"https:\/\/lexgoshop.com\/wp-content\/uploads\/2016\/09\/login-logo.png","contentUrl":"https:\/\/lexgoshop.com\/wp-content\/uploads\/2016\/09\/login-logo.png","width":315,"height":100,"caption":"Lexgoshop"},"image":{"@id":"https:\/\/lexgoshop.com\/#\/schema\/logo\/image\/"}}]}},"_links":{"self":[{"href":"https:\/\/lexgoshop.com\/fr\/wp-json\/wp\/v2\/product\/2971"}],"collection":[{"href":"https:\/\/lexgoshop.com\/fr\/wp-json\/wp\/v2\/product"}],"about":[{"href":"https:\/\/lexgoshop.com\/fr\/wp-json\/wp\/v2\/types\/product"}],"replies":[{"embeddable":true,"href":"https:\/\/lexgoshop.com\/fr\/wp-json\/wp\/v2\/comments?post=2971"}],"wp:featuredmedia":[{"embeddable":true,"href":"https:\/\/lexgoshop.com\/fr\/wp-json\/wp\/v2\/media\/695"}],"wp:attachment":[{"href":"https:\/\/lexgoshop.com\/fr\/wp-json\/wp\/v2\/media?parent=2971"}],"wp:term":[{"taxonomy":"product_cat","embeddable":true,"href":"https:\/\/lexgoshop.com\/fr\/wp-json\/wp\/v2\/product_cat?post=2971"},{"taxonomy":"product_tag","embeddable":true,"href":"https:\/\/lexgoshop.com\/fr\/wp-json\/wp\/v2\/product_tag?post=2971"}],"curies":[{"name":"wp","href":"https:\/\/api.w.org\/{rel}","templated":true}]}}