{"id":2962,"date":"2016-09-02T09:00:20","date_gmt":"2016-09-02T13:00:20","guid":{"rendered":"https:\/\/lexgoshop.com\/product\/poteau-de-sortie-col-de-cygne-pour-cables-flash-tite-175-2\/"},"modified":"2016-09-02T09:00:20","modified_gmt":"2016-09-02T13:00:20","slug":"poteau-de-sortie-col-de-cygne-pour-cables-flash-tite-175-2","status":"publish","type":"product","link":"https:\/\/lexgoshop.com\/fr\/product\/poteau-de-sortie-col-de-cygne-pour-cables-flash-tite-175-2\/","title":{"rendered":"Poteau de sortie &#8220;Col de cygne&#8221; pour cables &#8211; Flash-Tite &#8211; 1,75&#8243;"},"content":{"rendered":"<p>Fournit une solution weather-tite pour \u00e9tendre les fils et conduits \u00e0 travers les ponts de toit \u00e0 faible pente<\/p>\n","protected":false},"excerpt":{"rendered":"<p>Fournit une solution weather-tite pour \u00e9tendre les fils et conduits \u00e0 travers les ponts de toit \u00e0 faible pente<\/p>\n","protected":false},"featured_media":776,"comment_status":"closed","ping_status":"closed","template":"","meta":{"_acf_changed":false},"product_cat":[314],"product_tag":[],"class_list":{"0":"post-2962","1":"product","2":"type-product","3":"status-publish","4":"has-post-thumbnail","6":"product_cat-solins-de-toiture","7":"product-grid-view","9":"first","10":"instock","11":"taxable","12":"shipping-taxable","13":"purchasable","14":"product-type-simple"},"acf":[],"yoast_head":"<!-- This site is optimized with the Yoast SEO plugin v23.8 - https:\/\/yoast.com\/wordpress\/plugins\/seo\/ -->\n<title>Poteau de sortie &quot;Col de cygne&quot; pour cables - Flash-Tite - 1,75&quot; | LexGoShop<\/title>\n<meta name=\"description\" content=\"Solins de toiture: Poteau de sortie &quot;Col de cygne&quot; pour cables - Flash-Tite - 1,75&quot;. Fournit une solution weather-tite pour \u00e9tendre les fils et conduits \u00e0 travers les ponts de toit \u00e0 faible pente\" \/>\n<meta name=\"robots\" content=\"index, follow, max-snippet:-1, max-image-preview:large, max-video-preview:-1\" \/>\n<link rel=\"canonical\" href=\"https:\/\/lexgoshop.com\/fr\/product\/poteau-de-sortie-col-de-cygne-pour-cables-flash-tite-175-2\/\" \/>\n<meta property=\"og:locale\" content=\"fr_FR\" \/>\n<meta property=\"og:type\" content=\"article\" \/>\n<meta property=\"og:title\" content=\"Poteau de sortie &quot;Col de cygne&quot; pour cables - Flash-Tite - 1,75&quot; | LexGoShop\" \/>\n<meta property=\"og:description\" content=\"Solins de toiture: Poteau de sortie &quot;Col de cygne&quot; pour cables - Flash-Tite - 1,75&quot;. Fournit une solution weather-tite pour \u00e9tendre les fils et conduits \u00e0 travers les ponts de toit \u00e0 faible pente\" \/>\n<meta property=\"og:url\" content=\"https:\/\/lexgoshop.com\/fr\/product\/poteau-de-sortie-col-de-cygne-pour-cables-flash-tite-175-2\/\" \/>\n<meta property=\"og:site_name\" content=\"LexGoShop\" \/>\n<meta property=\"og:image\" content=\"https:\/\/lexgoshop.com\/wp-content\/uploads\/2016\/09\/LR66300.jpg\" \/>\n\t<meta property=\"og:image:width\" content=\"305\" \/>\n\t<meta property=\"og:image:height\" content=\"281\" \/>\n\t<meta property=\"og:image:type\" content=\"image\/jpeg\" \/>\n<meta name=\"twitter:card\" content=\"summary_large_image\" \/>\n<script type=\"application\/ld+json\" class=\"yoast-schema-graph\">{\"@context\":\"https:\/\/schema.org\",\"@graph\":[{\"@type\":\"WebPage\",\"@id\":\"https:\/\/lexgoshop.com\/fr\/product\/poteau-de-sortie-col-de-cygne-pour-cables-flash-tite-175-2\/\",\"url\":\"https:\/\/lexgoshop.com\/fr\/product\/poteau-de-sortie-col-de-cygne-pour-cables-flash-tite-175-2\/\",\"name\":\"Poteau de sortie \\\"Col de cygne\\\" pour cables - Flash-Tite - 1,75\\\" | LexGoShop\",\"isPartOf\":{\"@id\":\"https:\/\/lexgoshop.com\/#website\"},\"primaryImageOfPage\":{\"@id\":\"https:\/\/lexgoshop.com\/fr\/product\/poteau-de-sortie-col-de-cygne-pour-cables-flash-tite-175-2\/#primaryimage\"},\"image\":{\"@id\":\"https:\/\/lexgoshop.com\/fr\/product\/poteau-de-sortie-col-de-cygne-pour-cables-flash-tite-175-2\/#primaryimage\"},\"thumbnailUrl\":\"https:\/\/lexgoshop.com\/wp-content\/uploads\/2016\/09\/LR66300.jpg\",\"datePublished\":\"2016-09-02T13:00:20+00:00\",\"dateModified\":\"2016-09-02T13:00:20+00:00\",\"description\":\"Solins de toiture: Poteau de sortie \\\"Col de cygne\\\" pour cables - Flash-Tite - 1,75\\\". Fournit une solution weather-tite pour \u00e9tendre les fils et conduits \u00e0 travers les ponts de toit \u00e0 faible pente\",\"breadcrumb\":{\"@id\":\"https:\/\/lexgoshop.com\/fr\/product\/poteau-de-sortie-col-de-cygne-pour-cables-flash-tite-175-2\/#breadcrumb\"},\"inLanguage\":\"fr-ca\",\"potentialAction\":[{\"@type\":\"ReadAction\",\"target\":[\"https:\/\/lexgoshop.com\/fr\/product\/poteau-de-sortie-col-de-cygne-pour-cables-flash-tite-175-2\/\"]}]},{\"@type\":\"ImageObject\",\"inLanguage\":\"fr-ca\",\"@id\":\"https:\/\/lexgoshop.com\/fr\/product\/poteau-de-sortie-col-de-cygne-pour-cables-flash-tite-175-2\/#primaryimage\",\"url\":\"https:\/\/lexgoshop.com\/wp-content\/uploads\/2016\/09\/LR66300.jpg\",\"contentUrl\":\"https:\/\/lexgoshop.com\/wp-content\/uploads\/2016\/09\/LR66300.jpg\",\"width\":305,\"height\":281,\"caption\":\"Poteau de sortie \\\"Col de cygne\\\" pour cables - Flash-Tite - 1,75\\\"\"},{\"@type\":\"BreadcrumbList\",\"@id\":\"https:\/\/lexgoshop.com\/fr\/product\/poteau-de-sortie-col-de-cygne-pour-cables-flash-tite-175-2\/#breadcrumb\",\"itemListElement\":[{\"@type\":\"ListItem\",\"position\":1,\"name\":\"Home\",\"item\":\"https:\/\/lexgoshop.com\/fr\/accueil-2\/\"},{\"@type\":\"ListItem\",\"position\":2,\"name\":\"Boutique\",\"item\":\"https:\/\/lexgoshop.com\/fr\/roofing-materials-and-tools\/\"},{\"@type\":\"ListItem\",\"position\":3,\"name\":\"Poteau de sortie &#8220;Col de cygne&#8221; pour cables &#8211; Flash-Tite &#8211; 1,75&#8243;\"}]},{\"@type\":\"WebSite\",\"@id\":\"https:\/\/lexgoshop.com\/#website\",\"url\":\"https:\/\/lexgoshop.com\/\",\"name\":\"LexGoShop\",\"description\":\"Roofing Materials supplier\",\"publisher\":{\"@id\":\"https:\/\/lexgoshop.com\/#organization\"},\"potentialAction\":[{\"@type\":\"SearchAction\",\"target\":{\"@type\":\"EntryPoint\",\"urlTemplate\":\"https:\/\/lexgoshop.com\/?s={search_term_string}\"},\"query-input\":{\"@type\":\"PropertyValueSpecification\",\"valueRequired\":true,\"valueName\":\"search_term_string\"}}],\"inLanguage\":\"fr-ca\"},{\"@type\":\"Organization\",\"@id\":\"https:\/\/lexgoshop.com\/#organization\",\"name\":\"Lexgoshop\",\"url\":\"https:\/\/lexgoshop.com\/\",\"logo\":{\"@type\":\"ImageObject\",\"inLanguage\":\"fr-ca\",\"@id\":\"https:\/\/lexgoshop.com\/#\/schema\/logo\/image\/\",\"url\":\"https:\/\/lexgoshop.com\/wp-content\/uploads\/2016\/09\/login-logo.png\",\"contentUrl\":\"https:\/\/lexgoshop.com\/wp-content\/uploads\/2016\/09\/login-logo.png\",\"width\":315,\"height\":100,\"caption\":\"Lexgoshop\"},\"image\":{\"@id\":\"https:\/\/lexgoshop.com\/#\/schema\/logo\/image\/\"}}]}<\/script>\n<!-- \/ Yoast SEO plugin. -->","yoast_head_json":{"title":"Poteau de sortie \"Col de cygne\" pour cables - Flash-Tite - 1,75\" | LexGoShop","description":"Solins de toiture: Poteau de sortie \"Col de cygne\" pour cables - Flash-Tite - 1,75\". Fournit une solution weather-tite pour \u00e9tendre les fils et conduits \u00e0 travers les ponts de toit \u00e0 faible pente","robots":{"index":"index","follow":"follow","max-snippet":"max-snippet:-1","max-image-preview":"max-image-preview:large","max-video-preview":"max-video-preview:-1"},"canonical":"https:\/\/lexgoshop.com\/fr\/product\/poteau-de-sortie-col-de-cygne-pour-cables-flash-tite-175-2\/","og_locale":"fr_FR","og_type":"article","og_title":"Poteau de sortie \"Col de cygne\" pour cables - Flash-Tite - 1,75\" | LexGoShop","og_description":"Solins de toiture: Poteau de sortie \"Col de cygne\" pour cables - Flash-Tite - 1,75\". Fournit une solution weather-tite pour \u00e9tendre les fils et conduits \u00e0 travers les ponts de toit \u00e0 faible pente","og_url":"https:\/\/lexgoshop.com\/fr\/product\/poteau-de-sortie-col-de-cygne-pour-cables-flash-tite-175-2\/","og_site_name":"LexGoShop","og_image":[{"width":305,"height":281,"url":"https:\/\/lexgoshop.com\/wp-content\/uploads\/2016\/09\/LR66300.jpg","type":"image\/jpeg"}],"twitter_card":"summary_large_image","schema":{"@context":"https:\/\/schema.org","@graph":[{"@type":"WebPage","@id":"https:\/\/lexgoshop.com\/fr\/product\/poteau-de-sortie-col-de-cygne-pour-cables-flash-tite-175-2\/","url":"https:\/\/lexgoshop.com\/fr\/product\/poteau-de-sortie-col-de-cygne-pour-cables-flash-tite-175-2\/","name":"Poteau de sortie \"Col de cygne\" pour cables - Flash-Tite - 1,75\" | LexGoShop","isPartOf":{"@id":"https:\/\/lexgoshop.com\/#website"},"primaryImageOfPage":{"@id":"https:\/\/lexgoshop.com\/fr\/product\/poteau-de-sortie-col-de-cygne-pour-cables-flash-tite-175-2\/#primaryimage"},"image":{"@id":"https:\/\/lexgoshop.com\/fr\/product\/poteau-de-sortie-col-de-cygne-pour-cables-flash-tite-175-2\/#primaryimage"},"thumbnailUrl":"https:\/\/lexgoshop.com\/wp-content\/uploads\/2016\/09\/LR66300.jpg","datePublished":"2016-09-02T13:00:20+00:00","dateModified":"2016-09-02T13:00:20+00:00","description":"Solins de toiture: Poteau de sortie \"Col de cygne\" pour cables - Flash-Tite - 1,75\". Fournit une solution weather-tite pour \u00e9tendre les fils et conduits \u00e0 travers les ponts de toit \u00e0 faible pente","breadcrumb":{"@id":"https:\/\/lexgoshop.com\/fr\/product\/poteau-de-sortie-col-de-cygne-pour-cables-flash-tite-175-2\/#breadcrumb"},"inLanguage":"fr-ca","potentialAction":[{"@type":"ReadAction","target":["https:\/\/lexgoshop.com\/fr\/product\/poteau-de-sortie-col-de-cygne-pour-cables-flash-tite-175-2\/"]}]},{"@type":"ImageObject","inLanguage":"fr-ca","@id":"https:\/\/lexgoshop.com\/fr\/product\/poteau-de-sortie-col-de-cygne-pour-cables-flash-tite-175-2\/#primaryimage","url":"https:\/\/lexgoshop.com\/wp-content\/uploads\/2016\/09\/LR66300.jpg","contentUrl":"https:\/\/lexgoshop.com\/wp-content\/uploads\/2016\/09\/LR66300.jpg","width":305,"height":281,"caption":"Poteau de sortie \"Col de cygne\" pour cables - Flash-Tite - 1,75\""},{"@type":"BreadcrumbList","@id":"https:\/\/lexgoshop.com\/fr\/product\/poteau-de-sortie-col-de-cygne-pour-cables-flash-tite-175-2\/#breadcrumb","itemListElement":[{"@type":"ListItem","position":1,"name":"Home","item":"https:\/\/lexgoshop.com\/fr\/accueil-2\/"},{"@type":"ListItem","position":2,"name":"Boutique","item":"https:\/\/lexgoshop.com\/fr\/roofing-materials-and-tools\/"},{"@type":"ListItem","position":3,"name":"Poteau de sortie &#8220;Col de cygne&#8221; pour cables &#8211; Flash-Tite &#8211; 1,75&#8243;"}]},{"@type":"WebSite","@id":"https:\/\/lexgoshop.com\/#website","url":"https:\/\/lexgoshop.com\/","name":"LexGoShop","description":"Roofing Materials supplier","publisher":{"@id":"https:\/\/lexgoshop.com\/#organization"},"potentialAction":[{"@type":"SearchAction","target":{"@type":"EntryPoint","urlTemplate":"https:\/\/lexgoshop.com\/?s={search_term_string}"},"query-input":{"@type":"PropertyValueSpecification","valueRequired":true,"valueName":"search_term_string"}}],"inLanguage":"fr-ca"},{"@type":"Organization","@id":"https:\/\/lexgoshop.com\/#organization","name":"Lexgoshop","url":"https:\/\/lexgoshop.com\/","logo":{"@type":"ImageObject","inLanguage":"fr-ca","@id":"https:\/\/lexgoshop.com\/#\/schema\/logo\/image\/","url":"https:\/\/lexgoshop.com\/wp-content\/uploads\/2016\/09\/login-logo.png","contentUrl":"https:\/\/lexgoshop.com\/wp-content\/uploads\/2016\/09\/login-logo.png","width":315,"height":100,"caption":"Lexgoshop"},"image":{"@id":"https:\/\/lexgoshop.com\/#\/schema\/logo\/image\/"}}]}},"_links":{"self":[{"href":"https:\/\/lexgoshop.com\/fr\/wp-json\/wp\/v2\/product\/2962"}],"collection":[{"href":"https:\/\/lexgoshop.com\/fr\/wp-json\/wp\/v2\/product"}],"about":[{"href":"https:\/\/lexgoshop.com\/fr\/wp-json\/wp\/v2\/types\/product"}],"replies":[{"embeddable":true,"href":"https:\/\/lexgoshop.com\/fr\/wp-json\/wp\/v2\/comments?post=2962"}],"wp:featuredmedia":[{"embeddable":true,"href":"https:\/\/lexgoshop.com\/fr\/wp-json\/wp\/v2\/media\/776"}],"wp:attachment":[{"href":"https:\/\/lexgoshop.com\/fr\/wp-json\/wp\/v2\/media?parent=2962"}],"wp:term":[{"taxonomy":"product_cat","embeddable":true,"href":"https:\/\/lexgoshop.com\/fr\/wp-json\/wp\/v2\/product_cat?post=2962"},{"taxonomy":"product_tag","embeddable":true,"href":"https:\/\/lexgoshop.com\/fr\/wp-json\/wp\/v2\/product_tag?post=2962"}],"curies":[{"name":"wp","href":"https:\/\/api.w.org\/{rel}","templated":true}]}}