{"id":2951,"date":"2016-09-02T09:00:20","date_gmt":"2016-09-02T13:00:20","guid":{"rendered":"https:\/\/lexgoshop.com\/product\/deglacant-roofsafe-10-kg-2\/"},"modified":"2024-07-23T10:04:45","modified_gmt":"2024-07-23T14:04:45","slug":"deglacant-roofsafe-10-kg-2","status":"publish","type":"product","link":"https:\/\/lexgoshop.com\/fr\/product\/deglacant-roofsafe-10-kg-2\/","title":{"rendered":"D\u00e9gla\u00e7ant ROOFSAFE de LEXCOR \u2013 10 kg"},"content":{"rendered":"<p>ROOFSAFE est un produit exothermique, c\u2019est-\u00e0-dire qu\u2019au contact de l\u2019air humide, il d\u00e9gage une chaleur de 643 BTU\/kg, pour ainsi faire fondre la neige et la glace.<\/p>\n<p>CARACT\u00c9RISTIQUES ET AVANTAGES<br \/>\n\u2022 N&#8217;endommage pas les toitures<br \/>\n\u2022 Convient \u00e0 tous les types de toiture: \u00e9lastom\u00e8re, multicouche, EPDM, TPO, PVC, bardeau<br \/>\n\u2022 Aucun r\u00e9sidu accumul\u00e9<br \/>\n\u2022 Inoffensif pour les animaux et la v\u00e9g\u00e9tation<br \/>\n\u2022 Tr\u00e8s grande efficacit\u00e9 prouv\u00e9e<br \/>\n\u2022 Le d\u00e9gla\u00e7ant ROOFSAFE n&#8217;endommage le pav\u00e9 uni et le b\u00e9ton d&#8217;\u00e2ge mature et de 35 mpa ou mieux. Le d\u00e9gla\u00e7ant ROOFSAFE reste en saumure et ne se cristallise pas tel que le fait le sel de d\u00e9gla\u00e7age.<\/p>\n","protected":false},"excerpt":{"rendered":"<p>ROOFSAFE est un produit exothermique, c\u2019est-\u00e0-dire qu\u2019au contact de l\u2019air humide, il d\u00e9gage une chaleur de 643 BTU\/kg, pour ainsi faire fondre la neige et la glace.<\/p>\n","protected":false},"featured_media":5158,"comment_status":"closed","ping_status":"closed","template":"","meta":{"_acf_changed":false},"product_cat":[311],"product_tag":[],"class_list":{"0":"post-2951","1":"product","2":"type-product","3":"status-publish","4":"has-post-thumbnail","6":"product_cat-produits-dentretien","7":"product-grid-view","9":"first","10":"instock","11":"taxable","12":"shipping-taxable","13":"purchasable","14":"product-type-simple"},"acf":[],"yoast_head":"<!-- This site is optimized with the Yoast SEO plugin v23.8 - https:\/\/yoast.com\/wordpress\/plugins\/seo\/ -->\n<title>D\u00e9gla\u00e7ant ROOFSAFE de LEXCOR \u2013 10 kg | LexGoShop<\/title>\n<meta name=\"description\" content=\"Produits d&#039;entretien: D\u00e9gla\u00e7ant ROOFSAFE de LEXCOR \u2013 10 kg. ROOFSAFE est un produit exothermique, c\u2019est-\u00e0-dire qu\u2019au contact de l\u2019air humide, il d\u00e9gage une chaleur de 643 BTU\/kg, pour ainsi faire fondre la neige et la glace.\" \/>\n<meta name=\"robots\" content=\"index, follow, max-snippet:-1, max-image-preview:large, max-video-preview:-1\" \/>\n<link rel=\"canonical\" href=\"https:\/\/lexgoshop.com\/fr\/product\/deglacant-roofsafe-10-kg-2\/\" \/>\n<meta property=\"og:locale\" content=\"fr_FR\" \/>\n<meta property=\"og:type\" content=\"article\" \/>\n<meta property=\"og:title\" content=\"D\u00e9gla\u00e7ant ROOFSAFE de LEXCOR \u2013 10 kg | LexGoShop\" \/>\n<meta property=\"og:description\" content=\"Produits d&#039;entretien: D\u00e9gla\u00e7ant ROOFSAFE de LEXCOR \u2013 10 kg. ROOFSAFE est un produit exothermique, c\u2019est-\u00e0-dire qu\u2019au contact de l\u2019air humide, il d\u00e9gage une chaleur de 643 BTU\/kg, pour ainsi faire fondre la neige et la glace.\" \/>\n<meta property=\"og:url\" content=\"https:\/\/lexgoshop.com\/fr\/product\/deglacant-roofsafe-10-kg-2\/\" \/>\n<meta property=\"og:site_name\" content=\"LexGoShop\" \/>\n<meta property=\"article:modified_time\" content=\"2024-07-23T14:04:45+00:00\" \/>\n<meta property=\"og:image\" content=\"https:\/\/lexgoshop.com\/wp-content\/uploads\/2016\/09\/Roofsafe_july2024_web.png\" \/>\n\t<meta property=\"og:image:width\" content=\"645\" \/>\n\t<meta property=\"og:image:height\" content=\"645\" \/>\n\t<meta property=\"og:image:type\" content=\"image\/png\" \/>\n<meta name=\"twitter:card\" content=\"summary_large_image\" \/>\n<script type=\"application\/ld+json\" class=\"yoast-schema-graph\">{\"@context\":\"https:\/\/schema.org\",\"@graph\":[{\"@type\":\"WebPage\",\"@id\":\"https:\/\/lexgoshop.com\/fr\/product\/deglacant-roofsafe-10-kg-2\/\",\"url\":\"https:\/\/lexgoshop.com\/fr\/product\/deglacant-roofsafe-10-kg-2\/\",\"name\":\"D\u00e9gla\u00e7ant ROOFSAFE de LEXCOR \u2013 10 kg | LexGoShop\",\"isPartOf\":{\"@id\":\"https:\/\/lexgoshop.com\/#website\"},\"primaryImageOfPage\":{\"@id\":\"https:\/\/lexgoshop.com\/fr\/product\/deglacant-roofsafe-10-kg-2\/#primaryimage\"},\"image\":{\"@id\":\"https:\/\/lexgoshop.com\/fr\/product\/deglacant-roofsafe-10-kg-2\/#primaryimage\"},\"thumbnailUrl\":\"https:\/\/lexgoshop.com\/wp-content\/uploads\/2016\/09\/Roofsafe_july2024_web.png\",\"datePublished\":\"2016-09-02T13:00:20+00:00\",\"dateModified\":\"2024-07-23T14:04:45+00:00\",\"description\":\"Produits d'entretien: D\u00e9gla\u00e7ant ROOFSAFE de LEXCOR \u2013 10 kg. ROOFSAFE est un produit exothermique, c\u2019est-\u00e0-dire qu\u2019au contact de l\u2019air humide, il d\u00e9gage une chaleur de 643 BTU\/kg, pour ainsi faire fondre la neige et la glace.\",\"breadcrumb\":{\"@id\":\"https:\/\/lexgoshop.com\/fr\/product\/deglacant-roofsafe-10-kg-2\/#breadcrumb\"},\"inLanguage\":\"fr-ca\",\"potentialAction\":[{\"@type\":\"ReadAction\",\"target\":[\"https:\/\/lexgoshop.com\/fr\/product\/deglacant-roofsafe-10-kg-2\/\"]}]},{\"@type\":\"ImageObject\",\"inLanguage\":\"fr-ca\",\"@id\":\"https:\/\/lexgoshop.com\/fr\/product\/deglacant-roofsafe-10-kg-2\/#primaryimage\",\"url\":\"https:\/\/lexgoshop.com\/wp-content\/uploads\/2016\/09\/Roofsafe_july2024_web.png\",\"contentUrl\":\"https:\/\/lexgoshop.com\/wp-content\/uploads\/2016\/09\/Roofsafe_july2024_web.png\",\"width\":645,\"height\":645},{\"@type\":\"BreadcrumbList\",\"@id\":\"https:\/\/lexgoshop.com\/fr\/product\/deglacant-roofsafe-10-kg-2\/#breadcrumb\",\"itemListElement\":[{\"@type\":\"ListItem\",\"position\":1,\"name\":\"Home\",\"item\":\"https:\/\/lexgoshop.com\/fr\/accueil-2\/\"},{\"@type\":\"ListItem\",\"position\":2,\"name\":\"Boutique\",\"item\":\"https:\/\/lexgoshop.com\/fr\/roofing-materials-and-tools\/\"},{\"@type\":\"ListItem\",\"position\":3,\"name\":\"D\u00e9gla\u00e7ant ROOFSAFE de LEXCOR \u2013 10 kg\"}]},{\"@type\":\"WebSite\",\"@id\":\"https:\/\/lexgoshop.com\/#website\",\"url\":\"https:\/\/lexgoshop.com\/\",\"name\":\"LexGoShop\",\"description\":\"Roofing Materials supplier\",\"publisher\":{\"@id\":\"https:\/\/lexgoshop.com\/#organization\"},\"potentialAction\":[{\"@type\":\"SearchAction\",\"target\":{\"@type\":\"EntryPoint\",\"urlTemplate\":\"https:\/\/lexgoshop.com\/?s={search_term_string}\"},\"query-input\":{\"@type\":\"PropertyValueSpecification\",\"valueRequired\":true,\"valueName\":\"search_term_string\"}}],\"inLanguage\":\"fr-ca\"},{\"@type\":\"Organization\",\"@id\":\"https:\/\/lexgoshop.com\/#organization\",\"name\":\"Lexgoshop\",\"url\":\"https:\/\/lexgoshop.com\/\",\"logo\":{\"@type\":\"ImageObject\",\"inLanguage\":\"fr-ca\",\"@id\":\"https:\/\/lexgoshop.com\/#\/schema\/logo\/image\/\",\"url\":\"https:\/\/lexgoshop.com\/wp-content\/uploads\/2016\/09\/login-logo.png\",\"contentUrl\":\"https:\/\/lexgoshop.com\/wp-content\/uploads\/2016\/09\/login-logo.png\",\"width\":315,\"height\":100,\"caption\":\"Lexgoshop\"},\"image\":{\"@id\":\"https:\/\/lexgoshop.com\/#\/schema\/logo\/image\/\"}}]}<\/script>\n<!-- \/ Yoast SEO plugin. -->","yoast_head_json":{"title":"D\u00e9gla\u00e7ant ROOFSAFE de LEXCOR \u2013 10 kg | LexGoShop","description":"Produits d'entretien: D\u00e9gla\u00e7ant ROOFSAFE de LEXCOR \u2013 10 kg. ROOFSAFE est un produit exothermique, c\u2019est-\u00e0-dire qu\u2019au contact de l\u2019air humide, il d\u00e9gage une chaleur de 643 BTU\/kg, pour ainsi faire fondre la neige et la glace.","robots":{"index":"index","follow":"follow","max-snippet":"max-snippet:-1","max-image-preview":"max-image-preview:large","max-video-preview":"max-video-preview:-1"},"canonical":"https:\/\/lexgoshop.com\/fr\/product\/deglacant-roofsafe-10-kg-2\/","og_locale":"fr_FR","og_type":"article","og_title":"D\u00e9gla\u00e7ant ROOFSAFE de LEXCOR \u2013 10 kg | LexGoShop","og_description":"Produits d'entretien: D\u00e9gla\u00e7ant ROOFSAFE de LEXCOR \u2013 10 kg. ROOFSAFE est un produit exothermique, c\u2019est-\u00e0-dire qu\u2019au contact de l\u2019air humide, il d\u00e9gage une chaleur de 643 BTU\/kg, pour ainsi faire fondre la neige et la glace.","og_url":"https:\/\/lexgoshop.com\/fr\/product\/deglacant-roofsafe-10-kg-2\/","og_site_name":"LexGoShop","article_modified_time":"2024-07-23T14:04:45+00:00","og_image":[{"width":645,"height":645,"url":"https:\/\/lexgoshop.com\/wp-content\/uploads\/2016\/09\/Roofsafe_july2024_web.png","type":"image\/png"}],"twitter_card":"summary_large_image","schema":{"@context":"https:\/\/schema.org","@graph":[{"@type":"WebPage","@id":"https:\/\/lexgoshop.com\/fr\/product\/deglacant-roofsafe-10-kg-2\/","url":"https:\/\/lexgoshop.com\/fr\/product\/deglacant-roofsafe-10-kg-2\/","name":"D\u00e9gla\u00e7ant ROOFSAFE de LEXCOR \u2013 10 kg | LexGoShop","isPartOf":{"@id":"https:\/\/lexgoshop.com\/#website"},"primaryImageOfPage":{"@id":"https:\/\/lexgoshop.com\/fr\/product\/deglacant-roofsafe-10-kg-2\/#primaryimage"},"image":{"@id":"https:\/\/lexgoshop.com\/fr\/product\/deglacant-roofsafe-10-kg-2\/#primaryimage"},"thumbnailUrl":"https:\/\/lexgoshop.com\/wp-content\/uploads\/2016\/09\/Roofsafe_july2024_web.png","datePublished":"2016-09-02T13:00:20+00:00","dateModified":"2024-07-23T14:04:45+00:00","description":"Produits d'entretien: D\u00e9gla\u00e7ant ROOFSAFE de LEXCOR \u2013 10 kg. ROOFSAFE est un produit exothermique, c\u2019est-\u00e0-dire qu\u2019au contact de l\u2019air humide, il d\u00e9gage une chaleur de 643 BTU\/kg, pour ainsi faire fondre la neige et la glace.","breadcrumb":{"@id":"https:\/\/lexgoshop.com\/fr\/product\/deglacant-roofsafe-10-kg-2\/#breadcrumb"},"inLanguage":"fr-ca","potentialAction":[{"@type":"ReadAction","target":["https:\/\/lexgoshop.com\/fr\/product\/deglacant-roofsafe-10-kg-2\/"]}]},{"@type":"ImageObject","inLanguage":"fr-ca","@id":"https:\/\/lexgoshop.com\/fr\/product\/deglacant-roofsafe-10-kg-2\/#primaryimage","url":"https:\/\/lexgoshop.com\/wp-content\/uploads\/2016\/09\/Roofsafe_july2024_web.png","contentUrl":"https:\/\/lexgoshop.com\/wp-content\/uploads\/2016\/09\/Roofsafe_july2024_web.png","width":645,"height":645},{"@type":"BreadcrumbList","@id":"https:\/\/lexgoshop.com\/fr\/product\/deglacant-roofsafe-10-kg-2\/#breadcrumb","itemListElement":[{"@type":"ListItem","position":1,"name":"Home","item":"https:\/\/lexgoshop.com\/fr\/accueil-2\/"},{"@type":"ListItem","position":2,"name":"Boutique","item":"https:\/\/lexgoshop.com\/fr\/roofing-materials-and-tools\/"},{"@type":"ListItem","position":3,"name":"D\u00e9gla\u00e7ant ROOFSAFE de LEXCOR \u2013 10 kg"}]},{"@type":"WebSite","@id":"https:\/\/lexgoshop.com\/#website","url":"https:\/\/lexgoshop.com\/","name":"LexGoShop","description":"Roofing Materials supplier","publisher":{"@id":"https:\/\/lexgoshop.com\/#organization"},"potentialAction":[{"@type":"SearchAction","target":{"@type":"EntryPoint","urlTemplate":"https:\/\/lexgoshop.com\/?s={search_term_string}"},"query-input":{"@type":"PropertyValueSpecification","valueRequired":true,"valueName":"search_term_string"}}],"inLanguage":"fr-ca"},{"@type":"Organization","@id":"https:\/\/lexgoshop.com\/#organization","name":"Lexgoshop","url":"https:\/\/lexgoshop.com\/","logo":{"@type":"ImageObject","inLanguage":"fr-ca","@id":"https:\/\/lexgoshop.com\/#\/schema\/logo\/image\/","url":"https:\/\/lexgoshop.com\/wp-content\/uploads\/2016\/09\/login-logo.png","contentUrl":"https:\/\/lexgoshop.com\/wp-content\/uploads\/2016\/09\/login-logo.png","width":315,"height":100,"caption":"Lexgoshop"},"image":{"@id":"https:\/\/lexgoshop.com\/#\/schema\/logo\/image\/"}}]}},"_links":{"self":[{"href":"https:\/\/lexgoshop.com\/fr\/wp-json\/wp\/v2\/product\/2951"}],"collection":[{"href":"https:\/\/lexgoshop.com\/fr\/wp-json\/wp\/v2\/product"}],"about":[{"href":"https:\/\/lexgoshop.com\/fr\/wp-json\/wp\/v2\/types\/product"}],"replies":[{"embeddable":true,"href":"https:\/\/lexgoshop.com\/fr\/wp-json\/wp\/v2\/comments?post=2951"}],"wp:featuredmedia":[{"embeddable":true,"href":"https:\/\/lexgoshop.com\/fr\/wp-json\/wp\/v2\/media\/5158"}],"wp:attachment":[{"href":"https:\/\/lexgoshop.com\/fr\/wp-json\/wp\/v2\/media?parent=2951"}],"wp:term":[{"taxonomy":"product_cat","embeddable":true,"href":"https:\/\/lexgoshop.com\/fr\/wp-json\/wp\/v2\/product_cat?post=2951"},{"taxonomy":"product_tag","embeddable":true,"href":"https:\/\/lexgoshop.com\/fr\/wp-json\/wp\/v2\/product_tag?post=2951"}],"curies":[{"name":"wp","href":"https:\/\/api.w.org\/{rel}","templated":true}]}}