{"id":2937,"date":"2016-09-02T09:00:08","date_gmt":"2016-09-02T13:00:08","guid":{"rendered":"https:\/\/lexgoshop.com\/product\/braquettes-de-toiture-2%e2%80%b3-x-10%e2%80%b3-x-45%e2%80%b3\/"},"modified":"2016-09-02T09:00:08","modified_gmt":"2016-09-02T13:00:08","slug":"braquettes-de-toiture-2%e2%80%b3-x-10%e2%80%b3-x-45%e2%80%b3","status":"publish","type":"product","link":"https:\/\/lexgoshop.com\/fr\/product\/braquettes-de-toiture-2%e2%80%b3-x-10%e2%80%b3-x-45%e2%80%b3\/","title":{"rendered":"Braquettes de toiture 2\u2033 x 10\u2033 x 45\u2033"},"content":{"rendered":"<p>Utilis\u00e9 pour faire la r\u00e9paration du toit afin qu\u2019il soit s\u00e9curis\u00e9. Utilisation \u00e0 la fois des soudures et des rivets pour une plus grande s\u00e9curit\u00e9 et durabilit\u00e9<\/p>\n","protected":false},"excerpt":{"rendered":"<p>Utilis\u00e9 pour faire la r\u00e9paration du toit afin qu\u2019il soit s\u00e9curis\u00e9. Utilisation \u00e0 la fois des soudures et des rivets pour une plus grande s\u00e9curit\u00e9 et durabilit\u00e9<\/p>\n","protected":false},"featured_media":562,"comment_status":"closed","ping_status":"closed","template":"","meta":{"_acf_changed":false},"product_cat":[294],"product_tag":[],"class_list":{"0":"post-2937","1":"product","2":"type-product","3":"status-publish","4":"has-post-thumbnail","6":"product_cat-accessoires","7":"product-grid-view","9":"first","10":"instock","11":"taxable","12":"shipping-taxable","13":"purchasable","14":"product-type-simple"},"acf":[],"yoast_head":"<!-- This site is optimized with the Yoast SEO plugin v23.8 - https:\/\/yoast.com\/wordpress\/plugins\/seo\/ -->\n<title>Braquettes de toiture 2\u2033 x 10\u2033 x 45\u2033 | LexGoShop<\/title>\n<meta name=\"description\" content=\"Accessoires: Braquettes de toiture 2\u2033 x 10\u2033 x 45\u2033. Utilis\u00e9 pour faire la r\u00e9paration du toit afin qu\u2019il soit s\u00e9curis\u00e9. Utilisation \u00e0 la fois des soudures et des rivets pour une plus grande s\u00e9curit\u00e9 et durabilit\u00e9\" \/>\n<meta name=\"robots\" content=\"index, follow, max-snippet:-1, max-image-preview:large, max-video-preview:-1\" \/>\n<link rel=\"canonical\" href=\"https:\/\/lexgoshop.com\/fr\/product\/braquettes-de-toiture-2\u2033-x-10\u2033-x-45\u2033\/\" \/>\n<meta property=\"og:locale\" content=\"fr_FR\" \/>\n<meta property=\"og:type\" content=\"article\" \/>\n<meta property=\"og:title\" content=\"Braquettes de toiture 2\u2033 x 10\u2033 x 45\u2033 | LexGoShop\" \/>\n<meta property=\"og:description\" content=\"Accessoires: Braquettes de toiture 2\u2033 x 10\u2033 x 45\u2033. Utilis\u00e9 pour faire la r\u00e9paration du toit afin qu\u2019il soit s\u00e9curis\u00e9. Utilisation \u00e0 la fois des soudures et des rivets pour une plus grande s\u00e9curit\u00e9 et durabilit\u00e9\" \/>\n<meta property=\"og:url\" content=\"https:\/\/lexgoshop.com\/fr\/product\/braquettes-de-toiture-2\u2033-x-10\u2033-x-45\u2033\/\" \/>\n<meta property=\"og:site_name\" content=\"LexGoShop\" \/>\n<meta property=\"og:image\" content=\"https:\/\/lexgoshop.com\/wp-content\/uploads\/2016\/09\/PRI73325.jpg\" \/>\n\t<meta property=\"og:image:width\" content=\"305\" \/>\n\t<meta property=\"og:image:height\" content=\"281\" \/>\n\t<meta property=\"og:image:type\" content=\"image\/jpeg\" \/>\n<meta name=\"twitter:card\" content=\"summary_large_image\" \/>\n<script type=\"application\/ld+json\" class=\"yoast-schema-graph\">{\"@context\":\"https:\/\/schema.org\",\"@graph\":[{\"@type\":\"WebPage\",\"@id\":\"https:\/\/lexgoshop.com\/fr\/product\/braquettes-de-toiture-2%e2%80%b3-x-10%e2%80%b3-x-45%e2%80%b3\/\",\"url\":\"https:\/\/lexgoshop.com\/fr\/product\/braquettes-de-toiture-2%e2%80%b3-x-10%e2%80%b3-x-45%e2%80%b3\/\",\"name\":\"Braquettes de toiture 2\u2033 x 10\u2033 x 45\u2033 | LexGoShop\",\"isPartOf\":{\"@id\":\"https:\/\/lexgoshop.com\/#website\"},\"primaryImageOfPage\":{\"@id\":\"https:\/\/lexgoshop.com\/fr\/product\/braquettes-de-toiture-2%e2%80%b3-x-10%e2%80%b3-x-45%e2%80%b3\/#primaryimage\"},\"image\":{\"@id\":\"https:\/\/lexgoshop.com\/fr\/product\/braquettes-de-toiture-2%e2%80%b3-x-10%e2%80%b3-x-45%e2%80%b3\/#primaryimage\"},\"thumbnailUrl\":\"https:\/\/lexgoshop.com\/wp-content\/uploads\/2016\/09\/PRI73325.jpg\",\"datePublished\":\"2016-09-02T13:00:08+00:00\",\"dateModified\":\"2016-09-02T13:00:08+00:00\",\"description\":\"Accessoires: Braquettes de toiture 2\u2033 x 10\u2033 x 45\u2033. Utilis\u00e9 pour faire la r\u00e9paration du toit afin qu\u2019il soit s\u00e9curis\u00e9. Utilisation \u00e0 la fois des soudures et des rivets pour une plus grande s\u00e9curit\u00e9 et durabilit\u00e9\",\"breadcrumb\":{\"@id\":\"https:\/\/lexgoshop.com\/fr\/product\/braquettes-de-toiture-2%e2%80%b3-x-10%e2%80%b3-x-45%e2%80%b3\/#breadcrumb\"},\"inLanguage\":\"fr-ca\",\"potentialAction\":[{\"@type\":\"ReadAction\",\"target\":[\"https:\/\/lexgoshop.com\/fr\/product\/braquettes-de-toiture-2%e2%80%b3-x-10%e2%80%b3-x-45%e2%80%b3\/\"]}]},{\"@type\":\"ImageObject\",\"inLanguage\":\"fr-ca\",\"@id\":\"https:\/\/lexgoshop.com\/fr\/product\/braquettes-de-toiture-2%e2%80%b3-x-10%e2%80%b3-x-45%e2%80%b3\/#primaryimage\",\"url\":\"https:\/\/lexgoshop.com\/wp-content\/uploads\/2016\/09\/PRI73325.jpg\",\"contentUrl\":\"https:\/\/lexgoshop.com\/wp-content\/uploads\/2016\/09\/PRI73325.jpg\",\"width\":305,\"height\":281,\"caption\":\"Braquettes de toiture 2\u2033 x 10\u2033 x 45\u2033\"},{\"@type\":\"BreadcrumbList\",\"@id\":\"https:\/\/lexgoshop.com\/fr\/product\/braquettes-de-toiture-2%e2%80%b3-x-10%e2%80%b3-x-45%e2%80%b3\/#breadcrumb\",\"itemListElement\":[{\"@type\":\"ListItem\",\"position\":1,\"name\":\"Home\",\"item\":\"https:\/\/lexgoshop.com\/fr\/accueil-2\/\"},{\"@type\":\"ListItem\",\"position\":2,\"name\":\"Boutique\",\"item\":\"https:\/\/lexgoshop.com\/fr\/roofing-materials-and-tools\/\"},{\"@type\":\"ListItem\",\"position\":3,\"name\":\"Braquettes de toiture 2\u2033 x 10\u2033 x 45\u2033\"}]},{\"@type\":\"WebSite\",\"@id\":\"https:\/\/lexgoshop.com\/#website\",\"url\":\"https:\/\/lexgoshop.com\/\",\"name\":\"LexGoShop\",\"description\":\"Roofing Materials supplier\",\"publisher\":{\"@id\":\"https:\/\/lexgoshop.com\/#organization\"},\"potentialAction\":[{\"@type\":\"SearchAction\",\"target\":{\"@type\":\"EntryPoint\",\"urlTemplate\":\"https:\/\/lexgoshop.com\/?s={search_term_string}\"},\"query-input\":{\"@type\":\"PropertyValueSpecification\",\"valueRequired\":true,\"valueName\":\"search_term_string\"}}],\"inLanguage\":\"fr-ca\"},{\"@type\":\"Organization\",\"@id\":\"https:\/\/lexgoshop.com\/#organization\",\"name\":\"Lexgoshop\",\"url\":\"https:\/\/lexgoshop.com\/\",\"logo\":{\"@type\":\"ImageObject\",\"inLanguage\":\"fr-ca\",\"@id\":\"https:\/\/lexgoshop.com\/#\/schema\/logo\/image\/\",\"url\":\"https:\/\/lexgoshop.com\/wp-content\/uploads\/2016\/09\/login-logo.png\",\"contentUrl\":\"https:\/\/lexgoshop.com\/wp-content\/uploads\/2016\/09\/login-logo.png\",\"width\":315,\"height\":100,\"caption\":\"Lexgoshop\"},\"image\":{\"@id\":\"https:\/\/lexgoshop.com\/#\/schema\/logo\/image\/\"}}]}<\/script>\n<!-- \/ Yoast SEO plugin. -->","yoast_head_json":{"title":"Braquettes de toiture 2\u2033 x 10\u2033 x 45\u2033 | LexGoShop","description":"Accessoires: Braquettes de toiture 2\u2033 x 10\u2033 x 45\u2033. Utilis\u00e9 pour faire la r\u00e9paration du toit afin qu\u2019il soit s\u00e9curis\u00e9. Utilisation \u00e0 la fois des soudures et des rivets pour une plus grande s\u00e9curit\u00e9 et durabilit\u00e9","robots":{"index":"index","follow":"follow","max-snippet":"max-snippet:-1","max-image-preview":"max-image-preview:large","max-video-preview":"max-video-preview:-1"},"canonical":"https:\/\/lexgoshop.com\/fr\/product\/braquettes-de-toiture-2\u2033-x-10\u2033-x-45\u2033\/","og_locale":"fr_FR","og_type":"article","og_title":"Braquettes de toiture 2\u2033 x 10\u2033 x 45\u2033 | LexGoShop","og_description":"Accessoires: Braquettes de toiture 2\u2033 x 10\u2033 x 45\u2033. Utilis\u00e9 pour faire la r\u00e9paration du toit afin qu\u2019il soit s\u00e9curis\u00e9. Utilisation \u00e0 la fois des soudures et des rivets pour une plus grande s\u00e9curit\u00e9 et durabilit\u00e9","og_url":"https:\/\/lexgoshop.com\/fr\/product\/braquettes-de-toiture-2\u2033-x-10\u2033-x-45\u2033\/","og_site_name":"LexGoShop","og_image":[{"width":305,"height":281,"url":"https:\/\/lexgoshop.com\/wp-content\/uploads\/2016\/09\/PRI73325.jpg","type":"image\/jpeg"}],"twitter_card":"summary_large_image","schema":{"@context":"https:\/\/schema.org","@graph":[{"@type":"WebPage","@id":"https:\/\/lexgoshop.com\/fr\/product\/braquettes-de-toiture-2%e2%80%b3-x-10%e2%80%b3-x-45%e2%80%b3\/","url":"https:\/\/lexgoshop.com\/fr\/product\/braquettes-de-toiture-2%e2%80%b3-x-10%e2%80%b3-x-45%e2%80%b3\/","name":"Braquettes de toiture 2\u2033 x 10\u2033 x 45\u2033 | LexGoShop","isPartOf":{"@id":"https:\/\/lexgoshop.com\/#website"},"primaryImageOfPage":{"@id":"https:\/\/lexgoshop.com\/fr\/product\/braquettes-de-toiture-2%e2%80%b3-x-10%e2%80%b3-x-45%e2%80%b3\/#primaryimage"},"image":{"@id":"https:\/\/lexgoshop.com\/fr\/product\/braquettes-de-toiture-2%e2%80%b3-x-10%e2%80%b3-x-45%e2%80%b3\/#primaryimage"},"thumbnailUrl":"https:\/\/lexgoshop.com\/wp-content\/uploads\/2016\/09\/PRI73325.jpg","datePublished":"2016-09-02T13:00:08+00:00","dateModified":"2016-09-02T13:00:08+00:00","description":"Accessoires: Braquettes de toiture 2\u2033 x 10\u2033 x 45\u2033. Utilis\u00e9 pour faire la r\u00e9paration du toit afin qu\u2019il soit s\u00e9curis\u00e9. Utilisation \u00e0 la fois des soudures et des rivets pour une plus grande s\u00e9curit\u00e9 et durabilit\u00e9","breadcrumb":{"@id":"https:\/\/lexgoshop.com\/fr\/product\/braquettes-de-toiture-2%e2%80%b3-x-10%e2%80%b3-x-45%e2%80%b3\/#breadcrumb"},"inLanguage":"fr-ca","potentialAction":[{"@type":"ReadAction","target":["https:\/\/lexgoshop.com\/fr\/product\/braquettes-de-toiture-2%e2%80%b3-x-10%e2%80%b3-x-45%e2%80%b3\/"]}]},{"@type":"ImageObject","inLanguage":"fr-ca","@id":"https:\/\/lexgoshop.com\/fr\/product\/braquettes-de-toiture-2%e2%80%b3-x-10%e2%80%b3-x-45%e2%80%b3\/#primaryimage","url":"https:\/\/lexgoshop.com\/wp-content\/uploads\/2016\/09\/PRI73325.jpg","contentUrl":"https:\/\/lexgoshop.com\/wp-content\/uploads\/2016\/09\/PRI73325.jpg","width":305,"height":281,"caption":"Braquettes de toiture 2\u2033 x 10\u2033 x 45\u2033"},{"@type":"BreadcrumbList","@id":"https:\/\/lexgoshop.com\/fr\/product\/braquettes-de-toiture-2%e2%80%b3-x-10%e2%80%b3-x-45%e2%80%b3\/#breadcrumb","itemListElement":[{"@type":"ListItem","position":1,"name":"Home","item":"https:\/\/lexgoshop.com\/fr\/accueil-2\/"},{"@type":"ListItem","position":2,"name":"Boutique","item":"https:\/\/lexgoshop.com\/fr\/roofing-materials-and-tools\/"},{"@type":"ListItem","position":3,"name":"Braquettes de toiture 2\u2033 x 10\u2033 x 45\u2033"}]},{"@type":"WebSite","@id":"https:\/\/lexgoshop.com\/#website","url":"https:\/\/lexgoshop.com\/","name":"LexGoShop","description":"Roofing Materials supplier","publisher":{"@id":"https:\/\/lexgoshop.com\/#organization"},"potentialAction":[{"@type":"SearchAction","target":{"@type":"EntryPoint","urlTemplate":"https:\/\/lexgoshop.com\/?s={search_term_string}"},"query-input":{"@type":"PropertyValueSpecification","valueRequired":true,"valueName":"search_term_string"}}],"inLanguage":"fr-ca"},{"@type":"Organization","@id":"https:\/\/lexgoshop.com\/#organization","name":"Lexgoshop","url":"https:\/\/lexgoshop.com\/","logo":{"@type":"ImageObject","inLanguage":"fr-ca","@id":"https:\/\/lexgoshop.com\/#\/schema\/logo\/image\/","url":"https:\/\/lexgoshop.com\/wp-content\/uploads\/2016\/09\/login-logo.png","contentUrl":"https:\/\/lexgoshop.com\/wp-content\/uploads\/2016\/09\/login-logo.png","width":315,"height":100,"caption":"Lexgoshop"},"image":{"@id":"https:\/\/lexgoshop.com\/#\/schema\/logo\/image\/"}}]}},"_links":{"self":[{"href":"https:\/\/lexgoshop.com\/fr\/wp-json\/wp\/v2\/product\/2937"}],"collection":[{"href":"https:\/\/lexgoshop.com\/fr\/wp-json\/wp\/v2\/product"}],"about":[{"href":"https:\/\/lexgoshop.com\/fr\/wp-json\/wp\/v2\/types\/product"}],"replies":[{"embeddable":true,"href":"https:\/\/lexgoshop.com\/fr\/wp-json\/wp\/v2\/comments?post=2937"}],"wp:featuredmedia":[{"embeddable":true,"href":"https:\/\/lexgoshop.com\/fr\/wp-json\/wp\/v2\/media\/562"}],"wp:attachment":[{"href":"https:\/\/lexgoshop.com\/fr\/wp-json\/wp\/v2\/media?parent=2937"}],"wp:term":[{"taxonomy":"product_cat","embeddable":true,"href":"https:\/\/lexgoshop.com\/fr\/wp-json\/wp\/v2\/product_cat?post=2937"},{"taxonomy":"product_tag","embeddable":true,"href":"https:\/\/lexgoshop.com\/fr\/wp-json\/wp\/v2\/product_tag?post=2937"}],"curies":[{"name":"wp","href":"https:\/\/api.w.org\/{rel}","templated":true}]}}