{"id":5041,"date":"2023-09-26T08:28:55","date_gmt":"2023-09-26T12:28:55","guid":{"rendered":"https:\/\/lexgoshop.com\/privacy-policy\/"},"modified":"2023-10-20T15:20:21","modified_gmt":"2023-10-20T19:20:21","slug":"politique-de-confidentialite","status":"publish","type":"page","link":"https:\/\/lexgoshop.com\/fr\/politique-de-confidentialite\/","title":{"rendered":"Politique de confidentialit\u00e9"},"content":{"rendered":"<div class=\"fusion-fullwidth fullwidth-box nonhundred-percent-fullwidth non-hundred-percent-height-scrolling\"  style='background-color: rgba(255,255,255,0);background-position: center center;background-repeat: no-repeat;padding-top:0px;padding-right:0px;padding-bottom:0px;padding-left:0px;'><div class=\"fusion-builder-row fusion-row \"><div  class=\"fusion-layout-column fusion_builder_column fusion_builder_column_1_1  fusion-one-full fusion-column-first fusion-column-last 1_1\"  style='margin-top:0px;margin-bottom:20px;'>\n\t\t\t\t\t<div class=\"fusion-column-wrapper\" style=\"padding: 0px 0px 0px 0px;background-position:left top;background-repeat:no-repeat;-webkit-background-size:cover;-moz-background-size:cover;-o-background-size:cover;background-size:cover;\"  data-bg-url=\"\">\n\t\t\t\t\t\t<div class=\"fusion-text\"><h2>But de cette politique de confidentialit\u00e9<\/h2>\n<p>LexGoShop (ci-apr\u00e8s \u201cnous\u201d ou \u201cnotre\u201d) utilise https:\/\/lexgoshop.com\/ (ci-apr\u00e8s \u201csite\u201d). Cette page a pour but de vous informer sur nos politiques concernant la collecte, l&#8217;utilisation et la divulgation des renseignements personnels fournis par les utilisateurs du site. Cette politique de confidentialit\u00e9 s&#8217;applique \u00e0 la totalit\u00e9 du site ainsi qu&#8217;\u00e0 tous les produits et services que nous proposons. L\u2019objectif de cette politique de confidentialit\u00e9 est d\u2019informer les utilisateurs de notre site des informations personnelles que nous pouvons recueillir, ainsi que sur la fa\u00e7on dont ces derni\u00e8res sont utilis\u00e9es et g\u00e9r\u00e9es.<\/p>\n<h2>Lois applicables<\/h2>\n<p>Cette politique est conforme aux lois \u00e9nonc\u00e9es dans la Loi modernisant des dispositions l\u00e9gislatives en mati\u00e8re de protection des renseignements personnels (ci-apr\u00e8s Loi 25). Pour les r\u00e9sidents canadiens, la Loi 25 r\u00e9git les politiques de protection des donn\u00e9es, peu importe o\u00f9 se trouve le site. La pr\u00e9sente politique a pour but de se conformer \u00e0 la Loi 25.<\/p>\n<h2>Consentement<\/h2>\n<p>En utilisant le site, vous consentez aux conditions \u00e9nonc\u00e9es dans la pr\u00e9sente politique de confidentialit\u00e9. Vous consentez aussi \u00e0 la collecte, l&#8217;utilisation et la conservation des informations conform\u00e9ment \u00e0 cette politique. Si vous n&#8217;acceptez pas cette politique, veuillez s\u2019il vous pla\u00eet ne pas utiliser notre site. En maintenant votre utilisation du site \u00e0 la suite de l&#8217;affichage des changements \u00e0 cette politique, vous serez consid\u00e9r\u00e9 comme ayant accept\u00e9 ces modifications. Les informations que nous collectons aupr\u00e8s de vous peuvent \u00eatre utilis\u00e9es afin de personnaliser votre exp\u00e9rience, am\u00e9liorer le service client, traiter les transactions et fournir et am\u00e9liorer le site. Nous ne recueillerons pas de donn\u00e9es suppl\u00e9mentaires sans pr\u00e9alablement vous en informer.<\/p>\n<h2>Collecte et utilisation d\u2019informations<\/h2>\n<p>En utilisant notre site, vous pourriez \u00eatre invit\u00e9 \u00e0 nous fournir certaines informations personnelles identifiables, telles que votre nom, votre adresse courriel, votre adresse postale et votre num\u00e9ro de t\u00e9l\u00e9phone (d\u00e9sign\u00e9es collectivement ci-apr\u00e8s par &#8220;informations personnelles&#8221;). Ces informations personnelles pourraient \u00eatre utilis\u00e9es pour vous contacter ou vous identifier. Sachez toutefois que vous avez la possibilit\u00e9 de visiter notre site de mani\u00e8re anonyme.<\/p>\n<h3>Journal de donn\u00e9es<\/h3>\n<p>Comme la plupart des op\u00e9rateurs de sites web, nous sommes susceptibles de recueillir des informations, aussi connues sous le nom de \u201clog data\u201d ou \u201cdonn\u00e9es de journal\u201d, que votre navigateur envoie \u00e0 chaque visite sur notre site. Ces donn\u00e9es de journal peuvent contenir des informations telles que votre adresse IP, le type de navigateur, la version du navigateur, les pages visit\u00e9es sur notre site, ainsi que l&#8217;heure et la date de votre visite, la dur\u00e9e pass\u00e9e sur ces pages et d&#8217;autres statistiques.<\/p>\n<h3>Communication<\/h3>\n<p>Vos informations personnelles peuvent \u00eatre utilis\u00e9es afin de vous partager des bulletins, des documents marketing ou promotionnels, ainsi que d&#8217;autres informations susceptibles de vous int\u00e9resser. Vous avez la possibilit\u00e9 de refuser de recevoir l\u2019ensemble de ces communications de notre part en suivant les instructions de d\u00e9sabonnement incluses dans chaque courriel que nous envoyons.<\/p>\n<h2>Divulgation d\u2019information \u00e0 des tiers<\/h2>\n<p>Nous nous engageons \u00e0 ne pas vendre, \u00e9changer ou transf\u00e9rer vos informations personnelles \u00e0 des tiers sans votre consentement, sauf dans le but explicite de vous livrer le produit ou le service que vous avez demand\u00e9. Cependant sont exclus les tiers de confiance qui nous aident \u00e0 exploiter notre site web, \u00e0 mener nos activit\u00e9s commerciales ou \u00e0 vous servir, \u00e0 condition qu&#8217;ils s&#8217;engagent \u00e0 garder ces informations confidentielles.<\/p>\n<h3>Transactions d\u2019affaires<\/h3>\n<p>En cas de fusion, acquisition ou vente d&#8217;actifs impliquant LexGoShop, vos informations personnelles peuvent \u00eatre transf\u00e9r\u00e9es. Nous vous informerons \u00e0 l&#8217;avance de tout transfert de vos informations personnelles et celles-ci seront soumises \u00e0 une politique de confidentialit\u00e9 diff\u00e9rente le cas \u00e9ch\u00e9ant.<\/p>\n<h3>Divulgation lorsque la loi l\u2019exige<\/h3>\n<p>LexGoShop peut \u00eatre amen\u00e9 \u00e0 divulguer vos renseignements personnels lorsque la loi l&#8217;exige ou en cas de citation \u00e0 compara\u00eetre. Nous pourrions \u00e9galement proc\u00e9der \u00e0 une telle divulgation si nous consid\u00e9rons qu&#8217;une telle action est n\u00e9cessaire pour nous conformer \u00e0 la loi et r\u00e9pondre aux demandes l\u00e9gitimes des autorit\u00e9s charg\u00e9es de l&#8217;application de la loi, ou encore pour pr\u00e9server la s\u00e9curit\u00e9 et l&#8217;int\u00e9grit\u00e9 de notre site.<\/p>\n<h2>Temps de stockage des donn\u00e9es personnelles<\/h2>\n<p>Les informations personnelles ne sont pas stock\u00e9es ou conserv\u00e9es au-del\u00e0 de ce qui est n\u00e9cessaire pour atteindre les objectifs pour lesquelles elles ont \u00e9t\u00e9 collect\u00e9es.<\/p>\n<h2>Mesure de s\u00e9curit\u00e9<\/h2>\n<p>Nous avons mis en place diverses mesures de s\u00e9curit\u00e9 pour pr\u00e9server la s\u00e9curit\u00e9 de vos informations personnelles lorsque vous effectuez une commande ou lorsque vous saisissez, vous soumettez, ou vous acc\u00e9dez \u00e0 ces informations. Nous utilisons un serveur s\u00e9curis\u00e9 afin de garantir la confidentialit\u00e9 de vos informations. Les informations de cr\u00e9dit que vous fournissez sont transmises via une technologie SSL (Secure Socket Layer) et sont ensuite crypt\u00e9es dans la base de donn\u00e9es des fournisseurs de passerelles de paiement. Seules les personnes autoris\u00e9es disposant de droits d&#8217;acc\u00e8s sp\u00e9ciaux \u00e0 ces syst\u00e8mes sont en mesure d&#8217;y acc\u00e9der et sont tenues de maintenir la confidentialit\u00e9 des informations. Nous ne conservons pas vos informations personnelles, telles que les cartes de cr\u00e9dit, les informations financi\u00e8res, etc., sur nos serveurs une fois la transaction termin\u00e9e. Nous accordons une grande importance \u00e0 la s\u00e9curit\u00e9 de vos renseignements personnels. Cela dit, il est important de noter qu&#8217;aucune m\u00e9thode de transmission sur Internet ni de stockage \u00e9lectronique n\u2019est jamais enti\u00e8rement s\u00e9curis\u00e9e \u00e0 100 % . Nous mettons en place des mesures de s\u00e9curit\u00e9 appropri\u00e9es et accept\u00e9es sur le plan commercial pour prot\u00e9ger vos renseignements personnels. Cependant, nous ne pouvons pas garantir une s\u00e9curit\u00e9 absolue.<\/p>\n<h3>Liens vers d&#8217;autres sites<\/h3>\n<p>Il est possible que notre site contienne des liens vers d&#8217;autres sites qui ne sont pas sous notre contr\u00f4le. Si vous d\u00e9cidez de cliquer sur un de ces liens, vous serez redirig\u00e9 vers le site d&#8217;un tiers. Nous vous recommandons fortement de lire la politique de confidentialit\u00e9 de chaque site que vous visitez. LexGoShop ne peut garantir ni contr\u00f4ler le contenu, les politiques de confidentialit\u00e9 ou les pratiques des sites ou services tiers et n\u2019est donc pas responsable de ces aspects pour les sites ou services tiers.<\/p>\n<h2>Protection des mineurs<\/h2>\n<p>Tout individu \u00e2g\u00e9 de moins de moins de 14 ans est consid\u00e9r\u00e9 comme \u00e9tant mineur au Canada au sens de la Loi modernisant des dispositions l\u00e9gislatives en mati\u00e8re de protection des renseignements personnels. Notre site ne vise pas les mineurs. Nous ne collectons pas intentionnellement d&#8217;informations personnelles aupr\u00e8s d&#8217;enfants de moins de 14 ans. Veuillez nous contacter si vous \u00eates parent ou tuteur et que vous d\u00e9couvrez que vos enfants nous ont fourni des informations personnelles. \u00c0 la suite de leur d\u00e9couverte, les informations personnelles fournies par une personne \u00e2g\u00e9e de moins de 14 ans seront imm\u00e9diatement supprim\u00e9es de nos serveurs.<\/p>\n<h2>Vos droits en tant qu\u2019utilisateur<\/h2>\n<p>Vous avez le droit d\u2019acc\u00e9der aux informations personnelles que nous avons collect\u00e9es sur vous en tout temps. Vous avez le droit de mettre \u00e0 jour ou de corriger toute information personnelle que nous poss\u00e9dons et qui vous concerne, dans la mesure o\u00f9 cela est autoris\u00e9 par la loi. Vous pouvez r\u00e9voquer ou modifier votre consentement \u00e0 la collecte de vos donn\u00e9es \u00e0 tout moment, dans la mesure o\u00f9 cela est consid\u00e9r\u00e9 comme acceptable et \u00e0 condition de nous en aviser dans un d\u00e9lai raisonnable.<\/p>\n<h2>Modifier, supprimer ou contester les donn\u00e9es recueillies<\/h2>\n<p>Si vous d\u00e9sirez que vos informations personnelles soient supprim\u00e9es ou modifi\u00e9es d\u2019une quelconque fa\u00e7on, veuillez communiquer avec notre agent responsable de la protection des renseignements personnels.<\/p>\n<h2>Politique de confidentialit\u00e9 en ligne seulement<\/h2>\n<p>Cette politique de confidentialit\u00e9 en ligne concerne uniquement les informations collect\u00e9es sur notre site, et ne s&#8217;\u00e9tend pas aux informations collect\u00e9es en dehors de notre plateforme en ligne.<\/p>\n<h2>Modifications de cette politique de confidentialit\u00e9<\/h2>\n<p>LexGoShop se r\u00e9serve le droit de mettre \u00e0 jour cette politique de confidentialit\u00e9 au besoin. Toute modification sera annonc\u00e9e en publiant la nouvelle politique de confidentialit\u00e9 sur notre site. Nous vous conseillons de v\u00e9rifier p\u00e9riodiquement cette politique de confidentialit\u00e9 afin de prendre connaissance d&#8217;\u00e9ventuels changements.<\/p>\n<h2>Politique sur les t\u00e9moins (cookies)<\/h2>\n<p>Les t\u00e9moins, aussi connus sous le nom de cookies, sont de petits fichiers contenant des quantit\u00e9s limit\u00e9es de donn\u00e9es. Ils peuvent inclure un identifiant unique et anonyme. Les sites Web envoient des t\u00e9moins \u00e0 votre navigateur, qui les conserve sur le disque dur de votre ordinateur. Comme de nombreux sites, nous pouvons recourir \u00e0 l&#8217;utilisation de t\u00e9moins pour recueillir des informations. Il vous est possible de configurer votre navigateur afin de refuser tous les t\u00e9moins ou d&#8217;\u00eatre averti lorsque ceux-ci sont envoy\u00e9s. Cependant, veuillez noter que si vous choisissez de ne pas accepter les t\u00e9moins, certaines parties de notre site pourraient ne pas \u00eatre accessibles. Pour en savoir plus sur la gestion des t\u00e9moins, veuillez consulter notre Politique de t\u00e9moins.<\/p>\n<h3>Ne pas suivre<\/h3>\n<p>La fonctionnalit\u00e9 &#8220;Ne pas suivre&#8221; (ou DNT) est une pr\u00e9f\u00e9rence que vous pouvez activer sur votre navigateur. En activant \u201cNe pas suivre\u201d, vous indiquez aux sites que vous visitez que vous ne souhaitez pas que certaines informations vous concernant soient collect\u00e9es. LexGoShop utilise Remarketing avec Google Analytics pour diffuser des publicit\u00e9s sur des sites tiers apr\u00e8s votre visite sur notre site. Nous et nos fournisseurs tiers, tel que Google, utilisons des t\u00e9moins internes (comme les t\u00e9moins Google Analytics) et des t\u00e9moins tiers (comme les t\u00e9moins DoubleClick). Nous utilisons des t\u00e9moins dans le but d\u2019informer, d&#8217;optimiser et de diffuser des annonces selon vos visites pr\u00e9c\u00e9dentes sur notre site. Vous pouvez choisir de ne pas utiliser Google Analytics pour l\u2019affichage publicitaire et personnaliser les annonces sur le r\u00e9seau Display de Google en vous rendant sur la page Param\u00e8tres Google Ads. Pour les visiteurs d\u00e9sirant pr\u00e9venir la collecte et l\u2019utilisation de leurs donn\u00e9es par Google Analytics, Google sugg\u00e8re \u00e9galement d&#8217;installer l&#8217;extension compl\u00e9mentaire Google Analytics Opt-out Browser Add-on sur leur navigateur.<\/p>\n<h2>Termes et conditions<\/h2>\n<p>Nous vous encourageons \u00e9galement \u00e0 consulter notre section Termes et Conditions, o\u00f9 vous trouverez des informations sur l&#8217;utilisation du site, les avertissements et les limitations de responsabilit\u00e9 qui s&#8217;appliquent.<\/p>\n<h2>Contactez-nous<\/h2>\n<p>N\u2019h\u00e9sitez pas \u00e0 nous contacter si vous avez des questions concernant cette politique de confidentialit\u00e9.<\/p>\n<p>LexGoShop a nomm\u00e9 Marie-\u00c8ve Demers comme agent responsable de la protection des renseignements personnels.<\/p>\n<p>Si vous avez des questions ou pr\u00e9occupations majeures vous pouvez lui en faire part en utilisant les coordonn\u00e9es qui suivent :<\/p>\n<p><b>Marie-\u00c8ve Demers<br \/>\n<\/b><\/p>\n<p>450 477.8349<\/p>\n<p>medemers@fransyl.com<\/p>\n<p>1845 Jean-Monnet, Terrebonne, Qu\u00e9bec J6X 4L7,<\/p>\n<\/div><div class=\"fusion-clearfix\"><\/div>\n\n\t\t\t\t\t<\/div>\n\t\t\t\t<\/div><\/div><\/div>\n","protected":false},"excerpt":{"rendered":"","protected":false},"author":154,"featured_media":0,"parent":0,"menu_order":0,"comment_status":"closed","ping_status":"closed","template":"","meta":{"_acf_changed":false,"footnotes":""},"class_list":["post-5041","page","type-page","status-publish","hentry"],"acf":[],"yoast_head":"<!-- This site is optimized with the Yoast SEO plugin v23.8 - https:\/\/yoast.com\/wordpress\/plugins\/seo\/ -->\n<title>Politique de confidentialit\u00e9 | LexGoShop<\/title>\n<meta name=\"robots\" content=\"index, follow, max-snippet:-1, max-image-preview:large, max-video-preview:-1\" \/>\n<link rel=\"canonical\" href=\"https:\/\/lexgoshop.com\/fr\/politique-de-confidentialite\/\" \/>\n<meta property=\"og:locale\" content=\"fr_FR\" \/>\n<meta property=\"og:type\" content=\"article\" \/>\n<meta property=\"og:title\" content=\"Politique de confidentialit\u00e9 | LexGoShop\" \/>\n<meta property=\"og:url\" content=\"https:\/\/lexgoshop.com\/fr\/politique-de-confidentialite\/\" \/>\n<meta property=\"og:site_name\" content=\"LexGoShop\" \/>\n<meta property=\"article:modified_time\" content=\"2023-10-20T19:20:21+00:00\" \/>\n<meta name=\"twitter:card\" content=\"summary_large_image\" \/>\n<script type=\"application\/ld+json\" class=\"yoast-schema-graph\">{\"@context\":\"https:\/\/schema.org\",\"@graph\":[{\"@type\":\"WebPage\",\"@id\":\"https:\/\/lexgoshop.com\/fr\/politique-de-confidentialite\/\",\"url\":\"https:\/\/lexgoshop.com\/fr\/politique-de-confidentialite\/\",\"name\":\"Politique de confidentialit\u00e9 | LexGoShop\",\"isPartOf\":{\"@id\":\"https:\/\/lexgoshop.com\/#website\"},\"datePublished\":\"2023-09-26T12:28:55+00:00\",\"dateModified\":\"2023-10-20T19:20:21+00:00\",\"breadcrumb\":{\"@id\":\"https:\/\/lexgoshop.com\/fr\/politique-de-confidentialite\/#breadcrumb\"},\"inLanguage\":\"fr-ca\",\"potentialAction\":[{\"@type\":\"ReadAction\",\"target\":[\"https:\/\/lexgoshop.com\/fr\/politique-de-confidentialite\/\"]}]},{\"@type\":\"BreadcrumbList\",\"@id\":\"https:\/\/lexgoshop.com\/fr\/politique-de-confidentialite\/#breadcrumb\",\"itemListElement\":[{\"@type\":\"ListItem\",\"position\":1,\"name\":\"Home\",\"item\":\"https:\/\/lexgoshop.com\/fr\/accueil-2\/\"},{\"@type\":\"ListItem\",\"position\":2,\"name\":\"Politique de confidentialit\u00e9\"}]},{\"@type\":\"WebSite\",\"@id\":\"https:\/\/lexgoshop.com\/#website\",\"url\":\"https:\/\/lexgoshop.com\/\",\"name\":\"LexGoShop\",\"description\":\"Roofing Materials supplier\",\"publisher\":{\"@id\":\"https:\/\/lexgoshop.com\/#organization\"},\"potentialAction\":[{\"@type\":\"SearchAction\",\"target\":{\"@type\":\"EntryPoint\",\"urlTemplate\":\"https:\/\/lexgoshop.com\/?s={search_term_string}\"},\"query-input\":{\"@type\":\"PropertyValueSpecification\",\"valueRequired\":true,\"valueName\":\"search_term_string\"}}],\"inLanguage\":\"fr-ca\"},{\"@type\":\"Organization\",\"@id\":\"https:\/\/lexgoshop.com\/#organization\",\"name\":\"Lexgoshop\",\"url\":\"https:\/\/lexgoshop.com\/\",\"logo\":{\"@type\":\"ImageObject\",\"inLanguage\":\"fr-ca\",\"@id\":\"https:\/\/lexgoshop.com\/#\/schema\/logo\/image\/\",\"url\":\"https:\/\/lexgoshop.com\/wp-content\/uploads\/2016\/09\/login-logo.png\",\"contentUrl\":\"https:\/\/lexgoshop.com\/wp-content\/uploads\/2016\/09\/login-logo.png\",\"width\":315,\"height\":100,\"caption\":\"Lexgoshop\"},\"image\":{\"@id\":\"https:\/\/lexgoshop.com\/#\/schema\/logo\/image\/\"}}]}<\/script>\n<!-- \/ Yoast SEO plugin. -->","yoast_head_json":{"title":"Politique de confidentialit\u00e9 | LexGoShop","robots":{"index":"index","follow":"follow","max-snippet":"max-snippet:-1","max-image-preview":"max-image-preview:large","max-video-preview":"max-video-preview:-1"},"canonical":"https:\/\/lexgoshop.com\/fr\/politique-de-confidentialite\/","og_locale":"fr_FR","og_type":"article","og_title":"Politique de confidentialit\u00e9 | LexGoShop","og_url":"https:\/\/lexgoshop.com\/fr\/politique-de-confidentialite\/","og_site_name":"LexGoShop","article_modified_time":"2023-10-20T19:20:21+00:00","twitter_card":"summary_large_image","schema":{"@context":"https:\/\/schema.org","@graph":[{"@type":"WebPage","@id":"https:\/\/lexgoshop.com\/fr\/politique-de-confidentialite\/","url":"https:\/\/lexgoshop.com\/fr\/politique-de-confidentialite\/","name":"Politique de confidentialit\u00e9 | LexGoShop","isPartOf":{"@id":"https:\/\/lexgoshop.com\/#website"},"datePublished":"2023-09-26T12:28:55+00:00","dateModified":"2023-10-20T19:20:21+00:00","breadcrumb":{"@id":"https:\/\/lexgoshop.com\/fr\/politique-de-confidentialite\/#breadcrumb"},"inLanguage":"fr-ca","potentialAction":[{"@type":"ReadAction","target":["https:\/\/lexgoshop.com\/fr\/politique-de-confidentialite\/"]}]},{"@type":"BreadcrumbList","@id":"https:\/\/lexgoshop.com\/fr\/politique-de-confidentialite\/#breadcrumb","itemListElement":[{"@type":"ListItem","position":1,"name":"Home","item":"https:\/\/lexgoshop.com\/fr\/accueil-2\/"},{"@type":"ListItem","position":2,"name":"Politique de confidentialit\u00e9"}]},{"@type":"WebSite","@id":"https:\/\/lexgoshop.com\/#website","url":"https:\/\/lexgoshop.com\/","name":"LexGoShop","description":"Roofing Materials supplier","publisher":{"@id":"https:\/\/lexgoshop.com\/#organization"},"potentialAction":[{"@type":"SearchAction","target":{"@type":"EntryPoint","urlTemplate":"https:\/\/lexgoshop.com\/?s={search_term_string}"},"query-input":{"@type":"PropertyValueSpecification","valueRequired":true,"valueName":"search_term_string"}}],"inLanguage":"fr-ca"},{"@type":"Organization","@id":"https:\/\/lexgoshop.com\/#organization","name":"Lexgoshop","url":"https:\/\/lexgoshop.com\/","logo":{"@type":"ImageObject","inLanguage":"fr-ca","@id":"https:\/\/lexgoshop.com\/#\/schema\/logo\/image\/","url":"https:\/\/lexgoshop.com\/wp-content\/uploads\/2016\/09\/login-logo.png","contentUrl":"https:\/\/lexgoshop.com\/wp-content\/uploads\/2016\/09\/login-logo.png","width":315,"height":100,"caption":"Lexgoshop"},"image":{"@id":"https:\/\/lexgoshop.com\/#\/schema\/logo\/image\/"}}]}},"_links":{"self":[{"href":"https:\/\/lexgoshop.com\/fr\/wp-json\/wp\/v2\/pages\/5041"}],"collection":[{"href":"https:\/\/lexgoshop.com\/fr\/wp-json\/wp\/v2\/pages"}],"about":[{"href":"https:\/\/lexgoshop.com\/fr\/wp-json\/wp\/v2\/types\/page"}],"author":[{"embeddable":true,"href":"https:\/\/lexgoshop.com\/fr\/wp-json\/wp\/v2\/users\/154"}],"replies":[{"embeddable":true,"href":"https:\/\/lexgoshop.com\/fr\/wp-json\/wp\/v2\/comments?post=5041"}],"version-history":[{"count":0,"href":"https:\/\/lexgoshop.com\/fr\/wp-json\/wp\/v2\/pages\/5041\/revisions"}],"wp:attachment":[{"href":"https:\/\/lexgoshop.com\/fr\/wp-json\/wp\/v2\/media?parent=5041"}],"curies":[{"name":"wp","href":"https:\/\/api.w.org\/{rel}","templated":true}]}}