{"id":2341,"date":"2018-06-20T01:35:49","date_gmt":"2018-06-20T05:35:49","guid":{"rendered":"https:\/\/lexgoshop.com\/promotions-2\/"},"modified":"2020-06-09T13:19:18","modified_gmt":"2020-06-09T17:19:18","slug":"promotions","status":"publish","type":"page","link":"https:\/\/lexgoshop.com\/fr\/promotions\/","title":{"rendered":"Promotions"},"content":{"rendered":"<h1>Nos promotions<\/h1>\n<div class=\"woocommerce columns-3 \"><ul class=\"products clearfix products-3\">\n<li class=\"product-grid-view product type-product post-4355 status-publish first instock has-post-thumbnail sale taxable shipping-taxable purchasable product-type-simple\">\n\t\n\t<span class=\"onsale\">Promo&nbsp;!<\/span>\n\t<div class=\"fusion-clean-product-image-wrapper \">\n\t\n\n<div  class=\"fusion-image-wrapper fusion-image-size-fixed\" aria-haspopup=\"true\">\n\t\n\t\n\t\t\n\t\t\t\t\t<img loading=\"lazy\" decoding=\"async\" width=\"500\" height=\"457\" src=\"https:\/\/lexgoshop.com\/wp-content\/uploads\/2022\/02\/LEXHEAT-500x457.jpg\" class=\"attachment-shop_catalog size-shop_catalog wp-post-image\" alt=\"\" srcset=\"https:\/\/lexgoshop.com\/wp-content\/uploads\/2022\/02\/LEXHEAT-200x183.jpg 200w, https:\/\/lexgoshop.com\/wp-content\/uploads\/2022\/02\/LEXHEAT-300x274.jpg 300w, https:\/\/lexgoshop.com\/wp-content\/uploads\/2022\/02\/LEXHEAT-400x365.jpg 400w, https:\/\/lexgoshop.com\/wp-content\/uploads\/2022\/02\/LEXHEAT-500x457.jpg 500w, https:\/\/lexgoshop.com\/wp-content\/uploads\/2022\/02\/LEXHEAT-600x548.jpg 600w, https:\/\/lexgoshop.com\/wp-content\/uploads\/2022\/02\/LEXHEAT-700x640.jpg 700w, https:\/\/lexgoshop.com\/wp-content\/uploads\/2022\/02\/LEXHEAT-768x702.jpg 768w, https:\/\/lexgoshop.com\/wp-content\/uploads\/2022\/02\/LEXHEAT-800x731.jpg 800w, https:\/\/lexgoshop.com\/wp-content\/uploads\/2022\/02\/LEXHEAT-1024x936.jpg 1024w, https:\/\/lexgoshop.com\/wp-content\/uploads\/2022\/02\/LEXHEAT-1200x1096.jpg 1200w\" sizes=\"(max-width: 500px) 100vw, 500px\" \/>\n\t\n\n\t\t<div class=\"fusion-rollover\">\n\t<div class=\"fusion-rollover-content\">\n\n\t\t\t\t\n\t\t\t\t\n\t\t\t\t\t\t\t\t\n\t\t\t\t\t\t\t\t\n\t\t\n\t\t\t\t\t\t\t\t\t\t\t\t\t\t\t\n\t\t\t\t\t\t\n\t\t\t\t\t\t\t\t\t\t<div class=\"fusion-product-buttons\">\n\t\t\t\t\t<a href=\"?add-to-cart=4355\"  data-quantity=\"1\" class=\"button product_type_simple add_to_cart_button ajax_add_to_cart\" data-product_id=\"4355\" data-product_sku=\"R30600\" aria-label=\"Add to cart: &ldquo;LEXHEAT LEXCOR - plaque chauffante autor\u00e9gulatrice pour drain de toiture&rdquo;\" rel=\"nofollow\">Ajouter au panier<\/a><span class=\"fusion-rollover-linebreak\">\n\t\/<\/span>\n<a href=\"https:\/\/lexgoshop.com\/fr\/product\/lexheat-lexcor-plaque-chauffante-autoregulatrice-pour-drain-de-toiture\/\" class=\"show_details_button\">\n\tD\u00e9tails<\/a>\n\t\t\t\t<\/div>\n\t\t\t\t\t\t\t<a class=\"fusion-link-wrapper\" href=\"https:\/\/lexgoshop.com\/fr\/product\/lexheat-lexcor-plaque-chauffante-autoregulatrice-pour-drain-de-toiture\/\" aria-label=\"LEXHEAT LEXCOR &#8211; plaque chauffante autor\u00e9gulatrice pour drain de toiture\"><\/a>\n\t<\/div>\n<\/div>\n\n\t\n<\/div>\n<\/div>\n<div class=\"fusion-product-content\">\n\t<div class=\"product-details\">\n\t\t<div class=\"product-details-container\">\n<h3 class=\"product-title\">\n\t<a href=\"https:\/\/lexgoshop.com\/fr\/product\/lexheat-lexcor-plaque-chauffante-autoregulatrice-pour-drain-de-toiture\/\">\n\t\tLEXHEAT LEXCOR &#8211; plaque chauffante autor\u00e9gulatrice pour drain de toiture\t<\/a>\n<\/h3>\n<div class=\"fusion-price-rating\">\n\n\t<span class=\"price\"><del aria-hidden=\"true\"><span class=\"woocommerce-Price-amount amount\"><bdi><span class=\"woocommerce-Price-currencySymbol\">&#36;<\/span>995.00<\/bdi><\/span><\/del> <span class=\"screen-reader-text\">Original price was: &#036;995.00.<\/span><ins aria-hidden=\"true\"><span class=\"woocommerce-Price-amount amount\"><bdi><span class=\"woocommerce-Price-currencySymbol\">&#36;<\/span>895.00<\/bdi><\/span><\/ins><span class=\"screen-reader-text\">Current price is: &#036;895.00.<\/span><\/span>\n\t\t<\/div>\n\t<\/div>\n<\/div>\n\n\t<\/div> \n\n\n<\/li>\n<\/ul>\n<\/div>\n","protected":false},"excerpt":{"rendered":"<p>Nos promotions<\/p>\n","protected":false},"author":2,"featured_media":0,"parent":0,"menu_order":0,"comment_status":"closed","ping_status":"closed","template":"","meta":{"_acf_changed":false,"footnotes":""},"class_list":["post-2341","page","type-page","status-publish","hentry"],"acf":[],"yoast_head":"<!-- This site is optimized with the Yoast SEO plugin v23.8 - https:\/\/yoast.com\/wordpress\/plugins\/seo\/ -->\n<title>Promotion | Mat\u00e9riaux de Toiture | LexGoShop<\/title>\n<meta name=\"description\" content=\"Une vaste gamme de mat\u00e9riaux de toiture disponibles pour achat \u00e0 port\u00e9e de la main! D\u00e9couvrez nos promotions.\" \/>\n<meta name=\"robots\" content=\"index, follow, max-snippet:-1, max-image-preview:large, max-video-preview:-1\" \/>\n<link rel=\"canonical\" href=\"https:\/\/lexgoshop.com\/fr\/promotions\/\" \/>\n<meta property=\"og:locale\" content=\"fr_FR\" \/>\n<meta property=\"og:type\" content=\"article\" \/>\n<meta property=\"og:title\" content=\"Promotion | Mat\u00e9riaux de Toiture | LexGoShop\" \/>\n<meta property=\"og:description\" content=\"Une vaste gamme de mat\u00e9riaux de toiture disponibles pour achat \u00e0 port\u00e9e de la main! D\u00e9couvrez nos promotions.\" \/>\n<meta property=\"og:url\" content=\"https:\/\/lexgoshop.com\/fr\/promotions\/\" \/>\n<meta property=\"og:site_name\" content=\"LexGoShop\" \/>\n<meta property=\"article:modified_time\" content=\"2020-06-09T17:19:18+00:00\" \/>\n<meta name=\"twitter:card\" content=\"summary_large_image\" \/>\n<script type=\"application\/ld+json\" class=\"yoast-schema-graph\">{\"@context\":\"https:\/\/schema.org\",\"@graph\":[{\"@type\":\"WebPage\",\"@id\":\"https:\/\/lexgoshop.com\/fr\/promotions\/\",\"url\":\"https:\/\/lexgoshop.com\/fr\/promotions\/\",\"name\":\"Promotion | Mat\u00e9riaux de Toiture | LexGoShop\",\"isPartOf\":{\"@id\":\"https:\/\/lexgoshop.com\/#website\"},\"datePublished\":\"2018-06-20T05:35:49+00:00\",\"dateModified\":\"2020-06-09T17:19:18+00:00\",\"description\":\"Une vaste gamme de mat\u00e9riaux de toiture disponibles pour achat \u00e0 port\u00e9e de la main! D\u00e9couvrez nos promotions.\",\"breadcrumb\":{\"@id\":\"https:\/\/lexgoshop.com\/fr\/promotions\/#breadcrumb\"},\"inLanguage\":\"fr-ca\",\"potentialAction\":[{\"@type\":\"ReadAction\",\"target\":[\"https:\/\/lexgoshop.com\/fr\/promotions\/\"]}]},{\"@type\":\"BreadcrumbList\",\"@id\":\"https:\/\/lexgoshop.com\/fr\/promotions\/#breadcrumb\",\"itemListElement\":[{\"@type\":\"ListItem\",\"position\":1,\"name\":\"Home\",\"item\":\"https:\/\/lexgoshop.com\/fr\/accueil-2\/\"},{\"@type\":\"ListItem\",\"position\":2,\"name\":\"Promotions\"}]},{\"@type\":\"WebSite\",\"@id\":\"https:\/\/lexgoshop.com\/#website\",\"url\":\"https:\/\/lexgoshop.com\/\",\"name\":\"LexGoShop\",\"description\":\"Roofing Materials supplier\",\"publisher\":{\"@id\":\"https:\/\/lexgoshop.com\/#organization\"},\"potentialAction\":[{\"@type\":\"SearchAction\",\"target\":{\"@type\":\"EntryPoint\",\"urlTemplate\":\"https:\/\/lexgoshop.com\/?s={search_term_string}\"},\"query-input\":{\"@type\":\"PropertyValueSpecification\",\"valueRequired\":true,\"valueName\":\"search_term_string\"}}],\"inLanguage\":\"fr-ca\"},{\"@type\":\"Organization\",\"@id\":\"https:\/\/lexgoshop.com\/#organization\",\"name\":\"Lexgoshop\",\"url\":\"https:\/\/lexgoshop.com\/\",\"logo\":{\"@type\":\"ImageObject\",\"inLanguage\":\"fr-ca\",\"@id\":\"https:\/\/lexgoshop.com\/#\/schema\/logo\/image\/\",\"url\":\"https:\/\/lexgoshop.com\/wp-content\/uploads\/2016\/09\/login-logo.png\",\"contentUrl\":\"https:\/\/lexgoshop.com\/wp-content\/uploads\/2016\/09\/login-logo.png\",\"width\":315,\"height\":100,\"caption\":\"Lexgoshop\"},\"image\":{\"@id\":\"https:\/\/lexgoshop.com\/#\/schema\/logo\/image\/\"}}]}<\/script>\n<!-- \/ Yoast SEO plugin. -->","yoast_head_json":{"title":"Promotion | Mat\u00e9riaux de Toiture | LexGoShop","description":"Une vaste gamme de mat\u00e9riaux de toiture disponibles pour achat \u00e0 port\u00e9e de la main! D\u00e9couvrez nos promotions.","robots":{"index":"index","follow":"follow","max-snippet":"max-snippet:-1","max-image-preview":"max-image-preview:large","max-video-preview":"max-video-preview:-1"},"canonical":"https:\/\/lexgoshop.com\/fr\/promotions\/","og_locale":"fr_FR","og_type":"article","og_title":"Promotion | Mat\u00e9riaux de Toiture | LexGoShop","og_description":"Une vaste gamme de mat\u00e9riaux de toiture disponibles pour achat \u00e0 port\u00e9e de la main! D\u00e9couvrez nos promotions.","og_url":"https:\/\/lexgoshop.com\/fr\/promotions\/","og_site_name":"LexGoShop","article_modified_time":"2020-06-09T17:19:18+00:00","twitter_card":"summary_large_image","schema":{"@context":"https:\/\/schema.org","@graph":[{"@type":"WebPage","@id":"https:\/\/lexgoshop.com\/fr\/promotions\/","url":"https:\/\/lexgoshop.com\/fr\/promotions\/","name":"Promotion | Mat\u00e9riaux de Toiture | LexGoShop","isPartOf":{"@id":"https:\/\/lexgoshop.com\/#website"},"datePublished":"2018-06-20T05:35:49+00:00","dateModified":"2020-06-09T17:19:18+00:00","description":"Une vaste gamme de mat\u00e9riaux de toiture disponibles pour achat \u00e0 port\u00e9e de la main! D\u00e9couvrez nos promotions.","breadcrumb":{"@id":"https:\/\/lexgoshop.com\/fr\/promotions\/#breadcrumb"},"inLanguage":"fr-ca","potentialAction":[{"@type":"ReadAction","target":["https:\/\/lexgoshop.com\/fr\/promotions\/"]}]},{"@type":"BreadcrumbList","@id":"https:\/\/lexgoshop.com\/fr\/promotions\/#breadcrumb","itemListElement":[{"@type":"ListItem","position":1,"name":"Home","item":"https:\/\/lexgoshop.com\/fr\/accueil-2\/"},{"@type":"ListItem","position":2,"name":"Promotions"}]},{"@type":"WebSite","@id":"https:\/\/lexgoshop.com\/#website","url":"https:\/\/lexgoshop.com\/","name":"LexGoShop","description":"Roofing Materials supplier","publisher":{"@id":"https:\/\/lexgoshop.com\/#organization"},"potentialAction":[{"@type":"SearchAction","target":{"@type":"EntryPoint","urlTemplate":"https:\/\/lexgoshop.com\/?s={search_term_string}"},"query-input":{"@type":"PropertyValueSpecification","valueRequired":true,"valueName":"search_term_string"}}],"inLanguage":"fr-ca"},{"@type":"Organization","@id":"https:\/\/lexgoshop.com\/#organization","name":"Lexgoshop","url":"https:\/\/lexgoshop.com\/","logo":{"@type":"ImageObject","inLanguage":"fr-ca","@id":"https:\/\/lexgoshop.com\/#\/schema\/logo\/image\/","url":"https:\/\/lexgoshop.com\/wp-content\/uploads\/2016\/09\/login-logo.png","contentUrl":"https:\/\/lexgoshop.com\/wp-content\/uploads\/2016\/09\/login-logo.png","width":315,"height":100,"caption":"Lexgoshop"},"image":{"@id":"https:\/\/lexgoshop.com\/#\/schema\/logo\/image\/"}}]}},"_links":{"self":[{"href":"https:\/\/lexgoshop.com\/fr\/wp-json\/wp\/v2\/pages\/2341"}],"collection":[{"href":"https:\/\/lexgoshop.com\/fr\/wp-json\/wp\/v2\/pages"}],"about":[{"href":"https:\/\/lexgoshop.com\/fr\/wp-json\/wp\/v2\/types\/page"}],"author":[{"embeddable":true,"href":"https:\/\/lexgoshop.com\/fr\/wp-json\/wp\/v2\/users\/2"}],"replies":[{"embeddable":true,"href":"https:\/\/lexgoshop.com\/fr\/wp-json\/wp\/v2\/comments?post=2341"}],"version-history":[{"count":0,"href":"https:\/\/lexgoshop.com\/fr\/wp-json\/wp\/v2\/pages\/2341\/revisions"}],"wp:attachment":[{"href":"https:\/\/lexgoshop.com\/fr\/wp-json\/wp\/v2\/media?parent=2341"}],"curies":[{"name":"wp","href":"https:\/\/api.w.org\/{rel}","templated":true}]}}