{"id":1349,"date":"2016-09-14T15:30:31","date_gmt":"2016-09-14T19:30:31","guid":{"rendered":"https:\/\/lexgoshop.com\/terms-and-conditions\/"},"modified":"2021-04-08T10:22:13","modified_gmt":"2021-04-08T14:22:13","slug":"conditions","status":"publish","type":"page","link":"https:\/\/lexgoshop.com\/fr\/conditions\/","title":{"rendered":"Termes et conditions"},"content":{"rendered":"<p><div class=\"fusion-fullwidth fullwidth-box nonhundred-percent-fullwidth non-hundred-percent-height-scrolling\"  style='background-color: rgba(255,255,255,0);background-position: left top;background-repeat: no-repeat;padding-top:20px;padding-right:0px;padding-bottom:20px;padding-left:0px;border-top-width:0px;border-bottom-width:0px;border-color:#eae9e9;border-top-style:solid;border-bottom-style:solid;'><div class=\"fusion-builder-row fusion-row \"><div  class=\"fusion-layout-column fusion_builder_column fusion_builder_column_1_1  fusion-one-full fusion-column-first fusion-column-last fusion-column-no-min-height 1_1\"  style='margin-top:0px;margin-bottom:0px;'>\n\t\t\t\t\t<div class=\"fusion-column-wrapper\" style=\"padding: 0px 0px 0px 0px;background-position:left top;background-repeat:no-repeat;-webkit-background-size:cover;-moz-background-size:cover;-o-background-size:cover;background-size:cover;\"  data-bg-url=\"\">\n\t\t\t\t\t\t<div class=\"fusion-title title fusion-sep-none fusion-title-center fusion-title-size-one\" style=\"margin-top:0px;margin-bottom:31px;\"><h1 class=\"title-heading-center\"><strong>Termes et\u00a0conditions<\/strong><\/h1><\/div><div class=\"fusion-clearfix\"><\/div>\n\n\t\t\t\t\t<\/div>\n\t\t\t\t<\/div><\/div><\/div><div class=\"fusion-fullwidth fullwidth-box nonhundred-percent-fullwidth non-hundred-percent-height-scrolling\"  style='background-color: rgba(255,255,255,0);background-position: left top;background-repeat: no-repeat;padding-top:20px;padding-right:0px;padding-bottom:20px;padding-left:0px;border-top-width:0px;border-bottom-width:0px;border-color:#eae9e9;border-top-style:solid;border-bottom-style:solid;'><div class=\"fusion-builder-row fusion-row \"><div  class=\"fusion-layout-column fusion_builder_column fusion_builder_column_1_6  fusion-one-sixth fusion-column-first 1_6\"  style='margin-top:0px;margin-bottom:20px;width:13.3333%; margin-right: 4%;'>\n\t\t\t\t\t<div class=\"fusion-column-wrapper\" style=\"padding: 0px 0px 0px 0px;background-position:left top;background-repeat:no-repeat;-webkit-background-size:cover;-moz-background-size:cover;-o-background-size:cover;background-size:cover;\"  data-bg-url=\"\">\n\t\t\t\t\t\t<div class=\"fusion-clearfix\"><\/div>\n\n\t\t\t\t\t<\/div>\n\t\t\t\t<\/div><div  class=\"fusion-layout-column fusion_builder_column fusion_builder_column_2_3  fusion-two-third 2_3\"  style='margin-top:0px;margin-bottom:20px;width:65.3333%; margin-right: 4%;'>\n\t\t\t\t\t<div class=\"fusion-column-wrapper\" style=\"padding: 0px 0px 0px 0px;background-position:left top;background-repeat:no-repeat;-webkit-background-size:cover;-moz-background-size:cover;-o-background-size:cover;background-size:cover;\"  data-bg-url=\"\">\n\t\t\t\t\t\t<div class=\"fusion-text\"><h3 style=\"text-align: center;\"><strong>VEUILLEZ LIRE ATTENTIVEMENT LES PR\u00c9SENTES CONDITIONS AVANT D\u2019UTILISER CE SITE WEB<\/strong><\/h3>\n<p style=\"text-align: justify;\">Par l\u2019utilisation de ce site Web, vous reconnaissez avoir lu, compris et accept\u00e9 les pr\u00e9sentes conditions. Si vous ne souhaitez pas \u00eatre li\u00e9 par ces conditions, vous ne devez pas utiliser ce site Web ni commander des produits y apparaissant.<\/p>\n<h3 style=\"text-align: center;\"><strong>EXPLOITATION DU SITE WEB<\/strong><\/h3>\n<p style=\"text-align: justify;\">PRODUITS POUR TOITURE FRANSYL LT\u00c9E exploite le site Web \u00e0 partir de ses bureaux situ\u00e9s au Canada. Ceux qui choisissent d\u2019utiliser ce site le font de leur plein gr\u00e9 et de leur propre initiative. Ils acceptent de se conformer \u00e0 la r\u00e9glementation locale en vigueur. Toutes r\u00e9clamations concernant ce site Web, les \u00e9l\u00e9ments qu\u2019il contient ou d\u00e9riv\u00e9s de son utilisation, sont assujetties \u00e0 la r\u00e9glementation applicable sur le territoire de la province du Qu\u00e9bec, au Canada.<\/p>\n<h3 style=\"text-align: justify;\"><strong>Restrictions de l\u2019utilisateur<\/strong><\/h3>\n<p style=\"text-align: justify;\">Sauf dispositions contraires dans une des sections du site Web, aucun \u00e9l\u00e9ment de celui-ci ne peut \u00eatre copi\u00e9, reproduit, diffus\u00e9, publi\u00e9, traduit, t\u00e9l\u00e9charg\u00e9, affich\u00e9 ou transmis, de quelque mani\u00e8re que ce soit, sans une autorisation \u00e9crite sp\u00e9ciale de PRODUITS POUR TOITURE FRANSYL LT\u00c9E ou le titulaire des droits d\u2019auteur. Il est toutefois permis d\u2019afficher ou de t\u00e9l\u00e9charger des parties du site Web \u00e0 des fins non commerciales, dans la mesure o\u00f9 l\u2019\u00e9l\u00e9ment n\u2019est pas modifi\u00e9, et ce, en conservant en tout temps les droits de propri\u00e9t\u00e9 intellectuelle s\u2019y rattachant.<\/p>\n<h3 style=\"text-align: justify;\"><strong>Marques commerciales<\/strong><\/h3>\n<p style=\"text-align: justify;\">Les marques commerciales et les logos utilis\u00e9s ou affich\u00e9s sur le site Web sont assujettis aux lois sur le droit d\u2019auteur et enregistr\u00e9s par PRODUITS POUR TOITURE FRANSYL LT\u00c9E ou un tiers. Rien dans ce site Web ne peut \u00eatre utilis\u00e9 de mani\u00e8re \u00e0 permettre une utilisation, directe ou indirecte, des marques commerciales sans le consentement du propri\u00e9taire de celles-ci. De plus, la soci\u00e9t\u00e9 PRODUITS POUR TOITURE FRANSYL LT\u00c9E ne s\u2019engage d\u2019aucune fa\u00e7on quant \u00e0 l\u2019utilisation d\u2019une marque, \u00e0 la validit\u00e9, \u00e0 l\u2019exactitude ou \u00e0 la fiabilit\u00e9 des \u00e9l\u00e9ments reproduits \u00e0 partir du site Web. Bien que PRODUITS POUR TOITURE FRANSYL LT\u00c9E mette tout en \u0153uvre pour \u00e9viter toutes erreurs sur le site Web, PRODUITS POUR TOITURE FRANSYL LT\u00c9E d\u00e9cline toute responsabilit\u00e9 pouvant d\u00e9couler d\u2019une erreur apparaissant sur le site Web.<\/p>\n<h3 style=\"text-align: justify;\"><strong><u>EXP\u00c9DITION<\/u><\/strong><\/h3>\n<p style=\"text-align: justify;\"><strong>Dans la mesure du possible, nous exp\u00e9dions les commandes re\u00e7ues avant 11\u00a0h dans les 48 heures.\u00a0Comme cela est indiqu\u00e9 \u00e0 la section<em> Disponibilit\u00e9 du produit<\/em>, le d\u00e9lai peut \u00eatre plus grand lorsque le produit n\u2019est pas en stock. Toutefois, PRODUITS POUR TOITURE FRANSYL LT\u00c9E d\u00e9cline toute responsabilit\u00e9 pendant le transit de la commande (retards d\u2019exp\u00e9dition, \u00e0 la fronti\u00e8re, etc.)<\/strong><\/p>\n<h3 style=\"text-align: center;\"><strong><u>POLITIQUE DE RETOUR DES PRODUITS<\/u><\/strong><\/h3>\n<h3 style=\"text-align: justify;\"><strong>RETOUR DE PRODUIT<\/strong><\/h3>\n<p style=\"text-align: justify;\">TOUS LES RETOURS doivent \u00eatre autoris\u00e9s par le service \u00e0 la client\u00e8le et ils sont sujets \u00e0 des frais de retour de 20%. Les demandes de retour doivent \u00eatre effectu\u00e9es dans les dix jours ouvrables suivant la livraison. Au-del\u00e0 de cette p\u00e9riode, PRODUITS POUR TOITURE FRANSYL LT\u00c9E n\u2019assumera aucune responsabilit\u00e9.<\/p>\n<p style=\"text-align: justify;\">1)\u00a0\u00a0\u00a0\u00a0\u00a0<strong>DEMANDE DE RETOUR\u00a0<\/strong>: Les demandes de retour doivent \u00eatre imm\u00e9diatement envoy\u00e9es au service \u00e0 la client\u00e8le de LEXGOSHOP.COM, et \u00e0 lui uniquement, par l\u2019utilisation du formulaire dans la section \u00ab\u00a0Contactez-nous\u00a0\u00bb du site Web en inscrivant \u00ab\u00a0Retour\u00a0\u00bb dans l\u2019espace du Sujet. Le service \u00e0 la client\u00e8le est le seul qui peut AUTORISER les retours de marchandises. Pour vous assurer d\u2019\u00eatre rembours\u00e9, chaque retour doit indiquer\u00a0: l\u2019adresse du client, le num\u00e9ro de commande, les produits retourn\u00e9s et la quantit\u00e9, les raisons du retour et le num\u00e9ro de produit retourn\u00e9.<\/p>\n<p style=\"text-align: justify;\">2)\u00a0\u00a0\u00a0\u00a0\u00a0\u00a0\u00a0\u00a0 Aucun retour de marchandises ne sera accept\u00e9 sans l\u2019obtention pr\u00e9alable d\u2019une autorisation de retour. PRODUITS POUR TOITURE FRANSYL LT\u00c9E se r\u00e9serve le droit de refuser les marchandises retourn\u00e9es sans son autorisation \u00e9crite pr\u00e9alable, le retour sera \u00e9galement refus\u00e9 sur les marchandises ne sont plus dans leur emballage initial ou s\u2019elles sont endommag\u00e9es.<\/p>\n<p style=\"text-align: justify;\">3)\u00a0\u00a0\u00a0\u00a0\u00a0\u00a0\u00a0\u00a0 L\u2019adresse pour retourner le produit vous sera envoy\u00e9e par courriel, avec le num\u00e9ro de produit retourn\u00e9.<\/p>\n<p style=\"text-align: justify;\"><strong>TOUTES les commandes sp\u00e9ciales (y compris les articles n\u2019\u00e9tant pas en stock) ne peuvent en aucun cas \u00eatre retourn\u00e9es.<\/strong><\/p>\n<p style=\"text-align: justify;\">4)\u00a0\u00a0\u00a0\u00a0\u00a0\u00a0\u00a0\u00a0 <strong>FRAIS DE TRANSPORT\u00a0<\/strong>: Dans le cas d\u2019un produit d\u00e9j\u00e0 d\u00e9fectueux, non conforme ou endommag\u00e9 lors de sa r\u00e9ception, aucun frais ne seront applicables.<\/p>\n<p style=\"text-align: justify;\"><strong><u>IMPORTANT\u00a0:<\/u><\/strong> Dans tous les autres cas, le client devra payer les frais de transport en plus du frais de retour de 20%.<\/p>\n<p style=\"text-align: justify;\">5)\u00a0\u00a0\u00a0\u00a0\u00a0\u00a0\u00a0\u00a0 <strong>ERREUR DE LIVRAISON\u00a0<\/strong>: Toute erreur de livraison faite par LEXGOSHOP.COM doit \u00eatre transmise au service \u00e0 la client\u00e8le. Le client re\u00e7oit un num\u00e9ro d\u2019autorisation de retour de marchandises. Dans ce cas, le retour du produit doit s\u2019effectuer dans les cinq (5) jours ouvrables suivants l\u2019attribution du num\u00e9ro de retour.<\/p>\n<p style=\"text-align: justify;\"><strong><u>IMPORTANT\u00a0<\/u><\/strong><u>:<\/u> Une fois que les marchandises retourn\u00e9es auront \u00e9t\u00e9 re\u00e7ues et approuv\u00e9es par le service \u00e0 la client\u00e8le, le remboursement sera accord\u00e9 par le service de la comptabilit\u00e9.<\/p>\n<p style=\"text-align: justify;\">Les articles non utilis\u00e9s peuvent \u00eatre retourn\u00e9s, pour un \u00e9change ou un remboursement, dans les 30 jours suivant leur r\u00e9ception. Communiquez simplement avec nous pour nous faire part des d\u00e9tails de votre situation. (Quel article souhaitez-vous retourner ? Quels sont vos motifs ? Demandez-vous un \u00e9change ou un remboursement ?)<\/p>\n<p style=\"text-align: justify;\">Veuillez prendre note que les frais d\u2019exp\u00e9dition des articles retourn\u00e9s ne seront pas rembours\u00e9s.<\/p>\n<h3 style=\"text-align: center;\"><strong><u>POLIQUE D\u2019ANNULATION\u00a0:<\/u><\/strong><\/h3>\n<p style=\"text-align: justify;\">Une fois qu\u2019une transaction est conclue, il est possible d\u2019obtenir un remboursement de la part de LEXGOSHOP.COM selon les conditions mentionn\u00e9es pr\u00e9c\u00e9demment \u00e0 la section <em>Politique de retour des produits<\/em>. Par exemple, lorsqu\u2019une transaction est annul\u00e9e alors que la commande est en transit (elle a quitt\u00e9 l\u2019entrep\u00f4t de LEXGOSHOP.COM, mais n\u2019est pas arriv\u00e9e chez le client) seulement 80% de la somme d\u00e9bours\u00e9e pour la commande sera rembours\u00e9e. Des frais de retour de 20% sont applicables et les frais d\u2019exp\u00e9dition ne seront pas rembours\u00e9s.<\/p>\n<h3 style=\"text-align: justify;\"><strong>Devises du site<\/strong><\/h3>\n<p>Les visiteurs ayant r\u00e9sidence au Canada verront les prix s&#8217;afficher en dollars canadiens ($CAD). Les visiteurs ayant r\u00e9sidence aux \u00c9tats-Unis ou de l&#8217;internationnal verront les prix s&#8217;afficher en dollars am\u00e9ricains (US$).<\/p>\n<h3 style=\"text-align: justify;\"><strong>Disponibilit\u00e9 du produit<\/strong><\/h3>\n<p style=\"text-align: justify;\">Le site Web affiche tous les produits disponibles pour les commandes par les fournisseurs. Prenez note que les marchandises ne font pas toutes partie des stocks de LEXGOSHOP.COM ni du site Web lui-m\u00eame.<\/p>\n<p style=\"text-align: justify;\">Dans l\u2019\u00e9ventualit\u00e9 o\u00f9 PRODUITS POUR TOITURE FRANSYL LT\u00c9E doit attendre l\u2019arriv\u00e9e d\u2019un produit en raison d\u2019une situation de rupture de stock, vous serez avis\u00e9 de la dur\u00e9e du d\u00e9lai suppl\u00e9mentaire que cela occasionnera par courriel. Si vous ne pouvez attendre l\u2019arriv\u00e9e des marchandises, nous effectuerons un remboursement sur votre carte de cr\u00e9dit. Nous ferons la m\u00eame chose si jamais un produit n\u2019\u00e9tait plus sur le march\u00e9.<\/p>\n<p style=\"text-align: justify;\">PRODUITS POUR TOITURE FRANSYL LT\u00c9E ne peut en aucun cas \u00eatre tenu responsable des dommages que vous pourriez subir en raison d\u2019une situation de rupture de stock.<\/p>\n<p style=\"text-align: justify;\"><strong><u>\u00a0<\/u><\/strong><\/p>\n<p style=\"text-align: justify;\">LEXGOSHOP.COM, propri\u00e9t\u00e9 de PRODUITS POUR TOITURE FRANSYL LT\u00c9E, utilise les renseignements que vous lui envoyez pour vous ouvrir un compte, pour commander les marchandises que vous s\u00e9lectionnez, pour vous faire parvenir des renseignements \u00e0 propos de votre commande, pour cr\u00e9er une facture \u00e0 votre nom ou \u00e0 celle de votre entreprise et, si vous l\u2019autorisez, \u00e0 vous envoyer occasionnellement des informations sur le site Web et ses produits. PRODUITS POUR TOITURE FRANSYL LT\u00c9E vous certifie que vos renseignements personnels demeureront strictement confidentiels, et ce, en tout temps.<\/p>\n<p style=\"text-align: justify;\">En outre, PRODUITS POUR TOITURE FRANSYL LT\u00c9E ne commercialise pas sa liste de clients.<\/p>\n<\/div><div class=\"fusion-clearfix\"><\/div>\n\n\t\t\t\t\t<\/div>\n\t\t\t\t<\/div><div  class=\"fusion-layout-column fusion_builder_column fusion_builder_column_1_6  fusion-one-sixth fusion-column-last 1_6\"  style='margin-top:0px;margin-bottom:20px;width:13.3333%'>\n\t\t\t\t\t<div class=\"fusion-column-wrapper\" style=\"padding: 0px 0px 0px 0px;background-position:left top;background-repeat:no-repeat;-webkit-background-size:cover;-moz-background-size:cover;-o-background-size:cover;background-size:cover;\"  data-bg-url=\"\">\n\t\t\t\t\t\t<div class=\"fusion-clearfix\"><\/div>\n\n\t\t\t\t\t<\/div>\n\t\t\t\t<\/div><\/div><\/div><\/p>\n","protected":false},"excerpt":{"rendered":"","protected":false},"author":1,"featured_media":0,"parent":0,"menu_order":0,"comment_status":"closed","ping_status":"closed","template":"","meta":{"_acf_changed":false,"footnotes":""},"class_list":["post-1349","page","type-page","status-publish","hentry"],"acf":[],"yoast_head":"<!-- This site is optimized with the Yoast SEO plugin v23.8 - https:\/\/yoast.com\/wordpress\/plugins\/seo\/ -->\n<title>Terms &amp; Conditions | LexGoShop<\/title>\n<meta name=\"robots\" content=\"index, follow, max-snippet:-1, max-image-preview:large, max-video-preview:-1\" \/>\n<link rel=\"canonical\" href=\"https:\/\/lexgoshop.com\/fr\/conditions\/\" \/>\n<meta property=\"og:locale\" content=\"fr_FR\" \/>\n<meta property=\"og:type\" content=\"article\" \/>\n<meta property=\"og:title\" content=\"Terms &amp; Conditions | LexGoShop\" \/>\n<meta property=\"og:url\" content=\"https:\/\/lexgoshop.com\/fr\/conditions\/\" \/>\n<meta property=\"og:site_name\" content=\"LexGoShop\" \/>\n<meta property=\"article:modified_time\" content=\"2021-04-08T14:22:13+00:00\" \/>\n<meta name=\"twitter:card\" content=\"summary_large_image\" \/>\n<script type=\"application\/ld+json\" class=\"yoast-schema-graph\">{\"@context\":\"https:\/\/schema.org\",\"@graph\":[{\"@type\":\"WebPage\",\"@id\":\"https:\/\/lexgoshop.com\/fr\/conditions\/\",\"url\":\"https:\/\/lexgoshop.com\/fr\/conditions\/\",\"name\":\"Terms & Conditions | LexGoShop\",\"isPartOf\":{\"@id\":\"https:\/\/lexgoshop.com\/#website\"},\"datePublished\":\"2016-09-14T19:30:31+00:00\",\"dateModified\":\"2021-04-08T14:22:13+00:00\",\"breadcrumb\":{\"@id\":\"https:\/\/lexgoshop.com\/fr\/conditions\/#breadcrumb\"},\"inLanguage\":\"fr-ca\",\"potentialAction\":[{\"@type\":\"ReadAction\",\"target\":[\"https:\/\/lexgoshop.com\/fr\/conditions\/\"]}]},{\"@type\":\"BreadcrumbList\",\"@id\":\"https:\/\/lexgoshop.com\/fr\/conditions\/#breadcrumb\",\"itemListElement\":[{\"@type\":\"ListItem\",\"position\":1,\"name\":\"Home\",\"item\":\"https:\/\/lexgoshop.com\/fr\/accueil-2\/\"},{\"@type\":\"ListItem\",\"position\":2,\"name\":\"Termes et conditions\"}]},{\"@type\":\"WebSite\",\"@id\":\"https:\/\/lexgoshop.com\/#website\",\"url\":\"https:\/\/lexgoshop.com\/\",\"name\":\"LexGoShop\",\"description\":\"Roofing Materials supplier\",\"publisher\":{\"@id\":\"https:\/\/lexgoshop.com\/#organization\"},\"potentialAction\":[{\"@type\":\"SearchAction\",\"target\":{\"@type\":\"EntryPoint\",\"urlTemplate\":\"https:\/\/lexgoshop.com\/?s={search_term_string}\"},\"query-input\":{\"@type\":\"PropertyValueSpecification\",\"valueRequired\":true,\"valueName\":\"search_term_string\"}}],\"inLanguage\":\"fr-ca\"},{\"@type\":\"Organization\",\"@id\":\"https:\/\/lexgoshop.com\/#organization\",\"name\":\"Lexgoshop\",\"url\":\"https:\/\/lexgoshop.com\/\",\"logo\":{\"@type\":\"ImageObject\",\"inLanguage\":\"fr-ca\",\"@id\":\"https:\/\/lexgoshop.com\/#\/schema\/logo\/image\/\",\"url\":\"https:\/\/lexgoshop.com\/wp-content\/uploads\/2016\/09\/login-logo.png\",\"contentUrl\":\"https:\/\/lexgoshop.com\/wp-content\/uploads\/2016\/09\/login-logo.png\",\"width\":315,\"height\":100,\"caption\":\"Lexgoshop\"},\"image\":{\"@id\":\"https:\/\/lexgoshop.com\/#\/schema\/logo\/image\/\"}}]}<\/script>\n<!-- \/ Yoast SEO plugin. -->","yoast_head_json":{"title":"Terms & Conditions | LexGoShop","robots":{"index":"index","follow":"follow","max-snippet":"max-snippet:-1","max-image-preview":"max-image-preview:large","max-video-preview":"max-video-preview:-1"},"canonical":"https:\/\/lexgoshop.com\/fr\/conditions\/","og_locale":"fr_FR","og_type":"article","og_title":"Terms & Conditions | LexGoShop","og_url":"https:\/\/lexgoshop.com\/fr\/conditions\/","og_site_name":"LexGoShop","article_modified_time":"2021-04-08T14:22:13+00:00","twitter_card":"summary_large_image","schema":{"@context":"https:\/\/schema.org","@graph":[{"@type":"WebPage","@id":"https:\/\/lexgoshop.com\/fr\/conditions\/","url":"https:\/\/lexgoshop.com\/fr\/conditions\/","name":"Terms & Conditions | LexGoShop","isPartOf":{"@id":"https:\/\/lexgoshop.com\/#website"},"datePublished":"2016-09-14T19:30:31+00:00","dateModified":"2021-04-08T14:22:13+00:00","breadcrumb":{"@id":"https:\/\/lexgoshop.com\/fr\/conditions\/#breadcrumb"},"inLanguage":"fr-ca","potentialAction":[{"@type":"ReadAction","target":["https:\/\/lexgoshop.com\/fr\/conditions\/"]}]},{"@type":"BreadcrumbList","@id":"https:\/\/lexgoshop.com\/fr\/conditions\/#breadcrumb","itemListElement":[{"@type":"ListItem","position":1,"name":"Home","item":"https:\/\/lexgoshop.com\/fr\/accueil-2\/"},{"@type":"ListItem","position":2,"name":"Termes et conditions"}]},{"@type":"WebSite","@id":"https:\/\/lexgoshop.com\/#website","url":"https:\/\/lexgoshop.com\/","name":"LexGoShop","description":"Roofing Materials supplier","publisher":{"@id":"https:\/\/lexgoshop.com\/#organization"},"potentialAction":[{"@type":"SearchAction","target":{"@type":"EntryPoint","urlTemplate":"https:\/\/lexgoshop.com\/?s={search_term_string}"},"query-input":{"@type":"PropertyValueSpecification","valueRequired":true,"valueName":"search_term_string"}}],"inLanguage":"fr-ca"},{"@type":"Organization","@id":"https:\/\/lexgoshop.com\/#organization","name":"Lexgoshop","url":"https:\/\/lexgoshop.com\/","logo":{"@type":"ImageObject","inLanguage":"fr-ca","@id":"https:\/\/lexgoshop.com\/#\/schema\/logo\/image\/","url":"https:\/\/lexgoshop.com\/wp-content\/uploads\/2016\/09\/login-logo.png","contentUrl":"https:\/\/lexgoshop.com\/wp-content\/uploads\/2016\/09\/login-logo.png","width":315,"height":100,"caption":"Lexgoshop"},"image":{"@id":"https:\/\/lexgoshop.com\/#\/schema\/logo\/image\/"}}]}},"_links":{"self":[{"href":"https:\/\/lexgoshop.com\/fr\/wp-json\/wp\/v2\/pages\/1349"}],"collection":[{"href":"https:\/\/lexgoshop.com\/fr\/wp-json\/wp\/v2\/pages"}],"about":[{"href":"https:\/\/lexgoshop.com\/fr\/wp-json\/wp\/v2\/types\/page"}],"author":[{"embeddable":true,"href":"https:\/\/lexgoshop.com\/fr\/wp-json\/wp\/v2\/users\/1"}],"replies":[{"embeddable":true,"href":"https:\/\/lexgoshop.com\/fr\/wp-json\/wp\/v2\/comments?post=1349"}],"version-history":[{"count":0,"href":"https:\/\/lexgoshop.com\/fr\/wp-json\/wp\/v2\/pages\/1349\/revisions"}],"wp:attachment":[{"href":"https:\/\/lexgoshop.com\/fr\/wp-json\/wp\/v2\/media?parent=1349"}],"curies":[{"name":"wp","href":"https:\/\/api.w.org\/{rel}","templated":true}]}}